{"id":6747,"date":"2025-07-30T08:38:08","date_gmt":"2025-07-30T08:38:08","guid":{"rendered":"https:\/\/lenscare.hu\/?post_type=product&#038;p=6747"},"modified":"2025-09-02T08:23:32","modified_gmt":"2025-09-02T08:23:32","slug":"switch-premier-toric-3-db","status":"publish","type":"product","link":"https:\/\/lenscare.hu\/en\/product\/switch-premier-toric-3-db\/","title":{"rendered":"Switch Premier Toric 3 db"},"content":{"rendered":"<h3>K\u00e9nyelemre tervezve<\/h3>\n<p>A Switch Premier Toric kontaktlencs\u00e9k biztos\u00edtj\u00e1k az \u00e9lesl\u00e1t\u00e1st, \u00e9s az \u00faj Comfilcon A anyagnak \u00e9s az Aquaform technol\u00f3gi\u00e1nak k\u00f6sz\u00f6nhet\u0151en rendk\u00edv\u00fcl magas oxig\u00e9n \u00e1tereszt\u0151 k\u00e9pess\u00e9ggel rendelkeznek. Ezek a kontaktlencs\u00e9k kiterjesztett viseletre is alkalmasak, de ezt az opci\u00f3t mindig j\u00f3v\u00e1 kell hagynia egy szem\u00e9sz specialist\u00e1nak, \u00e9s maximum 30\u00a0napos id\u0151hat\u00e1rral aj\u00e1nlj\u00e1k a viselet\u00fcket.<\/p>","protected":false},"excerpt":{"rendered":"<p>A Switch Premier Toric kontaktlencs\u00e9k az asztigmatizmus korrekci\u00f3j\u00e1ra szolg\u00e1lnak, nappali \u00e9s ak\u00e1r <strong>\u00e9jszakai<\/strong> viseletre .<\/p>","protected":false},"featured_media":4127,"template":"","meta":[],"product_brand":[],"product_cat":[20],"product_tag":[],"class_list":{"0":"post-6747","1":"product","2":"type-product","3":"status-publish","4":"has-post-thumbnail","6":"product_cat-kontaktlencsek","7":"has-post-title","8":"has-post-date","9":"has-post-category","10":"has-post-tag","11":"has-post-comment","12":"has-post-author","13":"","15":"first","16":"instock","17":"taxable","18":"shipping-taxable","19":"purchasable","20":"product-type-variable"},"builder_content":"","_links":{"self":[{"href":"https:\/\/lenscare.hu\/en\/wp-json\/wp\/v2\/product\/6747","targetHints":{"allow":["GET"]}}],"collection":[{"href":"https:\/\/lenscare.hu\/en\/wp-json\/wp\/v2\/product"}],"about":[{"href":"https:\/\/lenscare.hu\/en\/wp-json\/wp\/v2\/types\/product"}],"wp:featuredmedia":[{"embeddable":true,"href":"https:\/\/lenscare.hu\/en\/wp-json\/wp\/v2\/media\/4127"}],"wp:attachment":[{"href":"https:\/\/lenscare.hu\/en\/wp-json\/wp\/v2\/media?parent=6747"}],"wp:term":[{"taxonomy":"product_brand","embeddable":true,"href":"https:\/\/lenscare.hu\/en\/wp-json\/wp\/v2\/product_brand?post=6747"},{"taxonomy":"product_cat","embeddable":true,"href":"https:\/\/lenscare.hu\/en\/wp-json\/wp\/v2\/product_cat?post=6747"},{"taxonomy":"product_tag","embeddable":true,"href":"https:\/\/lenscare.hu\/en\/wp-json\/wp\/v2\/product_tag?post=6747"}],"curies":[{"name":"wp","href":"https:\/\/api.w.org\/{rel}","templated":true}]}}