{"id":6746,"date":"2025-07-30T08:38:08","date_gmt":"2025-07-30T08:38:08","guid":{"rendered":"https:\/\/lenscare.hu\/?post_type=product&#038;p=6746"},"modified":"2025-09-02T08:23:49","modified_gmt":"2025-09-02T08:23:49","slug":"switch-premier-multifocal-3-db","status":"publish","type":"product","link":"https:\/\/lenscare.hu\/en\/product\/switch-premier-multifocal-3-db\/","title":{"rendered":"Switch Premier Multifocal 3 db"},"content":{"rendered":"<p><strong>Eg\u00e9szs\u00e9gesebb lencsevisel\u00e9s<\/strong><\/p>\n<p>A Az egyed\u00fcl\u00e1ll\u00f3 Aquaform\u00ae technol\u00f3gi\u00e1nak k\u00f6sz\u00f6nhet\u0151en a Switch Premier Multifocal lencse magas oxig\u00e9n \u00e1tereszt\u0151 k\u00e9pess\u00e9ggel rendelkezik, mind-e mellett kiv\u00e1l\u00f3 nedvesed\u00e9s\u00e9nek k\u00f6sz\u00f6nhet\u0151en szemsz\u00e1rad\u00e1sra hajlamos v\u00e1s\u00e1rl\u00f3inknak is aj\u00e1nljuk. Kit\u0171n\u0151 l\u00e1t\u00e1st \u00e9lvezhet egy l\u00e1gy \u00e9s k\u00e9nyelmes lencs\u00e9t viselve, amely eg\u00e9szs\u00e9gesebb a szemeinek.<\/p>","protected":false},"excerpt":{"rendered":"<p>A Balanced Progressive\u2122 technol\u00f3gi\u00e1val ell\u00e1tott Switch Premier Multifocal kontaktlencse seg\u00edts\u00e9g\u00e9vel, a meg\u00e9rdemelt k\u00e9nyelem mellett, tiszt\u00e1n l\u00e1that k\u00f6zelre, t\u00e1volra \u00e9s a k\u00f6ztes t\u00e1vols\u00e1gokra is.<\/p>","protected":false},"featured_media":4126,"template":"","meta":[],"product_brand":[],"product_cat":[20],"product_tag":[],"class_list":{"0":"post-6746","1":"product","2":"type-product","3":"status-publish","4":"has-post-thumbnail","6":"product_cat-kontaktlencsek","7":"has-post-title","8":"has-post-date","9":"has-post-category","10":"has-post-tag","11":"has-post-comment","12":"has-post-author","13":"","15":"first","16":"instock","17":"taxable","18":"shipping-taxable","19":"purchasable","20":"product-type-variable"},"builder_content":"","_links":{"self":[{"href":"https:\/\/lenscare.hu\/en\/wp-json\/wp\/v2\/product\/6746","targetHints":{"allow":["GET"]}}],"collection":[{"href":"https:\/\/lenscare.hu\/en\/wp-json\/wp\/v2\/product"}],"about":[{"href":"https:\/\/lenscare.hu\/en\/wp-json\/wp\/v2\/types\/product"}],"wp:featuredmedia":[{"embeddable":true,"href":"https:\/\/lenscare.hu\/en\/wp-json\/wp\/v2\/media\/4126"}],"wp:attachment":[{"href":"https:\/\/lenscare.hu\/en\/wp-json\/wp\/v2\/media?parent=6746"}],"wp:term":[{"taxonomy":"product_brand","embeddable":true,"href":"https:\/\/lenscare.hu\/en\/wp-json\/wp\/v2\/product_brand?post=6746"},{"taxonomy":"product_cat","embeddable":true,"href":"https:\/\/lenscare.hu\/en\/wp-json\/wp\/v2\/product_cat?post=6746"},{"taxonomy":"product_tag","embeddable":true,"href":"https:\/\/lenscare.hu\/en\/wp-json\/wp\/v2\/product_tag?post=6746"}],"curies":[{"name":"wp","href":"https:\/\/api.w.org\/{rel}","templated":true}]}}