{"id":6745,"date":"2025-07-30T08:38:08","date_gmt":"2025-07-30T08:38:08","guid":{"rendered":"https:\/\/lenscare.hu\/?post_type=product&#038;p=6745"},"modified":"2025-09-02T08:24:04","modified_gmt":"2025-09-02T08:24:04","slug":"switch-premier-3-db","status":"publish","type":"product","link":"https:\/\/lenscare.hu\/en\/product\/switch-premier-3-db\/","title":{"rendered":"Switch Premier 3 db"},"content":{"rendered":"<h3>Alkalmas a kiterjesztett viseletre<\/h3>\n<p>A Switch Premier kontaktlencs\u00e9k 30 napos id\u0151hat\u00e1rban maximaliz\u00e1lva alkalmasak a kiterjesztett viseletre. Az orvosa vagy egy szemspecialista j\u00f3v\u00e1hagy\u00e1sa n\u00e9lk\u00fcl a kontaktlencs\u00e9ket ne haszn\u00e1lja ilyen jelleggel.<\/p>\n<h3>A Switch Premier lencs\u00e9k tulajdons\u00e1gai<\/h3>\n<p>A\u00a0lekerek\u00edtett \u00e9l\u0171 kialak\u00edt\u00e1s nagyszer\u0171 \u00e9s k\u00e9nyelmes, emellett cs\u00f6kkenti a sz\u00ednhib\u00e1kat, amik ott jelenhetnek meg, ahol a kontaktlencse hozz\u00e1\u00e9r a szemhez. A\u00a0lencs\u00e9k t\u00f6bbr\u00e9teg\u0171 h\u00e1ts\u00f3 fel\u00fclet-kialak\u00edt\u00e1sa jav\u00edtja \u00e9s eloszlatja a szem felsz\u00edn\u00e9n kialakul\u00f3 nyom\u00e1st, \u00edgy el\u0151seg\u00edtve a k\u00e9nyelmes viseletet.<\/p>","protected":false},"excerpt":{"rendered":"<p>A Switch Premier havi lencs\u00e9k magas v\u00edztartalmuknak \u00e9s oxig\u00e9n\u00e1tereszt\u0151 k\u00e9pess\u00e9g\u00fcknek k\u00f6sz\u00f6nhet\u0151en, orvosi j\u00f3v\u00e1hagy\u00e1ssal <strong>kiterjesztett viseletre<\/strong>\u00a0is alkalmasak.<\/p>","protected":false},"featured_media":4125,"template":"","meta":[],"product_brand":[],"product_cat":[20],"product_tag":[],"class_list":{"0":"post-6745","1":"product","2":"type-product","3":"status-publish","4":"has-post-thumbnail","6":"product_cat-kontaktlencsek","7":"has-post-title","8":"has-post-date","9":"has-post-category","10":"has-post-tag","11":"has-post-comment","12":"has-post-author","13":"","15":"first","16":"instock","17":"taxable","18":"shipping-taxable","19":"purchasable","20":"product-type-variable"},"builder_content":"","_links":{"self":[{"href":"https:\/\/lenscare.hu\/en\/wp-json\/wp\/v2\/product\/6745","targetHints":{"allow":["GET"]}}],"collection":[{"href":"https:\/\/lenscare.hu\/en\/wp-json\/wp\/v2\/product"}],"about":[{"href":"https:\/\/lenscare.hu\/en\/wp-json\/wp\/v2\/types\/product"}],"wp:featuredmedia":[{"embeddable":true,"href":"https:\/\/lenscare.hu\/en\/wp-json\/wp\/v2\/media\/4125"}],"wp:attachment":[{"href":"https:\/\/lenscare.hu\/en\/wp-json\/wp\/v2\/media?parent=6745"}],"wp:term":[{"taxonomy":"product_brand","embeddable":true,"href":"https:\/\/lenscare.hu\/en\/wp-json\/wp\/v2\/product_brand?post=6745"},{"taxonomy":"product_cat","embeddable":true,"href":"https:\/\/lenscare.hu\/en\/wp-json\/wp\/v2\/product_cat?post=6745"},{"taxonomy":"product_tag","embeddable":true,"href":"https:\/\/lenscare.hu\/en\/wp-json\/wp\/v2\/product_tag?post=6745"}],"curies":[{"name":"wp","href":"https:\/\/api.w.org\/{rel}","templated":true}]}}