{"id":6744,"date":"2025-07-30T08:38:08","date_gmt":"2025-07-30T08:38:08","guid":{"rendered":"https:\/\/lenscare.hu\/?post_type=product&#038;p=6744"},"modified":"2025-09-02T08:14:56","modified_gmt":"2025-09-02T08:14:56","slug":"switch-once-toric-30-db","status":"publish","type":"product","link":"https:\/\/lenscare.hu\/en\/product\/switch-once-toric-30-db\/","title":{"rendered":"Switch Once Toric 30 db"},"content":{"rendered":"<h2>Kompromisszumok n\u00e9lk\u00fcl<\/h2>\n<p>A Switch Once Toric egy fejlett szilikon-hidrog\u00e9l anyagb\u00f3l k\u00e9sz\u00fcl, amelyet <strong>Smart Silicone\u2122<\/strong>\u00a0k\u00e9miai kezel\u00e9ssel l\u00e1tnak el. Ez a technol\u00f3gia kik\u00fcsz\u00f6b\u00f6li a kompromisszumok sz\u00fcks\u00e9gess\u00e9g\u00e9t a k\u00e9nyelmet \u00e9s a l\u00e9legz\u0151k\u00e9pess\u00e9get tekintve, mivel\u00a0<strong>cs\u00f6kkenti a lencs\u00e9kben felhaszn\u00e1lt nyers szilikon mennyis\u00e9g\u00e9t, t\u00f6bb helyet hagyva a hidrog\u00e9l sz\u00e1m\u00e1ra<\/strong>. Ennek a technol\u00f3gi\u00e1nak k\u00f6sz\u00f6nhet\u0151en a gy\u00e1rt\u00f3 l\u00e9trehozott egy m\u00e1s eldobhat\u00f3 szilikon-hidrog\u00e9l lencs\u00e9khez k\u00e9pest\u00a0<strong>term\u00e9szetesebb nedves\u00edthet\u0151s\u00e9g\u0171, optim\u00e1lis l\u00e1gys\u00e1g\u00fa \u00e9s rugalmass\u00e1g\u00fa lencs\u00e9t.<\/strong><\/p>\n<p>K\u00f6nny\u0171 kezelhet\u0151s\u00e9ge \u00e9s beilleszt\u00e9se \u00e9rdek\u00e9ben azokat <strong>enyhe, vil\u00e1gosk\u00e9k sz\u00edn\u0171 \u00e1rnyalattal \u00e9s pozicion\u00e1l\u00f3 jellel l\u00e1tj\u00e1k el<\/strong>.<\/p>\n<h3>Fejlett optikai tulajdons\u00e1gok<\/h3>\n<p>A lencse geometri\u00e1j\u00e1t \u00fagy tervezt\u00e9k, hogy visel\u00e9s k\u00f6zben\u00a0<strong>megakad\u00e1\u00adlyozza a szemen t\u00f6rt\u00e9n\u0151 nemk\u00edv\u00e1natos elmozg\u00e1st \u00e9s forg\u00e1st<\/strong>. A stabil illeszked\u00e9s \u00e9s a megfelel\u0151 centr\u00e1ci\u00f3 rendk\u00edv\u00fcl fontos a t\u00f3rikus lencs\u00e9kn\u00e9l a l\u00e1t\u00e1s\u00e9less\u00e9g biztos\u00edt\u00e1sa \u00e9rdek\u00e9ben az\u00a0 <strong>Optimized Toric Lens Geometry\u2122<\/strong> haszn\u00e1lat\u00e1val.<\/p>\n<h3>Megb\u00edzhat\u00f3 UV-v\u00e9delem<\/h3>\n<p>A Switch Once Toric lencs\u00e9k\u00a0<strong>UV-sz\u0171r\u0151vel vannak felszerelve, amely elnyeli az UV-A\u00a0sugarak 85%-\u00e1t \u00e9s az UV-B sugarak 96%-\u00e1t<\/strong>.<\/p>\n<p>Mivel azonban a lencs\u00e9k nem fedik le az eg\u00e9sz szemet, \u00fcgyeljen arra, hogy napf\u00e9nyben a t\u00f3rikus MyDay\u00ae lencs\u00e9ket mindig a kedvenc napszem\u00fcveg\u00e9vel egy\u00fctt haszn\u00e1lja. Ez biztos\u00edtja, hogy a szemei 100%-ban v\u00e9dettek legyenek a k\u00e1ros UV sug\u00e1rz\u00e1st\u00f3l.<\/p>","protected":false},"excerpt":{"rendered":"<p>Egy fejlett szilikon-hidrog\u00e9l anyagb\u00f3l k\u00e9sz\u00fcl, amelyet\u00a0<strong>Smart Silicone\u2122<\/strong> k\u00e9miai kezel\u00e9ssel l\u00e1tnak el. Ez a technol\u00f3gia kik\u00fcsz\u00f6b\u00f6li a kompromisszumok sz\u00fcks\u00e9gess\u00e9g\u00e9t a k\u00e9nyelmet \u00e9s a l\u00e9legz\u0151k\u00e9pess\u00e9get tekintve.<\/p>","protected":false},"featured_media":4124,"template":"","meta":[],"product_brand":[],"product_cat":[20],"product_tag":[],"class_list":{"0":"post-6744","1":"product","2":"type-product","3":"status-publish","4":"has-post-thumbnail","6":"product_cat-kontaktlencsek","7":"has-post-title","8":"has-post-date","9":"has-post-category","10":"has-post-tag","11":"has-post-comment","12":"has-post-author","13":"","15":"first","16":"instock","17":"taxable","18":"shipping-taxable","19":"purchasable","20":"product-type-variable"},"builder_content":"","_links":{"self":[{"href":"https:\/\/lenscare.hu\/en\/wp-json\/wp\/v2\/product\/6744","targetHints":{"allow":["GET"]}}],"collection":[{"href":"https:\/\/lenscare.hu\/en\/wp-json\/wp\/v2\/product"}],"about":[{"href":"https:\/\/lenscare.hu\/en\/wp-json\/wp\/v2\/types\/product"}],"wp:featuredmedia":[{"embeddable":true,"href":"https:\/\/lenscare.hu\/en\/wp-json\/wp\/v2\/media\/4124"}],"wp:attachment":[{"href":"https:\/\/lenscare.hu\/en\/wp-json\/wp\/v2\/media?parent=6744"}],"wp:term":[{"taxonomy":"product_brand","embeddable":true,"href":"https:\/\/lenscare.hu\/en\/wp-json\/wp\/v2\/product_brand?post=6744"},{"taxonomy":"product_cat","embeddable":true,"href":"https:\/\/lenscare.hu\/en\/wp-json\/wp\/v2\/product_cat?post=6744"},{"taxonomy":"product_tag","embeddable":true,"href":"https:\/\/lenscare.hu\/en\/wp-json\/wp\/v2\/product_tag?post=6744"}],"curies":[{"name":"wp","href":"https:\/\/api.w.org\/{rel}","templated":true}]}}