{"id":6742,"date":"2025-07-30T08:38:08","date_gmt":"2025-07-30T08:38:08","guid":{"rendered":"https:\/\/lenscare.hu\/?post_type=product&#038;p=6742"},"modified":"2025-09-02T08:26:41","modified_gmt":"2025-09-02T08:26:41","slug":"switch-once-30-db","status":"publish","type":"product","link":"https:\/\/lenscare.hu\/en\/product\/switch-once-30-db\/","title":{"rendered":"Switch Once 30 db"},"content":{"rendered":"<h3>Smart Silicone\u2122 technol\u00f3gia<\/h3>\n<p>A\u00a0<strong>Smart Silicone\u2122 technol\u00f3gia<\/strong>\u00a0kombin\u00e1lja a tradicion\u00e1lis hidrog\u00e9l \u00e9s a szilikon hidrog\u00e9l anyagokat. A\u00a0kontaktlencse Stenfilcon A\u00a0anyaga a mikroszk\u00f3pikus csatorn\u00e1kon kereszt\u00fcl biztos\u00edtja a szemek sz\u00e1m\u00e1ra sz\u00fcks\u00e9ges mennyis\u00e9g\u0171 oxig\u00e9nt. Az anyag hidrofil alkot\u00f3r\u00e9sze megtartja a kontaktlencs\u00e9k magas v\u00edztartalm\u00e1t.<\/p>","protected":false},"excerpt":{"rendered":"<p>A Switch Once napi kontaktlencse optim\u00e1lis oxig\u00e9n\u00e1tereszt\u0151 k\u00e9pess\u00e9ge miatt a kontaktlencse viselete eg\u00e9szs\u00e9ges \u00e9s k\u00e9nyelmes.<\/p>","protected":false},"featured_media":4122,"template":"","meta":[],"product_brand":[],"product_cat":[20],"product_tag":[],"class_list":{"0":"post-6742","1":"product","2":"type-product","3":"status-publish","4":"has-post-thumbnail","6":"product_cat-kontaktlencsek","7":"has-post-title","8":"has-post-date","9":"has-post-category","10":"has-post-tag","11":"has-post-comment","12":"has-post-author","13":"","15":"first","16":"instock","17":"taxable","18":"shipping-taxable","19":"purchasable","20":"product-type-variable"},"builder_content":"","_links":{"self":[{"href":"https:\/\/lenscare.hu\/en\/wp-json\/wp\/v2\/product\/6742","targetHints":{"allow":["GET"]}}],"collection":[{"href":"https:\/\/lenscare.hu\/en\/wp-json\/wp\/v2\/product"}],"about":[{"href":"https:\/\/lenscare.hu\/en\/wp-json\/wp\/v2\/types\/product"}],"wp:featuredmedia":[{"embeddable":true,"href":"https:\/\/lenscare.hu\/en\/wp-json\/wp\/v2\/media\/4122"}],"wp:attachment":[{"href":"https:\/\/lenscare.hu\/en\/wp-json\/wp\/v2\/media?parent=6742"}],"wp:term":[{"taxonomy":"product_brand","embeddable":true,"href":"https:\/\/lenscare.hu\/en\/wp-json\/wp\/v2\/product_brand?post=6742"},{"taxonomy":"product_cat","embeddable":true,"href":"https:\/\/lenscare.hu\/en\/wp-json\/wp\/v2\/product_cat?post=6742"},{"taxonomy":"product_tag","embeddable":true,"href":"https:\/\/lenscare.hu\/en\/wp-json\/wp\/v2\/product_tag?post=6742"}],"curies":[{"name":"wp","href":"https:\/\/api.w.org\/{rel}","templated":true}]}}