{"id":6739,"date":"2025-07-30T08:38:07","date_gmt":"2025-07-30T08:38:07","guid":{"rendered":"https:\/\/lenscare.hu\/?post_type=product&#038;p=6739"},"modified":"2025-09-02T08:27:34","modified_gmt":"2025-09-02T08:27:34","slug":"switch-joy-1-day-30-db","status":"publish","type":"product","link":"https:\/\/lenscare.hu\/en\/product\/switch-joy-1-day-30-db\/","title":{"rendered":"Switch Joy 1 Day 30 db"},"content":{"rendered":"<h3>Szilikon-hidrog\u00e9l<\/h3>\n<p>A Switch Joy 1 Day Somofilcon A anyagb\u00f3l k\u00e9sz\u00fcl, amely egyfajta szilikon-hidrog\u00e9l. Ez a rendk\u00edv\u00fcl fejlett anyag nagy mennyis\u00e9g\u0171 nedvess\u00e9gtartalmat tart fenn, mik\u00f6zben a szaruh\u00e1rty\u00e1t b\u0151s\u00e9ges oxig\u00e9nnel is ell\u00e1tja. A WetLoc technol\u00f3gia tov\u00e1bb n\u00f6veli a komfort\u00e9rzetet az\u00e1ltal, hogy a nap folyam\u00e1n folyamatosan terjeszti \u00e9s felszabad\u00edtja a be\u00e9p\u00edtett nedvess\u00e9get.<\/p>\n<p>A Pro-Fit Fresh 1 Day lencs\u00e9k be\u00e9p\u00edtett UVA \u00e9s UVB sz\u0171r\u0151vel rendelkeznek. Ne feledje azonban, hogy a kontaktlencs\u00e9k soha nem v\u00e9dik teljes m\u00e9rt\u00e9kben a szem\u00e9t. Csak egy j\u00f3 napszem\u00fcveg k\u00e9pes\u00a0erre.<\/p>","protected":false},"excerpt":{"rendered":"<p>Komfort \u00e9s oxig\u00e9n. Ezeket a lencs\u00e9ket a lehet\u0151 legnagyobb gondoss\u00e1ggal tervezt\u00e9k annak \u00e9rdek\u00e9ben, hogy a szeme eg\u00e9szs\u00e9ges \u00e9s a viselet k\u00e9nyelmes legyen.<\/p>","protected":false},"featured_media":4119,"template":"","meta":[],"product_brand":[],"product_cat":[20],"product_tag":[],"class_list":{"0":"post-6739","1":"product","2":"type-product","3":"status-publish","4":"has-post-thumbnail","6":"product_cat-kontaktlencsek","7":"has-post-title","8":"has-post-date","9":"has-post-category","10":"has-post-tag","11":"has-post-comment","12":"has-post-author","13":"","15":"first","16":"instock","17":"taxable","18":"shipping-taxable","19":"purchasable","20":"product-type-variable"},"builder_content":"","_links":{"self":[{"href":"https:\/\/lenscare.hu\/en\/wp-json\/wp\/v2\/product\/6739","targetHints":{"allow":["GET"]}}],"collection":[{"href":"https:\/\/lenscare.hu\/en\/wp-json\/wp\/v2\/product"}],"about":[{"href":"https:\/\/lenscare.hu\/en\/wp-json\/wp\/v2\/types\/product"}],"wp:featuredmedia":[{"embeddable":true,"href":"https:\/\/lenscare.hu\/en\/wp-json\/wp\/v2\/media\/4119"}],"wp:attachment":[{"href":"https:\/\/lenscare.hu\/en\/wp-json\/wp\/v2\/media?parent=6739"}],"wp:term":[{"taxonomy":"product_brand","embeddable":true,"href":"https:\/\/lenscare.hu\/en\/wp-json\/wp\/v2\/product_brand?post=6739"},{"taxonomy":"product_cat","embeddable":true,"href":"https:\/\/lenscare.hu\/en\/wp-json\/wp\/v2\/product_cat?post=6739"},{"taxonomy":"product_tag","embeddable":true,"href":"https:\/\/lenscare.hu\/en\/wp-json\/wp\/v2\/product_tag?post=6739"}],"curies":[{"name":"wp","href":"https:\/\/api.w.org\/{rel}","templated":true}]}}