{"id":6738,"date":"2025-07-30T08:38:07","date_gmt":"2025-07-30T08:38:07","guid":{"rendered":"https:\/\/lenscare.hu\/?post_type=product&#038;p=6738"},"modified":"2025-09-02T08:27:51","modified_gmt":"2025-09-02T08:27:51","slug":"switch-evolve-toric-6-db","status":"publish","type":"product","link":"https:\/\/lenscare.hu\/en\/product\/switch-evolve-toric-6-db\/","title":{"rendered":"Switch Evolve + Toric 6 db"},"content":{"rendered":"<h3>Clear and comfortable vision<\/h3>\n<p>A Switch Evolve + Toric t\u00f6k\u00e9letes\u00edtett kialak\u00edt\u00e1ssal rendelkezik, amely hat\u00e9konyan korrig\u00e1lja az asztigmatikus hib\u00e1kat, az \u00fagynevezett Optimized Toric Lens Geometry technol\u00f3gia seg\u00edts\u00e9g\u00e9vel. Jobb stabilit\u00e1s \u00e9s cs\u00f6kkentett s\u00farl\u00f3d\u00e1s.<\/p>\n<h3>Kiv\u00e9teles UV-v\u00e9delem<\/h3>\n<p>A CooperVision laborat\u00f3riumok minden Switch Evolve + Toric lencs\u00e9be be\u00e9p\u00edtett\u00e9k az 1-es oszt\u00e1ly\u00fa UV-sz\u0171r\u0151t. Ez a sz\u0171r\u0151 az UVA \u00e9s az UVB sug\u00e1rz\u00e1s 99% -\u00e1nak 90% -\u00e1t blokkolja. Fontos megjegyezni azonban, hogy a kontaktlencse csak a szemgoly\u00f3 egy kis r\u00e9sz\u00e9t fedezi le, ez\u00e9rt napszem\u00fcveggel mindig v\u00e9deni kell a szemet a teljesk\u00f6r\u0171 v\u00e9delem \u00e9rdek\u00e9ben.<\/p>","protected":false},"excerpt":{"rendered":"<p>Ezek az innovat\u00edv havi lencs\u00e9k k\u00fcl\u00f6nleges kialak\u00edt\u00e1ssal rendelkeznek, amely el\u0151seg\u00edti a k\u00e9nyelmet \u00e9s jav\u00edtja a l\u00e1t\u00e1s min\u0151s\u00e9g\u00e9t az asztigmatizmussal rendelkez\u0151k sz\u00e1m\u00e1ra.<\/p>","protected":false},"featured_media":4118,"template":"","meta":[],"product_brand":[],"product_cat":[20],"product_tag":[],"class_list":{"0":"post-6738","1":"product","2":"type-product","3":"status-publish","4":"has-post-thumbnail","6":"product_cat-kontaktlencsek","7":"has-post-title","8":"has-post-date","9":"has-post-category","10":"has-post-tag","11":"has-post-comment","12":"has-post-author","13":"","15":"first","16":"instock","17":"taxable","18":"shipping-taxable","19":"purchasable","20":"product-type-variable"},"builder_content":"","_links":{"self":[{"href":"https:\/\/lenscare.hu\/en\/wp-json\/wp\/v2\/product\/6738","targetHints":{"allow":["GET"]}}],"collection":[{"href":"https:\/\/lenscare.hu\/en\/wp-json\/wp\/v2\/product"}],"about":[{"href":"https:\/\/lenscare.hu\/en\/wp-json\/wp\/v2\/types\/product"}],"wp:featuredmedia":[{"embeddable":true,"href":"https:\/\/lenscare.hu\/en\/wp-json\/wp\/v2\/media\/4118"}],"wp:attachment":[{"href":"https:\/\/lenscare.hu\/en\/wp-json\/wp\/v2\/media?parent=6738"}],"wp:term":[{"taxonomy":"product_brand","embeddable":true,"href":"https:\/\/lenscare.hu\/en\/wp-json\/wp\/v2\/product_brand?post=6738"},{"taxonomy":"product_cat","embeddable":true,"href":"https:\/\/lenscare.hu\/en\/wp-json\/wp\/v2\/product_cat?post=6738"},{"taxonomy":"product_tag","embeddable":true,"href":"https:\/\/lenscare.hu\/en\/wp-json\/wp\/v2\/product_tag?post=6738"}],"curies":[{"name":"wp","href":"https:\/\/api.w.org\/{rel}","templated":true}]}}