{"id":6736,"date":"2025-07-30T08:38:07","date_gmt":"2025-07-30T08:38:07","guid":{"rendered":"https:\/\/lenscare.hu\/?post_type=product&#038;p=6736"},"modified":"2025-07-30T08:38:25","modified_gmt":"2025-07-30T08:38:25","slug":"soflens-multifocal-6-db","status":"publish","type":"product","link":"https:\/\/lenscare.hu\/en\/product\/soflens-multifocal-6-db\/","title":{"rendered":"Soflens Multifocal 6 db"},"content":{"rendered":"<h3>\u00c9les l\u00e1t\u00e1s \u00e9s k\u00e9nyelmes viselet<\/h3>\n<p>A\u00a0SofLens Multifocal lencs\u00e9ket a presbyopia, m\u00e1s n\u00e9ven \u00f6regszem\u0171s\u00e9g korrekci\u00f3j\u00e1ra tervezt\u00e9k. A\u00a0id\u0151 el\u0151rehaladt\u00e1val a l\u00e1t\u00e1s romlik, \u00e9s a t\u00e1voli vagy k\u00f6zeli t\u00e1rgyakra nehezebben fog tudni f\u00f3kusz\u00e1lni.<\/p>\n<h3>\u00c9les l\u00e1t\u00e1s \u00e9s k\u00e9nyelmes viselet<\/h3>\n<p>A SofLens Multi-focal kontaktlencs\u00e9k eg\u00e9sz nap viselhet\u0151ek, de est\u00e9re a lencs\u00e9ket el kell t\u00e1vol\u00edtani, meg kell tiszt\u00edtani \u00e9s \u00e1pol\u00f3szerben kell t\u00e1rolni. A SofLens Multi-focal kontaktlencs\u00e9kn\u00e9l egy speci\u00e1lis \u00e9rt\u00e9ket, param\u00e9tert (ADD power) is meg kell adni. Ez a param\u00e9ter a dioptri\u00e1s korrekci\u00f3 \u00e9rt\u00e9k\u00e9t jel\u00f6li meg.<\/p>","protected":false},"excerpt":{"rendered":"<p>A\u00a0SofLens Multifocal lehet\u0151v\u00e9 teszi, hogy b\u00e1rmilyen t\u00e1vols\u00e1gra meger\u0151ltet\u00e9s n\u00e9lk\u00fcl kiv\u00e1l\u00f3an f\u00f3kusz\u00e1lhasson.\u00daj fejleszt\u00e9s\u0171 kontaktlencse a Bausch &#038; Lomb-t\u00f3l presbyop p\u00e1ciensek sz\u00e1m\u00e1ra.<\/p>","protected":false},"featured_media":6765,"template":"","meta":[],"product_brand":[],"product_cat":[20],"product_tag":[],"class_list":{"0":"post-6736","1":"product","2":"type-product","3":"status-publish","4":"has-post-thumbnail","6":"product_cat-kontaktlencsek","7":"has-post-title","8":"has-post-date","9":"has-post-category","10":"has-post-tag","11":"has-post-comment","12":"has-post-author","13":"","15":"first","16":"instock","17":"taxable","18":"shipping-taxable","19":"purchasable","20":"product-type-variable"},"builder_content":"","_links":{"self":[{"href":"https:\/\/lenscare.hu\/en\/wp-json\/wp\/v2\/product\/6736","targetHints":{"allow":["GET"]}}],"collection":[{"href":"https:\/\/lenscare.hu\/en\/wp-json\/wp\/v2\/product"}],"about":[{"href":"https:\/\/lenscare.hu\/en\/wp-json\/wp\/v2\/types\/product"}],"wp:featuredmedia":[{"embeddable":true,"href":"https:\/\/lenscare.hu\/en\/wp-json\/wp\/v2\/media\/6765"}],"wp:attachment":[{"href":"https:\/\/lenscare.hu\/en\/wp-json\/wp\/v2\/media?parent=6736"}],"wp:term":[{"taxonomy":"product_brand","embeddable":true,"href":"https:\/\/lenscare.hu\/en\/wp-json\/wp\/v2\/product_brand?post=6736"},{"taxonomy":"product_cat","embeddable":true,"href":"https:\/\/lenscare.hu\/en\/wp-json\/wp\/v2\/product_cat?post=6736"},{"taxonomy":"product_tag","embeddable":true,"href":"https:\/\/lenscare.hu\/en\/wp-json\/wp\/v2\/product_tag?post=6736"}],"curies":[{"name":"wp","href":"https:\/\/api.w.org\/{rel}","templated":true}]}}