{"id":6735,"date":"2025-07-30T08:38:07","date_gmt":"2025-07-30T08:38:07","guid":{"rendered":"https:\/\/lenscare.hu\/?post_type=product&#038;p=6735"},"modified":"2025-09-02T08:22:04","modified_gmt":"2025-09-02T08:22:04","slug":"soflens-daily-disposable-90-db","status":"publish","type":"product","link":"https:\/\/lenscare.hu\/en\/product\/soflens-daily-disposable-90-db\/","title":{"rendered":"Soflens Daily Disposable 90 db"},"content":{"rendered":"<p>Eg\u00e9sz napon \u00e1t tart\u00f3 maxim\u00e1lis k\u00e9nyelem. A SofLens Daily Disposable napi felhaszn\u00e1l\u00e1s\u00fa kontaktlencs\u00e9k a Bausch &#038; Lomb kontaktlencse gy\u00e1rt\u00f3 term\u00e9kei. A Soflens Daily Disposable napi hidrog\u00e9l kontaktlencs\u00e9k napi \u00e9s alkalmi viseletre vannak tervezve. A csomag 30 darab lencs\u00e9t tartalmaz. A Hilaficon B anyagnak k\u00f6sz\u00f6nhet\u0151en a term\u00e9k v\u00edztartalma 59%, \u00edgy a kontaktlencs\u00e9k eg\u00e9sz napon \u00e1t k\u00e9nyelmet biztos\u00edtanak visel\u0151j\u00fck sz\u00e1m\u00e1ra.<\/p>","protected":false},"excerpt":{"rendered":"<p>Napi viselet\u0171 magas v\u00edztartalm\u00fa lencse. \u00c9les, tiszta l\u00e1t\u00e1s a High Definition \u2122 Optics rendszer minden dioptriatartom\u00e1nyban korrig\u00e1lja a szf\u00e9rikus torz\u00edt\u00e1st, ez\u00e1ltal \u00e9les l\u00e1t\u00e1st biztos\u00edt, k\u00fcl\u00f6n\u00f6sen rossz f\u00e9nyviszonyok mellett.<\/p>","protected":false},"featured_media":6764,"template":"","meta":[],"product_brand":[],"product_cat":[20],"product_tag":[],"class_list":{"0":"post-6735","1":"product","2":"type-product","3":"status-publish","4":"has-post-thumbnail","6":"product_cat-kontaktlencsek","7":"has-post-title","8":"has-post-date","9":"has-post-category","10":"has-post-tag","11":"has-post-comment","12":"has-post-author","13":"","15":"first","16":"instock","17":"taxable","18":"shipping-taxable","19":"purchasable","20":"product-type-variable"},"builder_content":"","_links":{"self":[{"href":"https:\/\/lenscare.hu\/en\/wp-json\/wp\/v2\/product\/6735","targetHints":{"allow":["GET"]}}],"collection":[{"href":"https:\/\/lenscare.hu\/en\/wp-json\/wp\/v2\/product"}],"about":[{"href":"https:\/\/lenscare.hu\/en\/wp-json\/wp\/v2\/types\/product"}],"wp:featuredmedia":[{"embeddable":true,"href":"https:\/\/lenscare.hu\/en\/wp-json\/wp\/v2\/media\/6764"}],"wp:attachment":[{"href":"https:\/\/lenscare.hu\/en\/wp-json\/wp\/v2\/media?parent=6735"}],"wp:term":[{"taxonomy":"product_brand","embeddable":true,"href":"https:\/\/lenscare.hu\/en\/wp-json\/wp\/v2\/product_brand?post=6735"},{"taxonomy":"product_cat","embeddable":true,"href":"https:\/\/lenscare.hu\/en\/wp-json\/wp\/v2\/product_cat?post=6735"},{"taxonomy":"product_tag","embeddable":true,"href":"https:\/\/lenscare.hu\/en\/wp-json\/wp\/v2\/product_tag?post=6735"}],"curies":[{"name":"wp","href":"https:\/\/api.w.org\/{rel}","templated":true}]}}