{"id":6733,"date":"2025-07-30T08:38:07","date_gmt":"2025-07-30T08:38:07","guid":{"rendered":"https:\/\/lenscare.hu\/?post_type=product&#038;p=6733"},"modified":"2025-09-02T08:22:35","modified_gmt":"2025-09-02T08:22:35","slug":"soflens-66-toric-6-db","status":"publish","type":"product","link":"https:\/\/lenscare.hu\/en\/product\/soflens-66-toric-6-db\/","title":{"rendered":"Soflens 66 Toric 6 db"},"content":{"rendered":"<h3>Eg\u00e9sz napos k\u00e9nyelem<\/h3>\n<p>A SofLens Toric lencs\u00e9k sz\u00e9leinek v\u00e9kony kialak\u00edt\u00e1sa miatt garant\u00e1lt az \u00e9lesl\u00e1t\u00e1s \u00e9s a k\u00e9nyelem. A SofLens Toric kontaktlencs\u00e9k Soflens for Astigmatism megnevez\u00e9ssel is el\u0151fordulnak.<\/p>\n<h3>Lo-Torque design<\/h3>\n<p>A\u00a0szabadalmaztatott Lo-Torque kivitel a SofLens Toric kontaktlencs\u00e9ket visel\u00e9s k\u00f6zben stabilan tartja, a fejlett optika pedig korrig\u00e1lja az astigmatizmust az\u00e1ltal, hogy a f\u00e9nyt egyetlen pontra \u00f6sszpontos\u00edtja a tiszta l\u00e1t\u00e1s biztos\u00edt\u00e1sa \u00e9rdek\u00e9ben.<\/p>","protected":false},"excerpt":{"rendered":"<p>A\u00a0<strong>SofLens Toric<\/strong> kontaktlencs\u00e9k az asztigmatizmus korrekci\u00f3j\u00e1ra vannak tervezve. A SofLens Toric kontaktlencs\u00e9k napi lencs\u00e9k 30 napos csere \u00fctemez\u00e9ssel.<\/p>","protected":false},"featured_media":6762,"template":"","meta":[],"product_brand":[],"product_cat":[20],"product_tag":[],"class_list":{"0":"post-6733","1":"product","2":"type-product","3":"status-publish","4":"has-post-thumbnail","6":"product_cat-kontaktlencsek","7":"has-post-title","8":"has-post-date","9":"has-post-category","10":"has-post-tag","11":"has-post-comment","12":"has-post-author","13":"","15":"first","16":"instock","17":"taxable","18":"shipping-taxable","19":"purchasable","20":"product-type-variable"},"builder_content":"","_links":{"self":[{"href":"https:\/\/lenscare.hu\/en\/wp-json\/wp\/v2\/product\/6733","targetHints":{"allow":["GET"]}}],"collection":[{"href":"https:\/\/lenscare.hu\/en\/wp-json\/wp\/v2\/product"}],"about":[{"href":"https:\/\/lenscare.hu\/en\/wp-json\/wp\/v2\/types\/product"}],"wp:featuredmedia":[{"embeddable":true,"href":"https:\/\/lenscare.hu\/en\/wp-json\/wp\/v2\/media\/6762"}],"wp:attachment":[{"href":"https:\/\/lenscare.hu\/en\/wp-json\/wp\/v2\/media?parent=6733"}],"wp:term":[{"taxonomy":"product_brand","embeddable":true,"href":"https:\/\/lenscare.hu\/en\/wp-json\/wp\/v2\/product_brand?post=6733"},{"taxonomy":"product_cat","embeddable":true,"href":"https:\/\/lenscare.hu\/en\/wp-json\/wp\/v2\/product_cat?post=6733"},{"taxonomy":"product_tag","embeddable":true,"href":"https:\/\/lenscare.hu\/en\/wp-json\/wp\/v2\/product_tag?post=6733"}],"curies":[{"name":"wp","href":"https:\/\/api.w.org\/{rel}","templated":true}]}}