{"id":6732,"date":"2025-07-30T08:38:07","date_gmt":"2025-07-30T08:38:07","guid":{"rendered":"https:\/\/lenscare.hu\/?post_type=product&#038;p=6732"},"modified":"2025-09-02T08:21:32","modified_gmt":"2025-09-02T08:21:32","slug":"soflens-59-6-db","status":"publish","type":"product","link":"https:\/\/lenscare.hu\/en\/product\/soflens-59-6-db\/","title":{"rendered":"Soflens 59 6 db"},"content":{"rendered":"<p>A\u00a0<strong>SofLens 59<\/strong> kontaktlencse egy hidrog\u00e9l kontaktlencse napi viseletre tervezve, havi csere\u00fctemtervvel. Feh\u00e9rje-ellen\u00e1ll\u00f3 anyagb\u00f3l k\u00e9sz\u00fcl, amely kiv\u00e1l\u00f3 k\u00e9nyelmet \u00e9s \u00e9les l\u00e1t\u00e1st biztos\u00edt. A SofLens 59 59% -os v\u00edztartalommal rendelkezik a maxim\u00e1lis k\u00e9nyelem \u00e9rdek\u00e9ben. A Soflens 59 kontaktlencs\u00e9k hidrog\u00e9l anyagb\u00f3l k\u00e9sz\u00fclnek (Hilafilcon B), amely lehet\u0151v\u00e9 teszi nagy mennyis\u00e9g\u0171 v\u00edz megtart\u00e1s\u00e1t. A lencs\u00e9k elegend\u0151 nedvess\u00e9gtarta\u00adlommal rendelkeznek ahhoz, hogy ellen\u00e1lljanak a szennyez\u0151d\u00e9sek \u00e9s a lerak\u00f3d\u00e1sok felhalmoz\u00f3d\u00e1s\u00e1nak. Ez a csomag 6 db lencs\u00e9t tartalmaz.<\/p>","protected":false},"excerpt":{"rendered":"<p>Hidrog\u00e9l kontaktlencse \u2013 amelynek gy\u00e1rt\u00f3ja a Bausch &#038; Lomb \u2013 magas v\u00edztartalm\u00fa a k\u00e9nyelmes viselet \u00e9rdek\u00e9ben. Kezd\u0151knek is ide\u00e1lis lehet.<\/p>","protected":false},"featured_media":6761,"template":"","meta":[],"product_brand":[],"product_cat":[20],"product_tag":[],"class_list":{"0":"post-6732","1":"product","2":"type-product","3":"status-publish","4":"has-post-thumbnail","6":"product_cat-kontaktlencsek","7":"has-post-title","8":"has-post-date","9":"has-post-category","10":"has-post-tag","11":"has-post-comment","12":"has-post-author","13":"","15":"first","16":"instock","17":"taxable","18":"shipping-taxable","19":"purchasable","20":"product-type-variable"},"builder_content":"","_links":{"self":[{"href":"https:\/\/lenscare.hu\/en\/wp-json\/wp\/v2\/product\/6732","targetHints":{"allow":["GET"]}}],"collection":[{"href":"https:\/\/lenscare.hu\/en\/wp-json\/wp\/v2\/product"}],"about":[{"href":"https:\/\/lenscare.hu\/en\/wp-json\/wp\/v2\/types\/product"}],"wp:featuredmedia":[{"embeddable":true,"href":"https:\/\/lenscare.hu\/en\/wp-json\/wp\/v2\/media\/6761"}],"wp:attachment":[{"href":"https:\/\/lenscare.hu\/en\/wp-json\/wp\/v2\/media?parent=6732"}],"wp:term":[{"taxonomy":"product_brand","embeddable":true,"href":"https:\/\/lenscare.hu\/en\/wp-json\/wp\/v2\/product_brand?post=6732"},{"taxonomy":"product_cat","embeddable":true,"href":"https:\/\/lenscare.hu\/en\/wp-json\/wp\/v2\/product_cat?post=6732"},{"taxonomy":"product_tag","embeddable":true,"href":"https:\/\/lenscare.hu\/en\/wp-json\/wp\/v2\/product_tag?post=6732"}],"curies":[{"name":"wp","href":"https:\/\/api.w.org\/{rel}","templated":true}]}}