{"id":6726,"date":"2025-07-30T08:37:58","date_gmt":"2025-07-30T08:37:58","guid":{"rendered":"https:\/\/lenscare.hu\/?post_type=product&#038;p=6726"},"modified":"2025-09-02T08:20:41","modified_gmt":"2025-09-02T08:20:41","slug":"purevision-2-hd-6-db","status":"publish","type":"product","link":"https:\/\/lenscare.hu\/en\/product\/purevision-2-hd-6-db\/","title":{"rendered":"Purevision 2 HD 6 db"},"content":{"rendered":"<p>A\u00a0PureVision 2\u00a0kontaktlencs\u00e9k a\u00a0<strong>ComfortMoist<\/strong>\u00a0technol\u00f3gi\u00e1nak k\u00f6sz\u00f6nhet\u0151en a legv\u00e9konyabb lencs\u00e9k k\u00f6z\u00e9 tartoznak. Ez a technol\u00f3gia gazdagon benedves\u00edti a kontaktlencs\u00e9k fel\u00fclet\u00e9t, \u00e9s \u00edgy eg\u00e9sz napon \u00e1t tart\u00f3 k\u00e9nyelmet biztos\u00edt. A\u00a0lencs\u00e9k k\u00f6nny\u0171 kezelhet\u0151s\u00e9ge szint\u00e9n jellemz\u0151 tulajdons\u00e1ga a PureVision 2\u00a0kontaktlencs\u00e9k\u00adnek.<\/p>\n<p>A\u00a0PureVision 2\u00a0kontaktlencs\u00e9knek k\u00e9t fajt\u00e1j\u00e1t forgalmazz\u00e1k\u00a0\u2013 az egyiken fel van t\u00fcntetve a HD jelz\u00e9s (a term\u00e9k doboz\u00e1nak jobb als\u00f3 sark\u00e1ban), a m\u00e1sikon nincs felt\u00fcntetve a HD jelz\u00e9s. Mindk\u00e9t v\u00e1ltozatban azonos kontaktlencs\u00e9k tal\u00e1lhat\u00f3ak, a k\u00fcl\u00f6nbs\u00e9g csup\u00e1n a csomagol\u00e1s.<\/p>","protected":false},"excerpt":{"rendered":"<p>A\u00a0<strong>PureVision 2<\/strong> szilikon hidrog\u00e9l kontaktlencs\u00e9k a kontraszt\u00e9rz\u00e9\u00adkenys\u00e9g hi\u00e1ny\u00e1ban szenved\u0151k sz\u00e1m\u00e1ra vannak kifejlesztve. Ezek a kontaktlencs\u00e9k k\u00fcl\u00f6n\u00f6sen sof\u0151r\u00f6knek, di\u00e1koknak \u00e9s sportol\u00f3knak el\u0151ny\u00f6s.<\/p>","protected":false},"featured_media":6730,"template":"","meta":[],"product_brand":[],"product_cat":[20],"product_tag":[],"class_list":{"0":"post-6726","1":"product","2":"type-product","3":"status-publish","4":"has-post-thumbnail","6":"product_cat-kontaktlencsek","7":"has-post-title","8":"has-post-date","9":"has-post-category","10":"has-post-tag","11":"has-post-comment","12":"has-post-author","13":"","15":"first","16":"instock","17":"taxable","18":"shipping-taxable","19":"purchasable","20":"product-type-variable"},"builder_content":"","_links":{"self":[{"href":"https:\/\/lenscare.hu\/en\/wp-json\/wp\/v2\/product\/6726","targetHints":{"allow":["GET"]}}],"collection":[{"href":"https:\/\/lenscare.hu\/en\/wp-json\/wp\/v2\/product"}],"about":[{"href":"https:\/\/lenscare.hu\/en\/wp-json\/wp\/v2\/types\/product"}],"wp:featuredmedia":[{"embeddable":true,"href":"https:\/\/lenscare.hu\/en\/wp-json\/wp\/v2\/media\/6730"}],"wp:attachment":[{"href":"https:\/\/lenscare.hu\/en\/wp-json\/wp\/v2\/media?parent=6726"}],"wp:term":[{"taxonomy":"product_brand","embeddable":true,"href":"https:\/\/lenscare.hu\/en\/wp-json\/wp\/v2\/product_brand?post=6726"},{"taxonomy":"product_cat","embeddable":true,"href":"https:\/\/lenscare.hu\/en\/wp-json\/wp\/v2\/product_cat?post=6726"},{"taxonomy":"product_tag","embeddable":true,"href":"https:\/\/lenscare.hu\/en\/wp-json\/wp\/v2\/product_tag?post=6726"}],"curies":[{"name":"wp","href":"https:\/\/api.w.org\/{rel}","templated":true}]}}