{"id":6724,"date":"2025-07-30T08:37:58","date_gmt":"2025-07-30T08:37:58","guid":{"rendered":"https:\/\/lenscare.hu\/?post_type=product&#038;p=6724"},"modified":"2025-07-30T08:38:25","modified_gmt":"2025-07-30T08:38:25","slug":"proclear-toric-6-db","status":"publish","type":"product","link":"https:\/\/lenscare.hu\/en\/product\/proclear-toric-6-db\/","title":{"rendered":"Proclear Toric 6 db"},"content":{"rendered":"<h3>Kontaktlencse a sz\u00e1raz szem szindr\u00f3ma ellen<\/h3>\n<p>A\u00a0szabadalmaztatott PC technol\u00f3gi\u00e1nak k\u00f6sz\u00f6nhet\u0151en garant\u00e1lt az eg\u00e9sz napos k\u00e9nyelmes kontaktlencse viselet, \u00e9s az \u00e9les l\u00e1t\u00e1sk\u00e9p. A\u00a0lencs\u00e9k anyag\u00e1nak \u00f6sszet\u00e9tele kedvez a sz\u00e1raz szem szindr\u00f3m\u00e1ban szenved\u0151knek, mert a Proclear Toric kontaktlencs\u00e9nek a t\u00f6bbi l\u00e1gy kontaktlencs\u00e9hez viszony\u00edtva h\u00e1romszor nagyobb a v\u00edzmegtart\u00f3 k\u00e9pess\u00e9ge. A\u00a0v\u00edzmolekul\u00e1k a Proclear Toric lencs\u00e9k r\u00e9sz\u00e9v\u00e9 v\u00e1lnak, \u00edgy term\u00e9szetes v\u00e9delmet hoznak l\u00e9tre a sz\u00e1razs\u00e1ggal szemben.<\/p>","protected":false},"excerpt":{"rendered":"<p>L\u00e1gy t\u00f3rikus havi kontaktlencse, amely korrig\u00e1lja az el\u0151rehaladott asztigmatizmust.<\/p>","protected":false},"featured_media":4098,"template":"","meta":[],"product_brand":[],"product_cat":[20],"product_tag":[],"class_list":{"0":"post-6724","1":"product","2":"type-product","3":"status-publish","4":"has-post-thumbnail","6":"product_cat-kontaktlencsek","7":"has-post-title","8":"has-post-date","9":"has-post-category","10":"has-post-tag","11":"has-post-comment","12":"has-post-author","13":"","15":"first","16":"instock","17":"taxable","18":"shipping-taxable","19":"purchasable","20":"product-type-variable"},"builder_content":"","_links":{"self":[{"href":"https:\/\/lenscare.hu\/en\/wp-json\/wp\/v2\/product\/6724","targetHints":{"allow":["GET"]}}],"collection":[{"href":"https:\/\/lenscare.hu\/en\/wp-json\/wp\/v2\/product"}],"about":[{"href":"https:\/\/lenscare.hu\/en\/wp-json\/wp\/v2\/types\/product"}],"wp:featuredmedia":[{"embeddable":true,"href":"https:\/\/lenscare.hu\/en\/wp-json\/wp\/v2\/media\/4098"}],"wp:attachment":[{"href":"https:\/\/lenscare.hu\/en\/wp-json\/wp\/v2\/media?parent=6724"}],"wp:term":[{"taxonomy":"product_brand","embeddable":true,"href":"https:\/\/lenscare.hu\/en\/wp-json\/wp\/v2\/product_brand?post=6724"},{"taxonomy":"product_cat","embeddable":true,"href":"https:\/\/lenscare.hu\/en\/wp-json\/wp\/v2\/product_cat?post=6724"},{"taxonomy":"product_tag","embeddable":true,"href":"https:\/\/lenscare.hu\/en\/wp-json\/wp\/v2\/product_tag?post=6724"}],"curies":[{"name":"wp","href":"https:\/\/api.w.org\/{rel}","templated":true}]}}