{"id":6721,"date":"2025-07-30T08:37:58","date_gmt":"2025-07-30T08:37:58","guid":{"rendered":"https:\/\/lenscare.hu\/?post_type=product&#038;p=6721"},"modified":"2025-09-02T09:31:59","modified_gmt":"2025-09-02T09:31:59","slug":"proclear-multifocal-3-db","status":"publish","type":"product","link":"https:\/\/lenscare.hu\/en\/product\/proclear-multifocal-3-db\/","title":{"rendered":"Proclear Multifocal 3 db"},"content":{"rendered":"<h2>Proclear Multifocal kontaktlencs\u00e9k<\/h2>\n<p>Egy kontaktlencse, amely eg\u00e9sz nap k\u00e9nyelmes marad!<\/p>\n<p>A Proclear term\u00e9kcsal\u00e1d az egyedi PC Technology\u2122-nak k\u00f6sz\u00f6nhet\u0151en eg\u00e9sz nap komfortos \u00e9rz\u00e9st biztos\u00edt. T\u00f6k\u00e9letesen illeszkedik a szemre. A kutat\u00e1sok alapj\u00e1n a Proclear term\u00e9kcsal\u00e1d k\u00e9nyelmesebbnek bizonyult a legt\u00f6bb szilikon-hidrog\u00e9l lencs\u00e9n\u00e9l.<\/p>\n<p>A Proclear Multifocal k\u00fcl\u00f6nleges kialak\u00edt\u00e1sa egyszerre ad megold\u00e1st a r\u00f6vidl\u00e1t\u00e1s, illetve t\u00e1voll\u00e1t\u00e1s probl\u00e9m\u00e1j\u00e1ra. A Proclear Multifocal multifok\u00e1lis lencse egyedi kialak\u00edt\u00e1sa teszi lehet\u0151v\u00e9, hogy k\u00f6zelre \u00e9s t\u00e1volra is \u00e9lesen l\u00e1sson. A hom\u00e1lyos foltok, amiket variof\u00f3kuszos szem\u00fcveg visel\u00e9se k\u00f6zben tapasztalt egyszer\u0171en megsz\u0171nnek a Proclear Multifocal visel\u00e9s\u00e9vel.<\/p>\n<p><strong>Egyedi tulajdons\u00e1g<\/strong><\/p>\n<p>Egyes\u00edti a CooperVision PC Technology\u2122 \u00e9s a Balanced Progressive\u2122 technol\u00f3gi\u00e1t.<\/p>\n<p><strong>El\u0151ny\u00f6k<\/strong><\/p>\n<ul>\n<li>Egyszer\u0171 illeszt\u00e9si elj\u00e1r\u00e1s.<\/li>\n<li>A Balanced Progressive\u2122 technol\u00f3gia maximaliz\u00e1lja a binokul\u00e1ris l\u00e1t\u00e1s\u00e9less\u00e9get minden t\u00e1vols\u00e1gra \u2013 k\u00f6zelre, t\u00e1volra \u00e9s a k\u00f6ztes z\u00f3n\u00e1ra.<\/li>\n<li>A PC Technology\u2122 biztos\u00edtja az eg\u00e9sz napos k\u00e9nyelmet.<\/li>\n<\/ul>\n<p>Megjegyz\u00e9s: NEM aj\u00e1nlott multifok\u00e1lis lencs\u00e9t v\u00e1s\u00e1rolni szem\u00e9szeti szakember el\u0151zetes t\u00e1j\u00e9koztat\u00e1sa n\u00e9lk\u00fcl.<\/p>","protected":false},"excerpt":{"rendered":"<p>Egy kontaktlencse, amely eg\u00e9sz nap k\u00e9nyelmes marad! A Proclear term\u00e9kcsal\u00e1d az egyedi PC Technology\u2122-nak k\u00f6sz\u00f6nhet\u0151en eg\u00e9sz nap komfortos \u00e9rz\u00e9st biztos\u00edt. T\u00f6k\u00e9letesen illeszkedik a szemre.<\/p>","protected":false},"featured_media":4095,"template":"","meta":[],"product_brand":[],"product_cat":[20],"product_tag":[],"class_list":{"0":"post-6721","1":"product","2":"type-product","3":"status-publish","4":"has-post-thumbnail","6":"product_cat-kontaktlencsek","7":"has-post-title","8":"has-post-date","9":"has-post-category","10":"has-post-tag","11":"has-post-comment","12":"has-post-author","13":"","15":"first","16":"instock","17":"taxable","18":"shipping-taxable","19":"purchasable","20":"product-type-variable"},"builder_content":"","_links":{"self":[{"href":"https:\/\/lenscare.hu\/en\/wp-json\/wp\/v2\/product\/6721","targetHints":{"allow":["GET"]}}],"collection":[{"href":"https:\/\/lenscare.hu\/en\/wp-json\/wp\/v2\/product"}],"about":[{"href":"https:\/\/lenscare.hu\/en\/wp-json\/wp\/v2\/types\/product"}],"wp:featuredmedia":[{"embeddable":true,"href":"https:\/\/lenscare.hu\/en\/wp-json\/wp\/v2\/media\/4095"}],"wp:attachment":[{"href":"https:\/\/lenscare.hu\/en\/wp-json\/wp\/v2\/media?parent=6721"}],"wp:term":[{"taxonomy":"product_brand","embeddable":true,"href":"https:\/\/lenscare.hu\/en\/wp-json\/wp\/v2\/product_brand?post=6721"},{"taxonomy":"product_cat","embeddable":true,"href":"https:\/\/lenscare.hu\/en\/wp-json\/wp\/v2\/product_cat?post=6721"},{"taxonomy":"product_tag","embeddable":true,"href":"https:\/\/lenscare.hu\/en\/wp-json\/wp\/v2\/product_tag?post=6721"}],"curies":[{"name":"wp","href":"https:\/\/api.w.org\/{rel}","templated":true}]}}