{"id":6710,"date":"2025-07-30T08:37:58","date_gmt":"2025-07-30T08:37:58","guid":{"rendered":"https:\/\/lenscare.hu\/?post_type=product&#038;p=6710"},"modified":"2025-09-02T08:10:05","modified_gmt":"2025-09-02T08:10:05","slug":"dailies-aquacomfort-plus-multifocal-30-db","status":"publish","type":"product","link":"https:\/\/lenscare.hu\/en\/product\/dailies-aquacomfort-plus-multifocal-30-db\/","title":{"rendered":"Dailies AquaComfort Plus Multifocal 30 db"},"content":{"rendered":"<h3>Prec\u00edzi\u00f3s profil kialak\u00edt\u00e1sa<\/h3>\n<p>A\u00a0prec\u00edzi\u00f3s profil technol\u00f3gia kialak\u00edt\u00e1sa a koncentrikus optikai z\u00f3n\u00e1k k\u00f6zti \u00e1tmenet elv\u00e9n alapul. A\u00a0kontaktlencse k\u00f6z\u00e9ps\u0151 r\u00e9sze \u00fagy van kialak\u00edtva, hogy k\u00f6zeli t\u00e1vols\u00e1gra l\u00e1sson j\u00f3l, \u00e9s a lencse sz\u00e9lei fel\u00e9 haladva folyamatosan a t\u00e1voli pontok fel\u00e9 biztos\u00edtson j\u00f3 l\u00e1t\u00e1sk\u00e9pet. L\u00e1t\u00f3szerv\u00fcnk term\u00e9szetes k\u00e9pess\u00e9ge, hogy a szem a kontaktlencs\u00e9k megfelel\u0151 z\u00f3n\u00e1ira f\u00f3kusz\u00e1lva a sz\u00fcks\u00e9ges t\u00e1vols\u00e1gon megfelel\u0151 vizu\u00e1lis eredm\u00e9nyt \u00e9s tiszta l\u00e1t\u00e1sk\u00e9pet \u00e9r\u00a0el.<\/p>\n<h3>Kiv\u00e1l\u00f3 nedves\u00edt\u0151 k\u00e9pess\u00e9g \u00e9s k\u00e9nyelem<\/h3>\n<p>Az els\u0151 \u00f6sszetev\u0151 egy\u00a0<strong>nedves\u00edt\u0151 anyag<\/strong>\u00a0(HPMC), ami a lencse beilleszt\u00e9s ut\u00e1n azonnal m\u0171k\u00f6dni kezd. A\u00a0m\u00e1sodik \u00f6sszetev\u0151 k\u00e9t anyagb\u00f3l \u00e1ll, a nedves\u00edt\u0151\u00a0<strong>PVA<\/strong>\u00a0(polyvinyl alcohol) \u00e9s a hidrofil\u00a0<strong>PEG<\/strong>\u00a0(polyethylene glycol) anyagokb\u00f3l. A\u00a0PVA anyag minden pislog\u00e1ssal felker\u00fcl \u00e9s sz\u00e9toszlik a szem fel\u00fclet\u00e9n. Egy ember naponta \u00e1tlagosan 11000-szer pislog!<\/p>","protected":false},"excerpt":{"rendered":"<p>Prec\u00edzi\u00f3s profil kialak\u00edt\u00e1sa A\u00a0prec\u00edzi\u00f3s profil technol\u00f3gia kialak\u00edt\u00e1sa a koncentrikus optikai z\u00f3n\u00e1k k\u00f6zti \u00e1tmenet elv\u00e9n alapul. A\u00a0kontaktlencse k\u00f6z\u00e9ps\u0151 r\u00e9sze \u00fagy van kialak\u00edtva, hogy k\u00f6zeli t\u00e1vols\u00e1gra l\u00e1sson j\u00f3l, \u00e9s a lencse sz\u00e9lei fel\u00e9 haladva folyamatosan a t\u00e1voli pontok fel\u00e9 biztos\u00edtson j\u00f3 l\u00e1t\u00e1sk\u00e9pet. L\u00e1t\u00f3szerv\u00fcnk term\u00e9szetes k\u00e9pess\u00e9ge, hogy a szem a kontaktlencs\u00e9k megfelel\u0151 z\u00f3n\u00e1ira f\u00f3kusz\u00e1lva a sz\u00fcks\u00e9ges t\u00e1vols\u00e1gon megfelel\u0151 [&hellip;]<\/p>","protected":false},"featured_media":4084,"template":"","meta":[],"product_brand":[],"product_cat":[20],"product_tag":[],"class_list":{"0":"post-6710","1":"product","2":"type-product","3":"status-publish","4":"has-post-thumbnail","6":"product_cat-kontaktlencsek","7":"has-post-title","8":"has-post-date","9":"has-post-category","10":"has-post-tag","11":"has-post-comment","12":"has-post-author","13":"","15":"first","16":"instock","17":"taxable","18":"shipping-taxable","19":"purchasable","20":"product-type-variable"},"builder_content":"","_links":{"self":[{"href":"https:\/\/lenscare.hu\/en\/wp-json\/wp\/v2\/product\/6710","targetHints":{"allow":["GET"]}}],"collection":[{"href":"https:\/\/lenscare.hu\/en\/wp-json\/wp\/v2\/product"}],"about":[{"href":"https:\/\/lenscare.hu\/en\/wp-json\/wp\/v2\/types\/product"}],"wp:featuredmedia":[{"embeddable":true,"href":"https:\/\/lenscare.hu\/en\/wp-json\/wp\/v2\/media\/4084"}],"wp:attachment":[{"href":"https:\/\/lenscare.hu\/en\/wp-json\/wp\/v2\/media?parent=6710"}],"wp:term":[{"taxonomy":"product_brand","embeddable":true,"href":"https:\/\/lenscare.hu\/en\/wp-json\/wp\/v2\/product_brand?post=6710"},{"taxonomy":"product_cat","embeddable":true,"href":"https:\/\/lenscare.hu\/en\/wp-json\/wp\/v2\/product_cat?post=6710"},{"taxonomy":"product_tag","embeddable":true,"href":"https:\/\/lenscare.hu\/en\/wp-json\/wp\/v2\/product_tag?post=6710"}],"curies":[{"name":"wp","href":"https:\/\/api.w.org\/{rel}","templated":true}]}}