{"id":6701,"date":"2025-07-30T08:37:57","date_gmt":"2025-07-30T08:37:57","guid":{"rendered":"https:\/\/lenscare.hu\/?post_type=product&#038;p=6701"},"modified":"2025-09-02T08:06:05","modified_gmt":"2025-09-02T08:06:05","slug":"biomedics-toric-3-db","status":"publish","type":"product","link":"https:\/\/lenscare.hu\/en\/product\/biomedics-toric-3-db\/","title":{"rendered":"Biomedics Toric 3 db"},"content":{"rendered":"<p>A CooperVision Biomedics\u00ae Toric lencs\u00e9k jellemz\u0151i egy\u00fcttesen biztos\u00edtanak kiv\u00e1l\u00f3 stabilit\u00e1st, k\u00e9nyelmet, valamint \u00e9les \u00e9s tiszta l\u00e1t\u00e1st az asztigmi\u00e1s betegeinek.<br \/>\nA Biomedics Toric fejlett t\u00f3rikus kialak\u00edt\u00e1sa a legsz\u00e9lesebb prizma ballaszts\u00e1vval biztos\u00edtja a kiv\u00e9teles rot\u00e1ci\u00f3s stabilit\u00e1st \u00e9s elhelyezked\u00e9st. Egys\u00e9ges v\u00edzszintes ballasztvastags\u00e1ga cs\u00f6kkenti a lencse \u00e9s a szemh\u00e9j \u00e9rintkez\u00e9s\u00e9t, hogy a lencse stabilabban \u00fclj\u00f6n a szemen. A sima \u00e9s egyenletes \u2013 illeszt\u00e9smentes \u2013 fel\u00fclet pedig nagyobb k\u00e9nyelmet ny\u00fajt a betegeknek.<br \/>\nA Biomedics Toric lencs\u00e9k ezenk\u00edv\u00fcl az orvosi sz\u00e9kben elt\u00f6lt\u00f6tt id\u0151t is cs\u00f6kkentik, mivel nagyobb es\u00e9llyel sikeres az els\u0151 illeszt\u00e9s\u00fck. Ez pedig a betegeknek \u00e9s a szem\u00e9szeknek egyar\u00e1nt hasznos.<\/p>","protected":false},"excerpt":{"rendered":"<p>A CooperVision Biomedics\u00ae Toric lencs\u00e9k jellemz\u0151i egy\u00fcttesen biztos\u00edtanak kiv\u00e1l\u00f3 stabilit\u00e1st, k\u00e9nyelmet, valamint \u00e9les \u00e9s tiszta l\u00e1t\u00e1st az asztigmi\u00e1s betegeinek. A Biomedics Toric fejlett t\u00f3rikus kialak\u00edt\u00e1sa a legsz\u00e9lesebb prizma ballaszts\u00e1vval biztos\u00edtja a kiv\u00e9teles rot\u00e1ci\u00f3s stabilit\u00e1st \u00e9s elhelyezked\u00e9st. Egys\u00e9ges v\u00edzszintes ballasztvastags\u00e1ga cs\u00f6kkenti a lencse \u00e9s a szemh\u00e9j \u00e9rintkez\u00e9s\u00e9t, hogy a lencse stabilabban \u00fclj\u00f6n a szemen. A sima [&hellip;]<\/p>","protected":false},"featured_media":4076,"template":"","meta":[],"product_brand":[],"product_cat":[20],"product_tag":[],"class_list":{"0":"post-6701","1":"product","2":"type-product","3":"status-publish","4":"has-post-thumbnail","6":"product_cat-kontaktlencsek","7":"has-post-title","8":"has-post-date","9":"has-post-category","10":"has-post-tag","11":"has-post-comment","12":"has-post-author","13":"","15":"first","16":"instock","17":"taxable","18":"shipping-taxable","19":"purchasable","20":"product-type-variable"},"builder_content":"","_links":{"self":[{"href":"https:\/\/lenscare.hu\/en\/wp-json\/wp\/v2\/product\/6701","targetHints":{"allow":["GET"]}}],"collection":[{"href":"https:\/\/lenscare.hu\/en\/wp-json\/wp\/v2\/product"}],"about":[{"href":"https:\/\/lenscare.hu\/en\/wp-json\/wp\/v2\/types\/product"}],"wp:featuredmedia":[{"embeddable":true,"href":"https:\/\/lenscare.hu\/en\/wp-json\/wp\/v2\/media\/4076"}],"wp:attachment":[{"href":"https:\/\/lenscare.hu\/en\/wp-json\/wp\/v2\/media?parent=6701"}],"wp:term":[{"taxonomy":"product_brand","embeddable":true,"href":"https:\/\/lenscare.hu\/en\/wp-json\/wp\/v2\/product_brand?post=6701"},{"taxonomy":"product_cat","embeddable":true,"href":"https:\/\/lenscare.hu\/en\/wp-json\/wp\/v2\/product_cat?post=6701"},{"taxonomy":"product_tag","embeddable":true,"href":"https:\/\/lenscare.hu\/en\/wp-json\/wp\/v2\/product_tag?post=6701"}],"curies":[{"name":"wp","href":"https:\/\/api.w.org\/{rel}","templated":true}]}}