{"id":6698,"date":"2025-07-30T08:37:57","date_gmt":"2025-07-30T08:37:57","guid":{"rendered":"https:\/\/lenscare.hu\/?post_type=product&#038;p=6698"},"modified":"2025-09-02T08:02:09","modified_gmt":"2025-09-02T08:02:09","slug":"biofinity-toric-3-db","status":"publish","type":"product","link":"https:\/\/lenscare.hu\/en\/product\/biofinity-toric-3-db\/","title":{"rendered":"Biofinity Toric 3 db"},"content":{"rendered":"<p>A lencs\u00e9t, ak\u00e1r h\u00e9t napon \u00e1t viselheti folyamatosan, m\u00e9ghozz\u00e1 pr\u00e9miumszint\u0171 k\u00e9nyelem mellett.<\/p>\n<p>A Biofinity toric kontaktlencse optim\u00e1lis form\u00e1val rendelkezik. A t\u00f6bblapos kialak\u00edt\u00e1snak k\u00f6sz\u00f6nhet\u0151en a lencs\u00e9k stabilak, pontosan \u00e9s k\u00e9nyelmesen illeszkednek. K\u00f6zelre \u00e9s t\u00e1volra is tiszta l\u00e1t\u00e1sban lesz r\u00e9sze, illeszkedve egy\u00e9ni ig\u00e9nyeihez.<\/p>\n<p><strong>Eg\u00e9szs\u00e9gesebb lencsevisel\u00e9s<\/strong><\/p>\n<p>Az egyed\u00fcl\u00e1ll\u00f3 Aquaform\u00ae\u00a0technol\u00f3gi\u00e1nak k\u00f6sz\u00f6nhet\u0151en a\u00a0<strong>Biofinity Toric\u00a0<\/strong>lencse magas oxig\u00e9n \u00e1tereszt\u0151 k\u00e9pess\u00e9ggel rendelkezik. A term\u00e9szetes nedvesed\u00e9s pedig nem t\u0171nik el. Kit\u0171n\u0151 l\u00e1t\u00e1st \u00e9lvezhet egy l\u00e1gy \u00e9s k\u00e9nyelmes lencs\u00e9t viselve, amely eg\u00e9szs\u00e9gesebb a szemeinek.<\/p>","protected":false},"excerpt":{"rendered":"<p>A lencs\u00e9t, ak\u00e1r h\u00e9t napon \u00e1t viselheti folyamatosan, m\u00e9ghozz\u00e1 pr\u00e9miumszint\u0171 k\u00e9nyelem mellett. A Biofinity toric kontaktlencse optim\u00e1lis form\u00e1val rendelkezik. A t\u00f6bblapos kialak\u00edt\u00e1snak k\u00f6sz\u00f6nhet\u0151en a lencs\u00e9k stabilak, pontosan \u00e9s k\u00e9nyelmesen illeszkednek. K\u00f6zelre \u00e9s t\u00e1volra is tiszta l\u00e1t\u00e1sban lesz r\u00e9sze, illeszkedve egy\u00e9ni ig\u00e9nyeihez. Eg\u00e9szs\u00e9gesebb lencsevisel\u00e9s Az egyed\u00fcl\u00e1ll\u00f3 Aquaform\u00ae\u00a0technol\u00f3gi\u00e1nak k\u00f6sz\u00f6nhet\u0151en a\u00a0Biofinity Toric\u00a0lencse magas oxig\u00e9n \u00e1tereszt\u0151 k\u00e9pess\u00e9ggel rendelkezik. A [&hellip;]<\/p>","protected":false},"featured_media":4074,"template":"","meta":[],"product_brand":[],"product_cat":[20],"product_tag":[],"class_list":{"0":"post-6698","1":"product","2":"type-product","3":"status-publish","4":"has-post-thumbnail","6":"product_cat-kontaktlencsek","7":"has-post-title","8":"has-post-date","9":"has-post-category","10":"has-post-tag","11":"has-post-comment","12":"has-post-author","13":"","15":"first","16":"instock","17":"taxable","18":"shipping-taxable","19":"purchasable","20":"product-type-variable"},"builder_content":"","_links":{"self":[{"href":"https:\/\/lenscare.hu\/en\/wp-json\/wp\/v2\/product\/6698","targetHints":{"allow":["GET"]}}],"collection":[{"href":"https:\/\/lenscare.hu\/en\/wp-json\/wp\/v2\/product"}],"about":[{"href":"https:\/\/lenscare.hu\/en\/wp-json\/wp\/v2\/types\/product"}],"wp:featuredmedia":[{"embeddable":true,"href":"https:\/\/lenscare.hu\/en\/wp-json\/wp\/v2\/media\/4074"}],"wp:attachment":[{"href":"https:\/\/lenscare.hu\/en\/wp-json\/wp\/v2\/media?parent=6698"}],"wp:term":[{"taxonomy":"product_brand","embeddable":true,"href":"https:\/\/lenscare.hu\/en\/wp-json\/wp\/v2\/product_brand?post=6698"},{"taxonomy":"product_cat","embeddable":true,"href":"https:\/\/lenscare.hu\/en\/wp-json\/wp\/v2\/product_cat?post=6698"},{"taxonomy":"product_tag","embeddable":true,"href":"https:\/\/lenscare.hu\/en\/wp-json\/wp\/v2\/product_tag?post=6698"}],"curies":[{"name":"wp","href":"https:\/\/api.w.org\/{rel}","templated":true}]}}