{"id":6692,"date":"2025-07-30T08:37:50","date_gmt":"2025-07-30T08:37:50","guid":{"rendered":"https:\/\/lenscare.hu\/?post_type=product&#038;p=6692"},"modified":"2025-09-02T08:02:50","modified_gmt":"2025-09-02T08:02:50","slug":"biofinity-energys-3-db","status":"publish","type":"product","link":"https:\/\/lenscare.hu\/en\/product\/biofinity-energys-3-db\/","title":{"rendered":"Biofinity Energys 3 db"},"content":{"rendered":"<p>Ismerje meg a CooperVision Biofinity Energys\u00ae\u00a0<strong>szilikon-hidrog\u00e9l<\/strong>\u00a0kontaktlencs\u00e9t, amely nem fogja megt\u00f6rni napjai lend\u00fclet\u00e9t. Alkalmazkodik az akt\u00edv \u00e9letvitelhez a Digital Zone Optics\u2122 lencsekialak\u00edt\u00e1ssal. A\u00a0<strong>magas oxig\u00e9n \u00e1tereszt\u0151 k\u00e9pess\u00e9ge<\/strong>\u00a0miatt, ak\u00e1r h\u00e9t napon \u00e1t kiterjesztetten is viselheti lencs\u00e9it.<\/p>\n<p><strong>Eg\u00e9szs\u00e9gesebb lencsevisel\u00e9s<\/strong><\/p>\n<p>Az exkluz\u00edv Aquaform\u00ae\u00a0technol\u00f3gi\u00e1nak k\u00f6sz\u00f6nhet\u0151en a\u00a0<strong>t\u00f6k\u00e9letes nedvesed\u00e9s\u00a0<\/strong>biztos\u00edtott mely a Biofinity ny\u00fajtotta magas oxig\u00e9n \u00e1tereszt\u0151 k\u00e9pess\u00e9ggel p\u00e1rosul. Kit\u0171n\u0151 l\u00e1t\u00e1s\u00e9lm\u00e9ny, egy l\u00e1gy \u00e9s k\u00e9nyelmes lencs\u00e9ben, amely eg\u00e9szs\u00e9gesebb a szemeinek.<\/p>","protected":false},"excerpt":{"rendered":"<p>A\u00a0<strong>Biofinity Energys\u00a0<\/strong>kontaktlencs\u00e9ket a digit\u00e1lis eszk\u00f6z\u00f6ket haszn\u00e1l\u00f3knak fejlesztett\u00e9k ki. 10-b\u0151l 9 digit\u00e1lis eszk\u00f6zt haszn\u00e1l\u00f3 mondta, hogy a Biofinity Energys\u2122 lencse visel\u00e9se kellemes \u00e9rz\u00e9s volt a szem\u00e9nek.<\/p>","protected":false},"featured_media":4042,"template":"","meta":[],"product_brand":[],"product_cat":[20],"product_tag":[],"class_list":{"0":"post-6692","1":"product","2":"type-product","3":"status-publish","4":"has-post-thumbnail","6":"product_cat-kontaktlencsek","7":"has-post-title","8":"has-post-date","9":"has-post-category","10":"has-post-tag","11":"has-post-comment","12":"has-post-author","13":"","15":"first","16":"instock","17":"taxable","18":"shipping-taxable","19":"purchasable","20":"product-type-variable"},"builder_content":"","_links":{"self":[{"href":"https:\/\/lenscare.hu\/en\/wp-json\/wp\/v2\/product\/6692","targetHints":{"allow":["GET"]}}],"collection":[{"href":"https:\/\/lenscare.hu\/en\/wp-json\/wp\/v2\/product"}],"about":[{"href":"https:\/\/lenscare.hu\/en\/wp-json\/wp\/v2\/types\/product"}],"wp:featuredmedia":[{"embeddable":true,"href":"https:\/\/lenscare.hu\/en\/wp-json\/wp\/v2\/media\/4042"}],"wp:attachment":[{"href":"https:\/\/lenscare.hu\/en\/wp-json\/wp\/v2\/media?parent=6692"}],"wp:term":[{"taxonomy":"product_brand","embeddable":true,"href":"https:\/\/lenscare.hu\/en\/wp-json\/wp\/v2\/product_brand?post=6692"},{"taxonomy":"product_cat","embeddable":true,"href":"https:\/\/lenscare.hu\/en\/wp-json\/wp\/v2\/product_cat?post=6692"},{"taxonomy":"product_tag","embeddable":true,"href":"https:\/\/lenscare.hu\/en\/wp-json\/wp\/v2\/product_tag?post=6692"}],"curies":[{"name":"wp","href":"https:\/\/api.w.org\/{rel}","templated":true}]}}