{"id":6690,"date":"2025-07-30T08:37:50","date_gmt":"2025-07-30T08:37:50","guid":{"rendered":"https:\/\/lenscare.hu\/?post_type=product&#038;p=6690"},"modified":"2025-09-02T08:01:24","modified_gmt":"2025-09-02T08:01:24","slug":"biofinity-3-db","status":"publish","type":"product","link":"https:\/\/lenscare.hu\/en\/product\/biofinity-3-db\/","title":{"rendered":"Biofinity 3 db"},"content":{"rendered":"<p>Ismerje meg a CooperVision Biofinity\u00ae\u00a0<strong>szilikon-hidrog\u00e9l<\/strong>\u00a0kontaktlencs\u00e9t, amely nem fogja megt\u00f6rni napjai lend\u00fclet\u00e9t. A Biofinity lencs\u00e9kben megtal\u00e1lhatja azt a pr\u00e9mium k\u00e9nyelmet, amelyet r\u00e9g\u00f3ta keres. A\u00a0<strong>magas oxig\u00e9n \u00e1tereszt\u0151 k\u00e9pess\u00e9ge<\/strong>\u00a0miatt, ak\u00e1r h\u00e9t napon \u00e1t kiterjesztetten is viselheti lencs\u00e9it.<\/p>\n<p><strong>Eg\u00e9szs\u00e9gesebb lencsevisel\u00e9s<\/strong><\/p>\n<p>Az exkluz\u00edv Aquaform\u00ae\u00a0technol\u00f3gi\u00e1nak k\u00f6sz\u00f6nhet\u0151en a Biofinity lencse magas oxig\u00e9n \u00e1tereszt\u0151 k\u00e9pess\u00e9ggel rendelkezik. A term\u00e9szetes nedvesed\u00e9s pedig tart\u00f3s. Kit\u0171n\u0151 l\u00e1t\u00e1s\u00e9lm\u00e9ny, egy l\u00e1gy \u00e9s k\u00e9nyelmes lencs\u00e9ben, amely eg\u00e9szs\u00e9gesebb a szemeinek.<\/p>","protected":false},"excerpt":{"rendered":"<p>A\u00a0<strong>Biofinity\u00a0<\/strong>kontaktlencs\u00e9k a r\u00f6vid- \u00e9s t\u00e1voll\u00e1t\u00e1s korrekci\u00f3j\u00e1t szolg\u00e1lj\u00e1k. Aj\u00e1nljuk azoknak, akiknek olyan lencs\u00e9re van sz\u00fcks\u00e9ge, amely eg\u00e9sz napon \u00e1t tart\u00f3 k\u00e9nyelmet biztos\u00edt.<\/p>","protected":false},"featured_media":4040,"template":"","meta":[],"product_brand":[],"product_cat":[20],"product_tag":[],"class_list":{"0":"post-6690","1":"product","2":"type-product","3":"status-publish","4":"has-post-thumbnail","6":"product_cat-kontaktlencsek","7":"has-post-title","8":"has-post-date","9":"has-post-category","10":"has-post-tag","11":"has-post-comment","12":"has-post-author","13":"","15":"first","16":"instock","17":"taxable","18":"shipping-taxable","19":"purchasable","20":"product-type-variable"},"builder_content":"","_links":{"self":[{"href":"https:\/\/lenscare.hu\/en\/wp-json\/wp\/v2\/product\/6690","targetHints":{"allow":["GET"]}}],"collection":[{"href":"https:\/\/lenscare.hu\/en\/wp-json\/wp\/v2\/product"}],"about":[{"href":"https:\/\/lenscare.hu\/en\/wp-json\/wp\/v2\/types\/product"}],"wp:featuredmedia":[{"embeddable":true,"href":"https:\/\/lenscare.hu\/en\/wp-json\/wp\/v2\/media\/4040"}],"wp:attachment":[{"href":"https:\/\/lenscare.hu\/en\/wp-json\/wp\/v2\/media?parent=6690"}],"wp:term":[{"taxonomy":"product_brand","embeddable":true,"href":"https:\/\/lenscare.hu\/en\/wp-json\/wp\/v2\/product_brand?post=6690"},{"taxonomy":"product_cat","embeddable":true,"href":"https:\/\/lenscare.hu\/en\/wp-json\/wp\/v2\/product_cat?post=6690"},{"taxonomy":"product_tag","embeddable":true,"href":"https:\/\/lenscare.hu\/en\/wp-json\/wp\/v2\/product_tag?post=6690"}],"curies":[{"name":"wp","href":"https:\/\/api.w.org\/{rel}","templated":true}]}}