{"id":6688,"date":"2025-07-30T08:37:50","date_gmt":"2025-07-30T08:37:50","guid":{"rendered":"https:\/\/lenscare.hu\/?post_type=product&#038;p=6688"},"modified":"2025-09-02T09:23:37","modified_gmt":"2025-09-02T09:23:37","slug":"bausch-lomb-ultra-for-presbyopia-3-db","status":"publish","type":"product","link":"https:\/\/lenscare.hu\/en\/product\/bausch-lomb-ultra-for-presbyopia-3-db\/","title":{"rendered":"Bausch &#038; lomb ultra for Presbyopia 3 db"},"content":{"rendered":"<p>A Bausch &#038; Lomb ULTRA for Presbyopia lencs\u00e9k ide\u00e1lisak azok sz\u00e1m\u00e1ra, akik sok id\u0151t t\u00f6ltenek a sz\u00e1m\u00edt\u00f3g\u00e9p el\u0151tt. A kijelz\u0151k haszn\u00e1lata k\u00f6zben kev\u00e9sb\u00e9 pislogunk, \u00edgy a kontaktlencs\u00e9k kisz\u00e1radhatnak. Azonban a Bausch &#038; Lomb ULTRA for Presbyopia l\u00e9legz\u0151 szilikon-hidrog\u00e9l anyagb\u00f3l k\u00e9sz\u00fcl, amelyet MoistureSeal technol\u00f3gi\u00e1val kezeltek, annak \u00e9rdek\u00e9ben, hogy biztos\u00edtsa a lencs\u00e9k 95%-os nedvess\u00e9gtartalm\u00e1nak, ak\u00e1r 16 \u00f3r\u00e1n kereszt\u00fcl val\u00f3 megtart\u00e1s\u00e1t. Ez\u00e1ltal a lencs\u00e9k eg\u00e9sz nap k\u00e9nyelmesek maradnak, \u00e9s megakad\u00e1lyozz\u00e1k a digit\u00e1lis szemf\u00e1radts\u00e1got.<br \/>\nA Bausch &#038;  Lomb ULTRA for Presbyopia multifok\u00e1lis lencs\u00e9kn\u00e9l a 3-Zone Progressive Design kialak\u00edt\u00e1st alkalmazz\u00e1k, amely m\u00e1r bizony\u00edtotta mag\u00e1t a Biotrue ONEday for Presbyopia lencs\u00e9kn\u00e9l. A lencs\u00e9k 3 optikai z\u00f3n\u00e1t z\u00f6kken\u0151mentesen kombin\u00e1lnak \u00e9s \u00e9les l\u00e1t\u00e1st biztos\u00edtanak k\u00f6zeli, t\u00e1voli \u00e9s k\u00f6zepes t\u00e1vols\u00e1gokra egyar\u00e1nt. <\/p>","protected":false},"excerpt":{"rendered":"<p>Ezek a multifok\u00e1lis lencs\u00e9k \u00fagy lettek tervezve, hogy kiemelked\u0151 l\u00e1t\u00e1st biztos\u00edtsanak k\u00f6zelre, t\u00e1volra \u00e9s a kett\u0151 k\u00f6z\u00f6tti t\u00e1vols\u00e1gokra, z\u00f6kken\u0151mentes \u00e1tmenettel a 3 k\u00f6z\u00f6tt.<\/p>","protected":false},"featured_media":6696,"template":"","meta":[],"product_brand":[],"product_cat":[20],"product_tag":[],"class_list":{"0":"post-6688","1":"product","2":"type-product","3":"status-publish","4":"has-post-thumbnail","6":"product_cat-kontaktlencsek","7":"has-post-title","8":"has-post-date","9":"has-post-category","10":"has-post-tag","11":"has-post-comment","12":"has-post-author","13":"","15":"first","16":"instock","17":"taxable","18":"shipping-taxable","19":"purchasable","20":"product-type-variable"},"builder_content":"","_links":{"self":[{"href":"https:\/\/lenscare.hu\/en\/wp-json\/wp\/v2\/product\/6688","targetHints":{"allow":["GET"]}}],"collection":[{"href":"https:\/\/lenscare.hu\/en\/wp-json\/wp\/v2\/product"}],"about":[{"href":"https:\/\/lenscare.hu\/en\/wp-json\/wp\/v2\/types\/product"}],"wp:featuredmedia":[{"embeddable":true,"href":"https:\/\/lenscare.hu\/en\/wp-json\/wp\/v2\/media\/6696"}],"wp:attachment":[{"href":"https:\/\/lenscare.hu\/en\/wp-json\/wp\/v2\/media?parent=6688"}],"wp:term":[{"taxonomy":"product_brand","embeddable":true,"href":"https:\/\/lenscare.hu\/en\/wp-json\/wp\/v2\/product_brand?post=6688"},{"taxonomy":"product_cat","embeddable":true,"href":"https:\/\/lenscare.hu\/en\/wp-json\/wp\/v2\/product_cat?post=6688"},{"taxonomy":"product_tag","embeddable":true,"href":"https:\/\/lenscare.hu\/en\/wp-json\/wp\/v2\/product_tag?post=6688"}],"curies":[{"name":"wp","href":"https:\/\/api.w.org\/{rel}","templated":true}]}}