{"id":6686,"date":"2025-07-30T08:37:50","date_gmt":"2025-07-30T08:37:50","guid":{"rendered":"https:\/\/lenscare.hu\/?post_type=product&#038;p=6686"},"modified":"2025-09-02T07:58:39","modified_gmt":"2025-09-02T07:58:39","slug":"avaira-vitality-uv-3-db","status":"publish","type":"product","link":"https:\/\/lenscare.hu\/en\/product\/avaira-vitality-uv-3-db\/","title":{"rendered":"Avaira Vitality UV 3 db"},"content":{"rendered":"<h3>Term\u00e9szetes hidrat\u00e1ci\u00f3<\/h3>\n<p>A\u00a0fejlett szilikon-hidrog\u00e9l anyag kiv\u00e1l\u00f3 nedvess\u00e9get biztos\u00edt a nap folyam\u00e1n. A\u00a0magas v\u00edztartalom \u00e9s a magas oxig\u00e9n\u00e1tereszt\u0151 k\u00e9pess\u00e9g kombin\u00e1ci\u00f3ja biztos\u00edtja a k\u00e9nyelmes illeszked\u00e9st \u00e9s viseletet, valamint cs\u00f6kkenti a sz\u00e1raz szem szindr\u00f3ma t\u00fcneteit.<\/p>\n<h3>UV v\u00e9delem<\/h3>\n<p>A\u00a0lencs\u00e9k UV-sz\u0171r\u0151vel is rendelkeznek, amelyek megv\u00e9dik a szemet a k\u00e1ros UV sugarakt\u00f3l, ami \u00e1lland\u00f3 szemk\u00e1rosod\u00e1st okozhat. Mivel azonban a kontaktlencs\u00e9k csak a szemgoly\u00f3 egy r\u00e9sz\u00e9t fedik le, mindig aj\u00e1nlott napszem\u00fcveget viselni, hogy meg\u00f3vja az eg\u00e9sz szemet a napsug\u00e1rz\u00e1st\u00f3l.<\/p>","protected":false},"excerpt":{"rendered":"<p>Ezek a harmadik gener\u00e1ci\u00f3s szilikon-hidrog\u00e9l lencs\u00e9k magas v\u00edztartalommal \u00e9s UV sz\u0171r\u0151vel rendelkeznek.<\/p>","protected":false},"featured_media":4038,"template":"","meta":[],"product_brand":[],"product_cat":[20],"product_tag":[],"class_list":{"0":"post-6686","1":"product","2":"type-product","3":"status-publish","4":"has-post-thumbnail","6":"product_cat-kontaktlencsek","7":"has-post-title","8":"has-post-date","9":"has-post-category","10":"has-post-tag","11":"has-post-comment","12":"has-post-author","13":"","15":"first","16":"instock","17":"taxable","18":"shipping-taxable","19":"purchasable","20":"product-type-variable"},"builder_content":"","_links":{"self":[{"href":"https:\/\/lenscare.hu\/en\/wp-json\/wp\/v2\/product\/6686","targetHints":{"allow":["GET"]}}],"collection":[{"href":"https:\/\/lenscare.hu\/en\/wp-json\/wp\/v2\/product"}],"about":[{"href":"https:\/\/lenscare.hu\/en\/wp-json\/wp\/v2\/types\/product"}],"wp:featuredmedia":[{"embeddable":true,"href":"https:\/\/lenscare.hu\/en\/wp-json\/wp\/v2\/media\/4038"}],"wp:attachment":[{"href":"https:\/\/lenscare.hu\/en\/wp-json\/wp\/v2\/media?parent=6686"}],"wp:term":[{"taxonomy":"product_brand","embeddable":true,"href":"https:\/\/lenscare.hu\/en\/wp-json\/wp\/v2\/product_brand?post=6686"},{"taxonomy":"product_cat","embeddable":true,"href":"https:\/\/lenscare.hu\/en\/wp-json\/wp\/v2\/product_cat?post=6686"},{"taxonomy":"product_tag","embeddable":true,"href":"https:\/\/lenscare.hu\/en\/wp-json\/wp\/v2\/product_tag?post=6686"}],"curies":[{"name":"wp","href":"https:\/\/api.w.org\/{rel}","templated":true}]}}