{"id":6685,"date":"2025-07-30T08:37:50","date_gmt":"2025-07-30T08:37:50","guid":{"rendered":"https:\/\/lenscare.hu\/?post_type=product&#038;p=6685"},"modified":"2025-09-02T07:57:55","modified_gmt":"2025-09-02T07:57:55","slug":"avaira-vitality-toric-uv-6-db","status":"publish","type":"product","link":"https:\/\/lenscare.hu\/en\/product\/avaira-vitality-toric-uv-6-db\/","title":{"rendered":"Avaira Vitality Toric UV 6 db"},"content":{"rendered":"<h2>Avaira Vitality Toric kontaktlencs\u00e9k<\/h2>\n<p>A\u00a0CooperVision laborat\u00f3riumai a t\u00f3rikus lencs\u00e9ik fejleszt\u00e9s\u00e9re t\u00f6rekedtek, \u00e9s az eredm\u00e9ny az Avaira Vitality Toric lencs\u00e9k, amelyek 55% v\u00edztartalm\u00fa \u00e9s magas oxig\u00e9n\u00e1tereszt\u0151 k\u00e9pess\u00e9g\u0171 (90\u00a0Dk\/t) szilikon-hidrog\u00e9l anyagb\u00f3l k\u00e9sz\u00fclnek.<\/p>\n<h3>Prec\u00edz diz\u00e1jn<\/h3>\n<p>Az\u00a0<strong>Avaira Vitality Toric<\/strong>\u00a0kontaktlencs\u00e9k speci\u00e1lisan a m\u00e1rka szabadalmaztatott optimaliz\u00e1lt Toric Lens Geometry technol\u00f3gia seg\u00edts\u00e9g\u00e9vel k\u00e9sz\u00fclnek. A\u00a0gyakorlatban ez azt jelenti, hogy ezek az asztigmatikus lencs\u00e9k egyenletes vastags\u00e1g\u00faak, \u00e9s seg\u00edtik a lencse stabil helyzet\u00e9t a szemen, ez\u00e1ltal jav\u00edtva a k\u00e9nyelmet \u00e9s a l\u00e1t\u00e1s min\u0151s\u00e9g\u00e9t. A\u00a0lencs\u00e9k el\u0151t\u00e9t stabiliz\u00e1l\u00f3 technol\u00f3gi\u00e1ja cs\u00f6kkenti a s\u00farl\u00f3d\u00e1st pislog\u00e1s k\u00f6zben, a nagyobb k\u00e9nyelem \u00e9rdek\u00e9ben. V\u00e9g\u00fcl, de nem utols\u00f3sorban, ezek a lencs\u00e9k nagy optikai z\u00f3n\u00e1val rendelkeznek az asztigmatizmus korrekci\u00f3j\u00e1hoz, \u00edgy a l\u00e1t\u00e1sa soha nem lesz korl\u00e1tozott.<\/p>\n<h3>UV-v\u00e9delem<\/h3>\n<p>Az Avaira Vitality Toric lencs\u00e9k 1.\u00a0oszt\u00e1ly\u00fa UV sz\u0171r\u0151vel rendelkeznek, amely k\u00e9pes blokkolni az UVA 90% -\u00e1t \u00e9s az UVB sug\u00e1rz\u00e1s 99% -\u00e1t. Az UV-abszorbe\u00e1l\u00f3 kontaktlencs\u00e9k azonban nem helyettes\u00edtik a v\u00e9d\u0151, UV-elnyel\u0151 szem\u00fcveget. A\u00a0megfelel\u0151 napszem\u00fcvegek UV v\u00e9delmet ny\u00fajtanak az eg\u00e9sz szem ter\u00fclet\u00e9re.<\/p>\n<h3>Az eddigi legjobb Avaira lencs\u00e9k!<\/h3>\n<p>Szigor\u00fa tesztek ut\u00e1n a CooperVision meg\u00e1llap\u00edtotta, hogy a felhaszn\u00e1l\u00f3k visszajelz\u00e9sei alapj\u00e1n az Avaira Vitality Toric lencse egy h\u00f3napos haszn\u00e1lata alatt jelent\u0151s javul\u00e1s volt \u00e9szlelhet\u0151 a k\u00e9nyelmet \u00e9s a l\u00e1t\u00e1s min\u0151s\u00e9g\u00e9t illet\u0151en.<\/p>","protected":false},"excerpt":{"rendered":"<p>E kontaktlencs\u00e9k speci\u00e1lisan a m\u00e1rka szabadalmaztatott optimaliz\u00e1lt Toric Lens Geometry technol\u00f3gia seg\u00edts\u00e9g\u00e9vel k\u00e9sz\u00fclnek.<\/p>","protected":false},"featured_media":4037,"template":"","meta":[],"product_brand":[],"product_cat":[20],"product_tag":[],"class_list":{"0":"post-6685","1":"product","2":"type-product","3":"status-publish","4":"has-post-thumbnail","6":"product_cat-kontaktlencsek","7":"has-post-title","8":"has-post-date","9":"has-post-category","10":"has-post-tag","11":"has-post-comment","12":"has-post-author","13":"","15":"first","16":"instock","17":"taxable","18":"shipping-taxable","19":"purchasable","20":"product-type-variable"},"builder_content":"","_links":{"self":[{"href":"https:\/\/lenscare.hu\/en\/wp-json\/wp\/v2\/product\/6685","targetHints":{"allow":["GET"]}}],"collection":[{"href":"https:\/\/lenscare.hu\/en\/wp-json\/wp\/v2\/product"}],"about":[{"href":"https:\/\/lenscare.hu\/en\/wp-json\/wp\/v2\/types\/product"}],"wp:featuredmedia":[{"embeddable":true,"href":"https:\/\/lenscare.hu\/en\/wp-json\/wp\/v2\/media\/4037"}],"wp:attachment":[{"href":"https:\/\/lenscare.hu\/en\/wp-json\/wp\/v2\/media?parent=6685"}],"wp:term":[{"taxonomy":"product_brand","embeddable":true,"href":"https:\/\/lenscare.hu\/en\/wp-json\/wp\/v2\/product_brand?post=6685"},{"taxonomy":"product_cat","embeddable":true,"href":"https:\/\/lenscare.hu\/en\/wp-json\/wp\/v2\/product_cat?post=6685"},{"taxonomy":"product_tag","embeddable":true,"href":"https:\/\/lenscare.hu\/en\/wp-json\/wp\/v2\/product_tag?post=6685"}],"curies":[{"name":"wp","href":"https:\/\/api.w.org\/{rel}","templated":true}]}}