{"id":6682,"date":"2025-07-30T08:37:50","date_gmt":"2025-07-30T08:37:50","guid":{"rendered":"https:\/\/lenscare.hu\/?post_type=product&#038;p=6682"},"modified":"2025-09-02T07:56:16","modified_gmt":"2025-09-02T07:56:16","slug":"air-optix-plus-hydraglyde-multifocal-3-db","status":"publish","type":"product","link":"https:\/\/lenscare.hu\/en\/product\/air-optix-plus-hydraglyde-multifocal-3-db\/","title":{"rendered":"Air Optix Plus HydraGlyde Multifocal 3 db"},"content":{"rendered":"<p>Az\u00a0<strong>Alcon<\/strong>\u00a0leg\u00fajabb fejleszt\u00e9se, a\u00a0<strong>HydraGlyde\u00ae Moisture Matrix<\/strong>\u00a0nedvesen tartja a lencs\u00e9t a nap folyam\u00e1n.<\/p>\n<p>Az Air Optix\u00ae Aqua Plus HydraGlyde Multifocal kontaktlencs\u00e9t \u00fagy tervezt\u00e9k, hogy az \u00f6sszhangban van a term\u00e9szetes pupilla funkci\u00f3val. Ez\u00e1ltal term\u00e9szetes \u00e1tmenetet biztos\u00edt, ak\u00e1r k\u00f6zelre, k\u00f6ztes t\u00e1vols\u00e1gra vagy t\u00e1volra n\u00e9z\u00fcnk.<\/p>\n<p>A<strong>\u00a0SmartShield\u2122 Technol\u00f3gia<\/strong>\u00a0ellen\u00e1ll a szennyez\u0151d\u00e9sek felhalmoz\u00f3d\u00e1s\u00e1nak a visel\u00e9si id\u0151szak folyam\u00e1n.<\/p>\n<p>A\u00a0<strong>HydraGlyde\u00ae Moisture Matrix<\/strong>\u00a0nedvesen tartja a lencs\u00e9t a nap folyam\u00e1n m\u00e1r el\u00e9rhet\u0151 asztigmi\u00e1soknak \u00e9s\u00a0<strong>presbi\u00f3pi\u00e1soknak<\/strong> is.<\/p>","protected":false},"excerpt":{"rendered":"<p>Az\u00a0Alcon\u00a0leg\u00fajabb fejleszt\u00e9se, a\u00a0HydraGlyde\u00ae Moisture Matrix\u00a0nedvesen tartja a lencs\u00e9t a nap folyam\u00e1n. Az Air Optix\u00ae Aqua Plus HydraGlyde Multifocal kontaktlencs\u00e9t \u00fagy tervezt\u00e9k, hogy az \u00f6sszhangban van a term\u00e9szetes pupilla funkci\u00f3val. Ez\u00e1ltal term\u00e9szetes \u00e1tmenetet biztos\u00edt, ak\u00e1r k\u00f6zelre, k\u00f6ztes t\u00e1vols\u00e1gra vagy t\u00e1volra n\u00e9z\u00fcnk. A\u00a0SmartShield\u2122 Technol\u00f3gia\u00a0ellen\u00e1ll a szennyez\u0151d\u00e9sek felhalmoz\u00f3d\u00e1s\u00e1nak a visel\u00e9si id\u0151szak folyam\u00e1n. A\u00a0HydraGlyde\u00ae Moisture Matrix\u00a0nedvesen tartja a lencs\u00e9t [&hellip;]<\/p>","protected":false},"featured_media":4034,"template":"","meta":[],"product_brand":[],"product_cat":[20],"product_tag":[],"class_list":{"0":"post-6682","1":"product","2":"type-product","3":"status-publish","4":"has-post-thumbnail","6":"product_cat-kontaktlencsek","7":"has-post-title","8":"has-post-date","9":"has-post-category","10":"has-post-tag","11":"has-post-comment","12":"has-post-author","13":"","15":"first","16":"instock","17":"taxable","18":"shipping-taxable","19":"purchasable","20":"product-type-variable"},"builder_content":"","_links":{"self":[{"href":"https:\/\/lenscare.hu\/en\/wp-json\/wp\/v2\/product\/6682","targetHints":{"allow":["GET"]}}],"collection":[{"href":"https:\/\/lenscare.hu\/en\/wp-json\/wp\/v2\/product"}],"about":[{"href":"https:\/\/lenscare.hu\/en\/wp-json\/wp\/v2\/types\/product"}],"wp:featuredmedia":[{"embeddable":true,"href":"https:\/\/lenscare.hu\/en\/wp-json\/wp\/v2\/media\/4034"}],"wp:attachment":[{"href":"https:\/\/lenscare.hu\/en\/wp-json\/wp\/v2\/media?parent=6682"}],"wp:term":[{"taxonomy":"product_brand","embeddable":true,"href":"https:\/\/lenscare.hu\/en\/wp-json\/wp\/v2\/product_brand?post=6682"},{"taxonomy":"product_cat","embeddable":true,"href":"https:\/\/lenscare.hu\/en\/wp-json\/wp\/v2\/product_cat?post=6682"},{"taxonomy":"product_tag","embeddable":true,"href":"https:\/\/lenscare.hu\/en\/wp-json\/wp\/v2\/product_tag?post=6682"}],"curies":[{"name":"wp","href":"https:\/\/api.w.org\/{rel}","templated":true}]}}