{"id":6681,"date":"2025-07-30T08:37:50","date_gmt":"2025-07-30T08:37:50","guid":{"rendered":"https:\/\/lenscare.hu\/?post_type=product&#038;p=6681"},"modified":"2025-09-02T07:54:56","modified_gmt":"2025-09-02T07:54:56","slug":"air-optix-plus-hydraglyde-for-astigmatism-6-db","status":"publish","type":"product","link":"https:\/\/lenscare.hu\/en\/product\/air-optix-plus-hydraglyde-for-astigmatism-6-db\/","title":{"rendered":"Air Optix Plus HydraGlyde for Astigmatism 6 db"},"content":{"rendered":"<h3>Fejlett technol\u00f3gia<\/h3>\n<p><strong>Jobb nedvesed\u00e9s<\/strong>\u00a0a HydraGlyde\u00ae Moisture Matrix fejleszt\u00e9snek k\u00f6sz\u00f6nhet\u0151en az eg\u00e9sz nap folyam\u00e1n!<\/p>\n<p>A lencs\u00e9k\u00a0<strong>Precision Balance<\/strong>\u00a0design-nal k\u00e9sz\u00fclnek. Ennek c\u00e9lja az, hogy a kontaktlencse egy adott stabil poz\u00edci\u00f3ban helyezkedjen el a szemen, ezzel seg\u00edtve az \u00e9lesl\u00e1t\u00e1st.<\/p>\n<p>Mint minden Air Optix\u00ae kontaktlencse, az Air Optix\u00ae Plus HydraGlyde for Astigmatism kontaktlencs\u00e9k is\u00a0<strong>SmartShield<\/strong>\u00a0technol\u00f3gi\u00e1val k\u00e9sz\u00fclnek.<\/p>\n<p>A\u00a0<strong>SmartShield<\/strong>\u00a0technol\u00f3gia a plazmakezel\u00e9si elj\u00e1r\u00e1s neve, amivel az Air Optix\u00ae kontaktlencs\u00e9k felsz\u00edn\u00e9t kezelik, hogy a szilikon-hidrog\u00e9l alapanyag felsz\u00edne jobban ellen\u00e1lljon a szennyez\u0151d\u00e9sek felhalmoz\u00f3d\u00e1s\u00e1nak a visel\u00e9si id\u0151 alatt.<\/p>","protected":false},"excerpt":{"rendered":"<p>Az Alcon leg\u00fajabb fejleszt\u00e9s\u0171 kontaktlencs\u00e9je nagyon magas oxig\u00e9n\u00e1tereszt\u0151 k\u00e9pess\u00e9ggel rendelkezik, anyaga pedig a k\u00f6nny\u0171 kezel\u00e9s \u00e9rdek\u00e9ben enyh\u00e9n k\u00e9k \u00e1rnyalat\u00fara sz\u00ednezett.<\/p>","protected":false},"featured_media":4033,"template":"","meta":[],"product_brand":[],"product_cat":[20],"product_tag":[],"class_list":{"0":"post-6681","1":"product","2":"type-product","3":"status-publish","4":"has-post-thumbnail","6":"product_cat-kontaktlencsek","7":"has-post-title","8":"has-post-date","9":"has-post-category","10":"has-post-tag","11":"has-post-comment","12":"has-post-author","13":"","15":"first","16":"instock","17":"taxable","18":"shipping-taxable","19":"purchasable","20":"product-type-variable"},"builder_content":"","_links":{"self":[{"href":"https:\/\/lenscare.hu\/en\/wp-json\/wp\/v2\/product\/6681","targetHints":{"allow":["GET"]}}],"collection":[{"href":"https:\/\/lenscare.hu\/en\/wp-json\/wp\/v2\/product"}],"about":[{"href":"https:\/\/lenscare.hu\/en\/wp-json\/wp\/v2\/types\/product"}],"wp:featuredmedia":[{"embeddable":true,"href":"https:\/\/lenscare.hu\/en\/wp-json\/wp\/v2\/media\/4033"}],"wp:attachment":[{"href":"https:\/\/lenscare.hu\/en\/wp-json\/wp\/v2\/media?parent=6681"}],"wp:term":[{"taxonomy":"product_brand","embeddable":true,"href":"https:\/\/lenscare.hu\/en\/wp-json\/wp\/v2\/product_brand?post=6681"},{"taxonomy":"product_cat","embeddable":true,"href":"https:\/\/lenscare.hu\/en\/wp-json\/wp\/v2\/product_cat?post=6681"},{"taxonomy":"product_tag","embeddable":true,"href":"https:\/\/lenscare.hu\/en\/wp-json\/wp\/v2\/product_tag?post=6681"}],"curies":[{"name":"wp","href":"https:\/\/api.w.org\/{rel}","templated":true}]}}