{"id":6679,"date":"2025-07-30T08:37:50","date_gmt":"2025-07-30T08:37:50","guid":{"rendered":"https:\/\/lenscare.hu\/?post_type=product&#038;p=6679"},"modified":"2025-09-02T07:53:58","modified_gmt":"2025-09-02T07:53:58","slug":"air-optix-plus-hydraglide-6-db","status":"publish","type":"product","link":"https:\/\/lenscare.hu\/en\/product\/air-optix-plus-hydraglide-6-db\/","title":{"rendered":"Air Optix Plus Hydraglide 6 db"},"content":{"rendered":"<p>A\u00a0<strong>HydraGlyde\u00ae<\/strong>\u00a0technol\u00f3gia kifejezetten a szilikon-hidrog\u00e9l alapanyag\u00fa lencs\u00e9k ig\u00e9nyeihez igazodva lett kifejlesztve: \u00e1gensei be\u00e1gyaz\u00f3dva a lencse felsz\u00edn\u00e9be blokkolj\u00e1k a hidrof\u00f3b ter\u00fcleteket \u00e9s magukhoz vonzz\u00e1k a nedvess\u00e9get, illetve meg is tartj\u00e1k azt, \u00edgy biztos\u00edtj\u00e1k a hosszan tart\u00f3 k\u00e9nyelem\u00e9rzetet a kontaktlencse visel\u00e9se k\u00f6zben.<\/p>","protected":false},"excerpt":{"rendered":"<p>A\u00a0HydraGlyde\u00ae\u00a0technol\u00f3gia kifejezetten a szilikon-hidrog\u00e9l alapanyag\u00fa lencs\u00e9k ig\u00e9nyeihez igazodva lett kifejlesztve: \u00e1gensei be\u00e1gyaz\u00f3dva a lencse felsz\u00edn\u00e9be blokkolj\u00e1k a hidrof\u00f3b ter\u00fcleteket \u00e9s magukhoz vonzz\u00e1k a nedvess\u00e9get, illetve meg is tartj\u00e1k azt, \u00edgy biztos\u00edtj\u00e1k a hosszan tart\u00f3 k\u00e9nyelem\u00e9rzetet a kontaktlencse visel\u00e9se k\u00f6zben.<\/p>","protected":false},"featured_media":4031,"template":"","meta":[],"product_brand":[],"product_cat":[20],"product_tag":[],"class_list":{"0":"post-6679","1":"product","2":"type-product","3":"status-publish","4":"has-post-thumbnail","6":"product_cat-kontaktlencsek","7":"has-post-title","8":"has-post-date","9":"has-post-category","10":"has-post-tag","11":"has-post-comment","12":"has-post-author","13":"","15":"first","16":"instock","17":"taxable","18":"shipping-taxable","19":"purchasable","20":"product-type-variable"},"builder_content":"","_links":{"self":[{"href":"https:\/\/lenscare.hu\/en\/wp-json\/wp\/v2\/product\/6679","targetHints":{"allow":["GET"]}}],"collection":[{"href":"https:\/\/lenscare.hu\/en\/wp-json\/wp\/v2\/product"}],"about":[{"href":"https:\/\/lenscare.hu\/en\/wp-json\/wp\/v2\/types\/product"}],"wp:featuredmedia":[{"embeddable":true,"href":"https:\/\/lenscare.hu\/en\/wp-json\/wp\/v2\/media\/4031"}],"wp:attachment":[{"href":"https:\/\/lenscare.hu\/en\/wp-json\/wp\/v2\/media?parent=6679"}],"wp:term":[{"taxonomy":"product_brand","embeddable":true,"href":"https:\/\/lenscare.hu\/en\/wp-json\/wp\/v2\/product_brand?post=6679"},{"taxonomy":"product_cat","embeddable":true,"href":"https:\/\/lenscare.hu\/en\/wp-json\/wp\/v2\/product_cat?post=6679"},{"taxonomy":"product_tag","embeddable":true,"href":"https:\/\/lenscare.hu\/en\/wp-json\/wp\/v2\/product_tag?post=6679"}],"curies":[{"name":"wp","href":"https:\/\/api.w.org\/{rel}","templated":true}]}}