{"id":6677,"date":"2025-07-30T08:37:50","date_gmt":"2025-07-30T08:37:50","guid":{"rendered":"https:\/\/lenscare.hu\/?post_type=product&#038;p=6677"},"modified":"2025-07-30T08:38:19","modified_gmt":"2025-07-30T08:38:19","slug":"air-optix-night-day-aqua-6-db","status":"publish","type":"product","link":"https:\/\/lenscare.hu\/en\/product\/air-optix-night-day-aqua-6-db\/","title":{"rendered":"Air Optix Night &#038; Day Aqua 6 db"},"content":{"rendered":"<p><u>\u00daJ TULAJDONS\u00c1GOK:<\/u><\/p>\n<ul>\n<li>kiv\u00e1l\u00f3 nedves\u00edthet\u0151s\u00e9g \u00e9s fokozottabb k\u00e9nyelem felhelyez\u00e9skor<\/li>\n<li>m\u00e9g k\u00f6nnyebb kezelhet\u0151s\u00e9g<\/li>\n<li>kiv\u00e1l\u00f3 depozit-rezisztencia (felrak\u00f3d\u00e1s)<\/li>\n<li>kifordul\u00e1sjelz\u0151 (&#8222;OK&#8221; jelz\u00e9s)<\/li>\n<li>Kezel\u00e9si sz\u00ednezet<\/li>\n<\/ul>\n<p>Az AIR OPTIX\u2122 NIGHT&#038;DAY\u2122 AQUA a hagyom\u00e1nyos hidrog\u00e9l lencs\u00e9kkel \u00f6sszehasonl\u00edtva j\u00f3val nagyobb oxig\u00e9nell\u00e1t\u00e1st tesz lehet\u0151v\u00e9 (Dk\/t 175). Seg\u00edts\u00e9g\u00e9vel kik\u00fcsz\u00f6b\u00f6lhet\u0151 a szaruh\u00e1rtya el\u00e9gtelen oxig\u00e9nell\u00e1t\u00e1sa, amely r\u00f6vid \u00e9s hossz\u00fa t\u00e1v\u00fa komplik\u00e1ci\u00f3khoz vezethet. Az AIR OPTIX\u2122 NIGHT&#038;DAY\u2122 AQUA megfelel a 30 napon \u00e9s \u00e9jszak\u00e1n \u00e1t tart\u00f3 folyamatos \u00e9s biztons\u00e1gos lencseviselet alapk\u00f6vetelm\u00e9ny\u00e9t jelent\u0151 oxig\u00e9n-\u00e1tereszt\u00e9si krit\u00e9riumoknak. Ezen t\u00e9nyez\u0151vel kiterjedt klinikai tanulm\u00e1nyok foglalkoznak.<\/p>\n<p>Nem kell kompromisszumot k\u00f6tnie! L\u00e1t\u00e1skorrekci\u00f3 \u00e9s eg\u00e9szs\u00e9g egyben!<\/p>","protected":false},"excerpt":{"rendered":"<p>\u00daJ TULAJDONS\u00c1GOK: kiv\u00e1l\u00f3 nedves\u00edthet\u0151s\u00e9g \u00e9s fokozottabb k\u00e9nyelem felhelyez\u00e9skor m\u00e9g k\u00f6nnyebb kezelhet\u0151s\u00e9g kiv\u00e1l\u00f3 depozit-rezisztencia (felrak\u00f3d\u00e1s) kifordul\u00e1sjelz\u0151 (&#8222;OK&#8221; jelz\u00e9s) Kezel\u00e9si sz\u00ednezet Az AIR OPTIX\u2122 NIGHT&#038;DAY\u2122 AQUA a hagyom\u00e1nyos hidrog\u00e9l lencs\u00e9kkel \u00f6sszehasonl\u00edtva j\u00f3val nagyobb oxig\u00e9nell\u00e1t\u00e1st tesz lehet\u0151v\u00e9 (Dk\/t 175). Seg\u00edts\u00e9g\u00e9vel kik\u00fcsz\u00f6b\u00f6lhet\u0151 a szaruh\u00e1rtya el\u00e9gtelen oxig\u00e9nell\u00e1t\u00e1sa, amely r\u00f6vid \u00e9s hossz\u00fa t\u00e1v\u00fa komplik\u00e1ci\u00f3khoz vezethet. Az AIR OPTIX\u2122 NIGHT&#038;DAY\u2122 AQUA megfelel [&hellip;]<\/p>","protected":false},"featured_media":6695,"template":"","meta":[],"product_brand":[],"product_cat":[20],"product_tag":[],"class_list":{"0":"post-6677","1":"product","2":"type-product","3":"status-publish","4":"has-post-thumbnail","6":"product_cat-kontaktlencsek","7":"has-post-title","8":"has-post-date","9":"has-post-category","10":"has-post-tag","11":"has-post-comment","12":"has-post-author","13":"","15":"first","16":"instock","17":"taxable","18":"shipping-taxable","19":"purchasable","20":"product-type-variable"},"builder_content":"","_links":{"self":[{"href":"https:\/\/lenscare.hu\/en\/wp-json\/wp\/v2\/product\/6677","targetHints":{"allow":["GET"]}}],"collection":[{"href":"https:\/\/lenscare.hu\/en\/wp-json\/wp\/v2\/product"}],"about":[{"href":"https:\/\/lenscare.hu\/en\/wp-json\/wp\/v2\/types\/product"}],"wp:featuredmedia":[{"embeddable":true,"href":"https:\/\/lenscare.hu\/en\/wp-json\/wp\/v2\/media\/6695"}],"wp:attachment":[{"href":"https:\/\/lenscare.hu\/en\/wp-json\/wp\/v2\/media?parent=6677"}],"wp:term":[{"taxonomy":"product_brand","embeddable":true,"href":"https:\/\/lenscare.hu\/en\/wp-json\/wp\/v2\/product_brand?post=6677"},{"taxonomy":"product_cat","embeddable":true,"href":"https:\/\/lenscare.hu\/en\/wp-json\/wp\/v2\/product_cat?post=6677"},{"taxonomy":"product_tag","embeddable":true,"href":"https:\/\/lenscare.hu\/en\/wp-json\/wp\/v2\/product_tag?post=6677"}],"curies":[{"name":"wp","href":"https:\/\/api.w.org\/{rel}","templated":true}]}}