{"id":6669,"date":"2025-07-30T08:37:49","date_gmt":"2025-07-30T08:37:49","guid":{"rendered":"https:\/\/lenscare.hu\/?post_type=product&#038;p=6669"},"modified":"2025-09-02T09:17:07","modified_gmt":"2025-09-02T09:17:07","slug":"acuvue-oasys-1-day-max-multifocal-30-db","status":"publish","type":"product","link":"https:\/\/lenscare.hu\/en\/product\/acuvue-oasys-1-day-max-multifocal-30-db\/","title":{"rendered":"Acuvue Oasys 1 Day Max Multifocal 30 db"},"content":{"rendered":"<p>Tiszta l\u00e1t\u00e1s: b\u00e1rmilyen t\u00e1vols\u00e1gon \u00e9s k\u00fcl\u00f6nb\u00f6z\u0151 f\u00e9nyviszonyok k\u00f6z\u00f6tt.<br \/>\nTearStable technol\u00f3gia: optim\u00e1lis hidrat\u00e1lts\u00e1got biztos\u00edt a lencs\u00e9k teljes fel\u00fclet\u00e9n, minimaliz\u00e1lja az irrit\u00e1ci\u00f3 \u00e9s a piross\u00e1g kock\u00e1zat\u00e1t. A k\u00f6nnyfilm stabiliz\u00e1l\u00e1s\u00e1val felel\u0151s az optim\u00e1lis nedvess\u00e9g fenntart\u00e1s\u00e1\u00e9rt az eg\u00e9sz szem fel\u00fclet\u00e9n, ezzel minimaliz\u00e1lva az irrit\u00e1ci\u00f3 kock\u00e1zat\u00e1t \u00e9s a szemsz\u00e1razs\u00e1g t\u00fcneteinek el\u0151fordul\u00e1s\u00e1t.<br \/>\nOptiBlue sz\u0171r\u0151: K\u00e9kf\u00e9ny sz\u0171r\u0151, amely magasfok\u00fa k\u00e9nyelmet biztos\u00edt okostelefonok \u00e9s sz\u00e1m\u00edt\u00f3g\u00e9pek \u00e9s m\u00e1s, digit\u00e1lis kijelz\u0151vel rendelkez\u0151 eszk\u00f6z\u00f6k haszn\u00e1latakor. Az OptiBlue sz\u0171r\u0151 ak\u00e1r 60%-kal cs\u00f6kkenti a szemre k\u00e1ros k\u00e9k f\u00e9nyt.<br \/>\nUV v\u00e9delem: a lencs\u00e9k UV-sz\u0171r\u0151vel vannak ell\u00e1tva, amely blokkolja az UV-A \u00e9s UV-B sugarakat. Szem\u00e9nek teljes v\u00e9delme \u00e9rdek\u00e9ben mindenk\u00e9ppen viseljen napszem\u00fcveget is a k\u00e1ros napsugarak ellen, mivel a kontaktlencse csak a szem egy r\u00e9sz\u00e9t k\u00e9pes eltakarni. V\u00e1logasson kiv\u00e9teles n\u0151i, f\u00e9rfi \u00e9s gyerek napszem\u00fcveg k\u00edn\u00e1latunkb\u00f3l.<\/p>","protected":false},"excerpt":{"rendered":"<p>Acuvue Oasys 1-Day Max Multifocal &#8211; multifok\u00e1lis napi kontaktlencse a presbyopia hat\u00e9kony korrekci\u00f3j\u00e1ra tervezve.<br \/>\nA Johnson &#038; Johnson \u00e1ltal gy\u00e1rtott multifok\u00e1lis kontaktlencse t\u00f6k\u00e9letes \u00e9lesl\u00e1t\u00e1st \u00e9s k\u00e9nyelmet biztos\u00edt k\u00f6zel \u00e9s t\u00e1vol, valamint k\u00f6ztes t\u00e1vols\u00e1gokon is.<\/p>","protected":false},"featured_media":4023,"template":"","meta":[],"product_brand":[],"product_cat":[20],"product_tag":[],"class_list":{"0":"post-6669","1":"product","2":"type-product","3":"status-publish","4":"has-post-thumbnail","6":"product_cat-kontaktlencsek","7":"has-post-title","8":"has-post-date","9":"has-post-category","10":"has-post-tag","11":"has-post-comment","12":"has-post-author","13":"","15":"first","16":"instock","17":"taxable","18":"shipping-taxable","19":"purchasable","20":"product-type-variable"},"builder_content":"","_links":{"self":[{"href":"https:\/\/lenscare.hu\/en\/wp-json\/wp\/v2\/product\/6669","targetHints":{"allow":["GET"]}}],"collection":[{"href":"https:\/\/lenscare.hu\/en\/wp-json\/wp\/v2\/product"}],"about":[{"href":"https:\/\/lenscare.hu\/en\/wp-json\/wp\/v2\/types\/product"}],"wp:featuredmedia":[{"embeddable":true,"href":"https:\/\/lenscare.hu\/en\/wp-json\/wp\/v2\/media\/4023"}],"wp:attachment":[{"href":"https:\/\/lenscare.hu\/en\/wp-json\/wp\/v2\/media?parent=6669"}],"wp:term":[{"taxonomy":"product_brand","embeddable":true,"href":"https:\/\/lenscare.hu\/en\/wp-json\/wp\/v2\/product_brand?post=6669"},{"taxonomy":"product_cat","embeddable":true,"href":"https:\/\/lenscare.hu\/en\/wp-json\/wp\/v2\/product_cat?post=6669"},{"taxonomy":"product_tag","embeddable":true,"href":"https:\/\/lenscare.hu\/en\/wp-json\/wp\/v2\/product_tag?post=6669"}],"curies":[{"name":"wp","href":"https:\/\/api.w.org\/{rel}","templated":true}]}}