{"id":6155,"date":"2025-07-28T09:19:09","date_gmt":"2025-07-28T09:19:09","guid":{"rendered":"https:\/\/lenscare.hu\/?post_type=product&#038;p=6155"},"modified":"2025-07-28T09:19:10","modified_gmt":"2025-07-28T09:19:10","slug":"systane-ultra-szemcsepp-10-ml","status":"publish","type":"product","link":"https:\/\/lenscare.hu\/en\/product\/systane-ultra-szemcsepp-10-ml\/","title":{"rendered":"Systane Ultra szemcsepp 10 ml"},"content":{"rendered":"","protected":false},"excerpt":{"rendered":"<p>Az Alcon ezen hidrat\u00e1l\u00f3 szemcseppjei egy fejlett tart\u00f3s\u00edt\u00f3szer mentes formul\u00e1t tartalmaznak, mely a szemsz\u00e1razs\u00e1g okozta \u00e9g\u00e9s \u00e9s irrit\u00e1ci\u00f3 lek\u00fczd\u00e9s\u00e9\u00e9rt felel\u0151s. A term\u00e9k kiv\u00e1l\u00f3 v\u00e1laszt\u00e1s \u00e9rz\u00e9keny szemre. T\u00f6k\u00e9letesen alkalmasak kontaktlencs\u00e9t visel\u0151 felhaszn\u00e1l\u00f3k sz\u00e1m\u00e1ra is.<br \/>\nA szemcseppet biztons\u00e1gosan haszn\u00e1lhatja k\u00f6zvetlen\u00fcl a lencs\u00e9re. \u00c1tmeneti enyh\u00fcl\u00e9st ny\u00fajt a lencs\u00e9k visel\u00e9se \u00e1ltal okozott id\u0151nk\u00e9nti meger\u0151ltet\u00e9st\u0151l, valamint \u00fajra nedvess\u00e9 \u00e9s k\u00e9nyelmes\u00e9 teszi a lencs\u00e9ket<\/p>","protected":false},"featured_media":6123,"template":"","meta":[],"product_brand":[],"product_cat":[22],"product_tag":[],"class_list":{"0":"post-6155","1":"product","2":"type-product","3":"status-publish","4":"has-post-thumbnail","6":"product_cat-szemcseppek-mukonnyek","7":"has-post-title","8":"has-post-date","9":"has-post-category","10":"has-post-tag","11":"has-post-comment","12":"has-post-author","13":"","15":"first","16":"instock","17":"taxable","18":"shipping-taxable","19":"purchasable","20":"product-type-simple"},"builder_content":"","_links":{"self":[{"href":"https:\/\/lenscare.hu\/en\/wp-json\/wp\/v2\/product\/6155","targetHints":{"allow":["GET"]}}],"collection":[{"href":"https:\/\/lenscare.hu\/en\/wp-json\/wp\/v2\/product"}],"about":[{"href":"https:\/\/lenscare.hu\/en\/wp-json\/wp\/v2\/types\/product"}],"wp:featuredmedia":[{"embeddable":true,"href":"https:\/\/lenscare.hu\/en\/wp-json\/wp\/v2\/media\/6123"}],"wp:attachment":[{"href":"https:\/\/lenscare.hu\/en\/wp-json\/wp\/v2\/media?parent=6155"}],"wp:term":[{"taxonomy":"product_brand","embeddable":true,"href":"https:\/\/lenscare.hu\/en\/wp-json\/wp\/v2\/product_brand?post=6155"},{"taxonomy":"product_cat","embeddable":true,"href":"https:\/\/lenscare.hu\/en\/wp-json\/wp\/v2\/product_cat?post=6155"},{"taxonomy":"product_tag","embeddable":true,"href":"https:\/\/lenscare.hu\/en\/wp-json\/wp\/v2\/product_tag?post=6155"}],"curies":[{"name":"wp","href":"https:\/\/api.w.org\/{rel}","templated":true}]}}