{"id":6154,"date":"2025-07-28T09:19:09","date_gmt":"2025-07-28T09:19:09","guid":{"rendered":"https:\/\/lenscare.hu\/?post_type=product&#038;p=6154"},"modified":"2025-07-28T09:19:10","modified_gmt":"2025-07-28T09:19:10","slug":"systane-hidratalo-lubrikalo-csepp-10ml","status":"publish","type":"product","link":"https:\/\/lenscare.hu\/en\/product\/systane-hidratalo-lubrikalo-csepp-10ml\/","title":{"rendered":"Systane Hidrat\u00e1l\u00f3 Lubrik\u00e1l\u00f3 csepp 10ml"},"content":{"rendered":"","protected":false},"excerpt":{"rendered":"<p>Ez a tart\u00f3s\u00edt\u00f3szer\u00admentes hidrat\u00e1l\u00f3 szemcsepp az Alcon-t\u00f3l gyors \u00e9s hosszan tart\u00f3 enyh\u00fcl\u00e9st ny\u00fajt a kr\u00f3nikus sz\u00e1raz szem szindr\u00f3m\u00e1ban szenved\u0151 betegeknek.<br \/>\nA sz\u00e1raz szem szindr\u00f3m\u00e1t sz\u00e1mos dolog okozhatja, p\u00e9ld\u00e1ul kontaktlencse visel\u00e9se, szemm\u0171t\u00e9t, de ak\u00e1r sz\u00e1m\u00edt\u00f3g\u00e9p k\u00e9perny\u0151je el\u0151tti hosszan tart\u00f3 munkav\u00e9gz\u00e9s, vagy k\u00f6rnyezeti hat\u00e1sok (l\u00e9gkondicion\u00e1l\u00e1s, f\u00fcst, por, sz\u00e9l stb.) is. ). Az Alcon ezzel a term\u00e9kkel minden p\u00e1ciens egyedi ig\u00e9nyeit k\u00edv\u00e1nja kiel\u00e9g\u00edteni.<\/p>\n<p>Mivel ez a szemcsepp nem tartalmaz tart\u00f3s\u00edt\u00f3szert, nagyon el\u0151ny\u00f6s az \u00e9rz\u00e9keny, sz\u00e1raz szem\u0171 betegek sz\u00e1m\u00e1ra, akik gyakran haszn\u00e1lnak lubrikat\u00edv szemcseppeket. Ez a term\u00e9k akt\u00edvan v\u00e9di a szem felsz\u00edn\u00e9t \u00e9s stabiliz\u00e1lja a k\u00f6nnyfilmet. A cseppek n\u00e1trium-hialuron\u00e1tot, egy hidrat\u00e1l\u00f3 anyagot tartalmaznak, amely term\u00e9szetesen el\u0151fordul a k\u00f6nnyben, valamint HP-Guart (Hydroxypropyl Guar Hydroxypropyl\u00adtrimonium Chloride), amely el\u0151seg\u00edti a jobb nedvess\u00e9gfed\u00e9st \u00e9s felsz\u00edv\u00f3d\u00e1st.<br \/>\nA Systane Hydration HydroBoos-t technol\u00f3gi\u00e1val lett gy\u00e1rtva, amely inakt\u00edv \u00f6sszetev\u0151k kombin\u00e1ci\u00f3ja, seg\u00edt megtartani az akt\u00edv ken\u0151anyagokat a szem fel\u00fclet\u00e9n a hosszan tart\u00f3 enyh\u00fcl\u00e9s \u00e9rdek\u00e9ben.<\/p>","protected":false},"featured_media":6122,"template":"","meta":[],"product_brand":[],"product_cat":[22],"product_tag":[],"class_list":{"0":"post-6154","1":"product","2":"type-product","3":"status-publish","4":"has-post-thumbnail","6":"product_cat-szemcseppek-mukonnyek","7":"has-post-title","8":"has-post-date","9":"has-post-category","10":"has-post-tag","11":"has-post-comment","12":"has-post-author","13":"","15":"first","16":"instock","17":"taxable","18":"shipping-taxable","19":"purchasable","20":"product-type-simple"},"builder_content":"","_links":{"self":[{"href":"https:\/\/lenscare.hu\/en\/wp-json\/wp\/v2\/product\/6154","targetHints":{"allow":["GET"]}}],"collection":[{"href":"https:\/\/lenscare.hu\/en\/wp-json\/wp\/v2\/product"}],"about":[{"href":"https:\/\/lenscare.hu\/en\/wp-json\/wp\/v2\/types\/product"}],"wp:featuredmedia":[{"embeddable":true,"href":"https:\/\/lenscare.hu\/en\/wp-json\/wp\/v2\/media\/6122"}],"wp:attachment":[{"href":"https:\/\/lenscare.hu\/en\/wp-json\/wp\/v2\/media?parent=6154"}],"wp:term":[{"taxonomy":"product_brand","embeddable":true,"href":"https:\/\/lenscare.hu\/en\/wp-json\/wp\/v2\/product_brand?post=6154"},{"taxonomy":"product_cat","embeddable":true,"href":"https:\/\/lenscare.hu\/en\/wp-json\/wp\/v2\/product_cat?post=6154"},{"taxonomy":"product_tag","embeddable":true,"href":"https:\/\/lenscare.hu\/en\/wp-json\/wp\/v2\/product_tag?post=6154"}],"curies":[{"name":"wp","href":"https:\/\/api.w.org\/{rel}","templated":true}]}}