{"id":6153,"date":"2025-07-28T09:19:09","date_gmt":"2025-07-28T09:19:09","guid":{"rendered":"https:\/\/lenscare.hu\/?post_type=product&#038;p=6153"},"modified":"2025-07-28T09:19:10","modified_gmt":"2025-07-28T09:19:10","slug":"systane-gel-drops-lubrikalo-10ml","status":"publish","type":"product","link":"https:\/\/lenscare.hu\/en\/product\/systane-gel-drops-lubrikalo-10ml\/","title":{"rendered":"Systane Gel Drops Lubrik\u00e1l\u00f3 10ml"},"content":{"rendered":"","protected":false},"excerpt":{"rendered":"<p>A SYSTANE GEL DROPS lubrik\u00e1l\u00f3 szemg\u00e9l nappal \u00e9s az \u00e9jszaka sor\u00e1n a szemsz\u00e1razs\u00e1g okozta k\u00f6zepesen s\u00falyos \u00e9s s\u00falyos t\u00fcnetek kezel\u00e9s\u00e9re alkalmazhat\u00f3. A k\u00e9sz\u00edtm\u00e9ny kifejezetten a szemfelsz\u00edn lubrik\u00e1l\u00e1s\u00e1ra \u00e9s helyre\u00e1ll\u00edt\u00e1s\u00e1ra szolg\u00e1l, illetve v\u00e9delmet ny\u00fajt a szemfelsz\u00edn tov\u00e1bbi k\u00e1rosod\u00e1sa ellen. G\u00e9lszer\u0171 v\u00e9d\u0151pajzsot k\u00e9pez a szem felsz\u00edn\u00e9n. Kieg\u00e9sz\u00edt\u0151 ter\u00e1pi\u00e1ja lehet a Systane Ultra \u00e9s Balance szemcseppeknek, amikor extra v\u00e9delemre van sz\u00fcks\u00e9g.<\/p>","protected":false},"featured_media":6121,"template":"","meta":[],"product_brand":[],"product_cat":[22],"product_tag":[],"class_list":{"0":"post-6153","1":"product","2":"type-product","3":"status-publish","4":"has-post-thumbnail","6":"product_cat-szemcseppek-mukonnyek","7":"has-post-title","8":"has-post-date","9":"has-post-category","10":"has-post-tag","11":"has-post-comment","12":"has-post-author","13":"","15":"first","16":"instock","17":"taxable","18":"shipping-taxable","19":"purchasable","20":"product-type-simple"},"builder_content":"","_links":{"self":[{"href":"https:\/\/lenscare.hu\/en\/wp-json\/wp\/v2\/product\/6153","targetHints":{"allow":["GET"]}}],"collection":[{"href":"https:\/\/lenscare.hu\/en\/wp-json\/wp\/v2\/product"}],"about":[{"href":"https:\/\/lenscare.hu\/en\/wp-json\/wp\/v2\/types\/product"}],"wp:featuredmedia":[{"embeddable":true,"href":"https:\/\/lenscare.hu\/en\/wp-json\/wp\/v2\/media\/6121"}],"wp:attachment":[{"href":"https:\/\/lenscare.hu\/en\/wp-json\/wp\/v2\/media?parent=6153"}],"wp:term":[{"taxonomy":"product_brand","embeddable":true,"href":"https:\/\/lenscare.hu\/en\/wp-json\/wp\/v2\/product_brand?post=6153"},{"taxonomy":"product_cat","embeddable":true,"href":"https:\/\/lenscare.hu\/en\/wp-json\/wp\/v2\/product_cat?post=6153"},{"taxonomy":"product_tag","embeddable":true,"href":"https:\/\/lenscare.hu\/en\/wp-json\/wp\/v2\/product_tag?post=6153"}],"curies":[{"name":"wp","href":"https:\/\/api.w.org\/{rel}","templated":true}]}}