{"id":6152,"date":"2025-07-28T09:19:09","date_gmt":"2025-07-28T09:19:09","guid":{"rendered":"https:\/\/lenscare.hu\/?post_type=product&#038;p=6152"},"modified":"2025-07-28T09:19:10","modified_gmt":"2025-07-28T09:19:10","slug":"systane-balance-szemcsepp-10ml","status":"publish","type":"product","link":"https:\/\/lenscare.hu\/en\/product\/systane-balance-szemcsepp-10ml\/","title":{"rendered":"Systane Balance szemcsepp 10ml"},"content":{"rendered":"","protected":false},"excerpt":{"rendered":"<p>A Systane Balance hidrat\u00e1l\u00f3 szemcseppek a sz\u00e1raz szem t\u00fcneteinek kezel\u00e9s\u00e9re szolg\u00e1lnak, \u00e9s a szem sz\u00e1razs\u00e1ga \u00e1ltal okozott \u00e9g\u00e9st \u00e9s irrit\u00e1ci\u00f3t enyh\u00edtik. Kontaktlencs\u00e9k visel\u00e9se \u00e1ltal okozott sz\u00e1raz szemek kezel\u00e9s\u00e9re alkalmas \u00e9s v\u00e9ny n\u00e9lk\u00fcl haszn\u00e1lhat\u00f3k.<\/p>","protected":false},"featured_media":6120,"template":"","meta":[],"product_brand":[],"product_cat":[22],"product_tag":[],"class_list":{"0":"post-6152","1":"product","2":"type-product","3":"status-publish","4":"has-post-thumbnail","6":"product_cat-szemcseppek-mukonnyek","7":"has-post-title","8":"has-post-date","9":"has-post-category","10":"has-post-tag","11":"has-post-comment","12":"has-post-author","13":"","15":"first","16":"instock","17":"taxable","18":"shipping-taxable","19":"purchasable","20":"product-type-simple"},"builder_content":"","_links":{"self":[{"href":"https:\/\/lenscare.hu\/en\/wp-json\/wp\/v2\/product\/6152","targetHints":{"allow":["GET"]}}],"collection":[{"href":"https:\/\/lenscare.hu\/en\/wp-json\/wp\/v2\/product"}],"about":[{"href":"https:\/\/lenscare.hu\/en\/wp-json\/wp\/v2\/types\/product"}],"wp:featuredmedia":[{"embeddable":true,"href":"https:\/\/lenscare.hu\/en\/wp-json\/wp\/v2\/media\/6120"}],"wp:attachment":[{"href":"https:\/\/lenscare.hu\/en\/wp-json\/wp\/v2\/media?parent=6152"}],"wp:term":[{"taxonomy":"product_brand","embeddable":true,"href":"https:\/\/lenscare.hu\/en\/wp-json\/wp\/v2\/product_brand?post=6152"},{"taxonomy":"product_cat","embeddable":true,"href":"https:\/\/lenscare.hu\/en\/wp-json\/wp\/v2\/product_cat?post=6152"},{"taxonomy":"product_tag","embeddable":true,"href":"https:\/\/lenscare.hu\/en\/wp-json\/wp\/v2\/product_tag?post=6152"}],"curies":[{"name":"wp","href":"https:\/\/api.w.org\/{rel}","templated":true}]}}