{"id":6151,"date":"2025-07-28T09:19:09","date_gmt":"2025-07-28T09:19:09","guid":{"rendered":"https:\/\/lenscare.hu\/?post_type=product&#038;p=6151"},"modified":"2025-09-02T15:51:51","modified_gmt":"2025-09-02T15:51:51","slug":"renu-multiplus-lubrikalo-csepp-8ml","status":"publish","type":"product","link":"https:\/\/lenscare.hu\/en\/product\/renu-multiplus-lubrikalo-csepp-8ml\/","title":{"rendered":"ReNu Multiplus Lubrik\u00e1l\u00f3 csepp 8ml"},"content":{"rendered":"","protected":false},"excerpt":{"rendered":"<p>ReNu MultiPlus nedves\u00edt\u0151 cseppek a Bausch and Lomb-t\u00f3l a l\u00e1gy kontaktlencs\u00e9k hosszan tart\u00f3 \u00e9s hat\u00e9kony nedves\u00edt\u00e9s\u00e9re szolg\u00e1lnak. Ezek a szemcseppek felfriss\u00edtik a sz\u00e1raz \u00e9s irrit\u00e1lt szemet, \u00e9s fokozz\u00e1k a kontaktlencse visel\u00e9s\u00e9nek k\u00e9nyelm\u00e9t. A szemcsepp felbont\u00e1st\u00f3l sz\u00e1molva 30 napig haszn\u00e1lhat\u00f3.<\/p>","protected":false},"featured_media":6119,"template":"","meta":[],"product_brand":[],"product_cat":[22],"product_tag":[],"class_list":{"0":"post-6151","1":"product","2":"type-product","3":"status-publish","4":"has-post-thumbnail","6":"product_cat-szemcseppek-mukonnyek","7":"has-post-title","8":"has-post-date","9":"has-post-category","10":"has-post-tag","11":"has-post-comment","12":"has-post-author","13":"","15":"first","16":"outofstock","17":"taxable","18":"shipping-taxable","19":"purchasable","20":"product-type-simple"},"builder_content":"","_links":{"self":[{"href":"https:\/\/lenscare.hu\/en\/wp-json\/wp\/v2\/product\/6151","targetHints":{"allow":["GET"]}}],"collection":[{"href":"https:\/\/lenscare.hu\/en\/wp-json\/wp\/v2\/product"}],"about":[{"href":"https:\/\/lenscare.hu\/en\/wp-json\/wp\/v2\/types\/product"}],"wp:featuredmedia":[{"embeddable":true,"href":"https:\/\/lenscare.hu\/en\/wp-json\/wp\/v2\/media\/6119"}],"wp:attachment":[{"href":"https:\/\/lenscare.hu\/en\/wp-json\/wp\/v2\/media?parent=6151"}],"wp:term":[{"taxonomy":"product_brand","embeddable":true,"href":"https:\/\/lenscare.hu\/en\/wp-json\/wp\/v2\/product_brand?post=6151"},{"taxonomy":"product_cat","embeddable":true,"href":"https:\/\/lenscare.hu\/en\/wp-json\/wp\/v2\/product_cat?post=6151"},{"taxonomy":"product_tag","embeddable":true,"href":"https:\/\/lenscare.hu\/en\/wp-json\/wp\/v2\/product_tag?post=6151"}],"curies":[{"name":"wp","href":"https:\/\/api.w.org\/{rel}","templated":true}]}}