{"id":6150,"date":"2025-07-28T09:19:09","date_gmt":"2025-07-28T09:19:09","guid":{"rendered":"https:\/\/lenscare.hu\/?post_type=product&#038;p=6150"},"modified":"2025-07-28T09:19:10","modified_gmt":"2025-07-28T09:19:10","slug":"refresh-contacts-szemcsepp-15ml","status":"publish","type":"product","link":"https:\/\/lenscare.hu\/en\/product\/refresh-contacts-szemcsepp-15ml\/","title":{"rendered":"Refresh Contacts szemcsepp 15ml"},"content":{"rendered":"","protected":false},"excerpt":{"rendered":"<p>A Refresh Contacts\u00ae b\u00e1rmilyen t\u00edpus\u00fa kontaktlencse nedves\u00edt\u00e9s\u00e9re \u00e9s nedvess\u00e9gp\u00f3tl\u00e1s\u00e1ra szolg\u00e1l.<br \/>\nA kontaktlencse visel\u00e9s\u00e9vel \u00f6sszef\u00fcgg\u0151 szemsz\u00e1razs\u00e1g, kellemetlen \u00e9rz\u00e9s \u00e9s szemirrit\u00e1ci\u00f3 enyh\u00edt\u00e9s\u00e9re javallott.<br \/>\nAzonnali nyugtat\u00f3 enyh\u00fcl\u00e9st biztos\u00edt a kontaktlencse visel\u00e9s kellemetlen t\u00fcnetei, p\u00e9ld\u00e1ul a szemsz\u00e1razs\u00e1g \u00e9s a szemirrit\u00e1ci\u00f3 eset\u00e9n.<br \/>\nMeghosszabb\u00edtja a kontaktlencse visel\u00e9si idej\u00e9t, mivel hosszantart\u00f3 k\u00e9nyelmet biztos\u00edt minden kontaktlencs\u00e9t visel\u0151 sz\u00e1m\u00e1ra.<br \/>\nB\u00e1rmilyen anyagb\u00f3l k\u00e9sz\u00fclt kontaktlencs\u00e9vel (l\u00e1gy vagy merev g\u00e1z\u00e1tereszt\u0151) haszn\u00e1lhat\u00f3.<br \/>\nBiztons\u00e1gosan alkalmazhat\u00f3 a szemfelsz\u00ednen kontaktlencse jelenl\u00e9t\u00e9ben vagy an\u00e9lk\u00fcl is.<\/p>","protected":false},"featured_media":6118,"template":"","meta":[],"product_brand":[],"product_cat":[22],"product_tag":[],"class_list":{"0":"post-6150","1":"product","2":"type-product","3":"status-publish","4":"has-post-thumbnail","6":"product_cat-szemcseppek-mukonnyek","7":"has-post-title","8":"has-post-date","9":"has-post-category","10":"has-post-tag","11":"has-post-comment","12":"has-post-author","13":"","15":"first","16":"instock","17":"taxable","18":"shipping-taxable","19":"purchasable","20":"product-type-simple"},"builder_content":"","_links":{"self":[{"href":"https:\/\/lenscare.hu\/en\/wp-json\/wp\/v2\/product\/6150","targetHints":{"allow":["GET"]}}],"collection":[{"href":"https:\/\/lenscare.hu\/en\/wp-json\/wp\/v2\/product"}],"about":[{"href":"https:\/\/lenscare.hu\/en\/wp-json\/wp\/v2\/types\/product"}],"wp:featuredmedia":[{"embeddable":true,"href":"https:\/\/lenscare.hu\/en\/wp-json\/wp\/v2\/media\/6118"}],"wp:attachment":[{"href":"https:\/\/lenscare.hu\/en\/wp-json\/wp\/v2\/media?parent=6150"}],"wp:term":[{"taxonomy":"product_brand","embeddable":true,"href":"https:\/\/lenscare.hu\/en\/wp-json\/wp\/v2\/product_brand?post=6150"},{"taxonomy":"product_cat","embeddable":true,"href":"https:\/\/lenscare.hu\/en\/wp-json\/wp\/v2\/product_cat?post=6150"},{"taxonomy":"product_tag","embeddable":true,"href":"https:\/\/lenscare.hu\/en\/wp-json\/wp\/v2\/product_tag?post=6150"}],"curies":[{"name":"wp","href":"https:\/\/api.w.org\/{rel}","templated":true}]}}