{"id":6149,"date":"2025-07-28T09:19:09","date_gmt":"2025-07-28T09:19:09","guid":{"rendered":"https:\/\/lenscare.hu\/?post_type=product&#038;p=6149"},"modified":"2025-09-02T15:51:05","modified_gmt":"2025-09-02T15:51:05","slug":"ocutears-szemcsepp-10-ml","status":"publish","type":"product","link":"https:\/\/lenscare.hu\/en\/product\/ocutears-szemcsepp-10-ml\/","title":{"rendered":"Ocutears szemcsepp 10 ml"},"content":{"rendered":"","protected":false},"excerpt":{"rendered":"<p>Tart\u00f3s\u00edt\u00f3szer-mentes, 0,15% n\u00e1trium- hialuron\u00e1t tartalm\u00fa szemcsepp. Hosszan tart\u00f3 enyh\u00fcl\u00e9s a sz\u00far\u00f3, \u00e9g\u0151, sz\u00e1raz szem t\u00fcneteire. Egyed\u00fcl\u00e1ll\u00f3an\u00a0<strong>ultranagy molekulas\u00faly\u00fa hialuronsavat<\/strong>\u00a0tartalmaz.<\/p>\n<div>\n<div class=\"tab\"><\/div>\n<\/div>","protected":false},"featured_media":6117,"template":"","meta":[],"product_brand":[],"product_cat":[22],"product_tag":[],"class_list":{"0":"post-6149","1":"product","2":"type-product","3":"status-publish","4":"has-post-thumbnail","6":"product_cat-szemcseppek-mukonnyek","7":"has-post-title","8":"has-post-date","9":"has-post-category","10":"has-post-tag","11":"has-post-comment","12":"has-post-author","13":"","15":"first","16":"outofstock","17":"taxable","18":"shipping-taxable","19":"purchasable","20":"product-type-simple"},"builder_content":"","_links":{"self":[{"href":"https:\/\/lenscare.hu\/en\/wp-json\/wp\/v2\/product\/6149","targetHints":{"allow":["GET"]}}],"collection":[{"href":"https:\/\/lenscare.hu\/en\/wp-json\/wp\/v2\/product"}],"about":[{"href":"https:\/\/lenscare.hu\/en\/wp-json\/wp\/v2\/types\/product"}],"wp:featuredmedia":[{"embeddable":true,"href":"https:\/\/lenscare.hu\/en\/wp-json\/wp\/v2\/media\/6117"}],"wp:attachment":[{"href":"https:\/\/lenscare.hu\/en\/wp-json\/wp\/v2\/media?parent=6149"}],"wp:term":[{"taxonomy":"product_brand","embeddable":true,"href":"https:\/\/lenscare.hu\/en\/wp-json\/wp\/v2\/product_brand?post=6149"},{"taxonomy":"product_cat","embeddable":true,"href":"https:\/\/lenscare.hu\/en\/wp-json\/wp\/v2\/product_cat?post=6149"},{"taxonomy":"product_tag","embeddable":true,"href":"https:\/\/lenscare.hu\/en\/wp-json\/wp\/v2\/product_tag?post=6149"}],"curies":[{"name":"wp","href":"https:\/\/api.w.org\/{rel}","templated":true}]}}