{"id":6148,"date":"2025-07-28T09:19:09","date_gmt":"2025-07-28T09:19:09","guid":{"rendered":"https:\/\/lenscare.hu\/?post_type=product&#038;p=6148"},"modified":"2025-07-28T09:19:10","modified_gmt":"2025-07-28T09:19:10","slug":"laim-premium-moisture-spray-10ml","status":"publish","type":"product","link":"https:\/\/lenscare.hu\/en\/product\/laim-premium-moisture-spray-10ml\/","title":{"rendered":"Laim Premium Moisture Spray 10ml"},"content":{"rendered":"","protected":false},"excerpt":{"rendered":"<p>A Laim Premium Moisture Spray stabiliz\u00e1lja a k\u00f6nny filmr\u00e9tegen tal\u00e1lhat\u00f3 lipid r\u00e9teget, meger\u0151s\u00edti a szemek nedvess\u00e9g\u00e9t, \u00e9s k\u00e9nyelmess\u00e9 teszi a hidrog\u00e9l \u00e9s szilikon hidrog\u00e9l kontaktlencs\u00e9k viselet\u00e9t.<\/p>","protected":false},"featured_media":6116,"template":"","meta":[],"product_brand":[],"product_cat":[22],"product_tag":[],"class_list":{"0":"post-6148","1":"product","2":"type-product","3":"status-publish","4":"has-post-thumbnail","6":"product_cat-szemcseppek-mukonnyek","7":"has-post-title","8":"has-post-date","9":"has-post-category","10":"has-post-tag","11":"has-post-comment","12":"has-post-author","13":"","15":"first","16":"instock","17":"taxable","18":"shipping-taxable","19":"purchasable","20":"product-type-simple"},"builder_content":"","_links":{"self":[{"href":"https:\/\/lenscare.hu\/en\/wp-json\/wp\/v2\/product\/6148","targetHints":{"allow":["GET"]}}],"collection":[{"href":"https:\/\/lenscare.hu\/en\/wp-json\/wp\/v2\/product"}],"about":[{"href":"https:\/\/lenscare.hu\/en\/wp-json\/wp\/v2\/types\/product"}],"wp:featuredmedia":[{"embeddable":true,"href":"https:\/\/lenscare.hu\/en\/wp-json\/wp\/v2\/media\/6116"}],"wp:attachment":[{"href":"https:\/\/lenscare.hu\/en\/wp-json\/wp\/v2\/media?parent=6148"}],"wp:term":[{"taxonomy":"product_brand","embeddable":true,"href":"https:\/\/lenscare.hu\/en\/wp-json\/wp\/v2\/product_brand?post=6148"},{"taxonomy":"product_cat","embeddable":true,"href":"https:\/\/lenscare.hu\/en\/wp-json\/wp\/v2\/product_cat?post=6148"},{"taxonomy":"product_tag","embeddable":true,"href":"https:\/\/lenscare.hu\/en\/wp-json\/wp\/v2\/product_tag?post=6148"}],"curies":[{"name":"wp","href":"https:\/\/api.w.org\/{rel}","templated":true}]}}