{"id":6147,"date":"2025-07-28T09:19:09","date_gmt":"2025-07-28T09:19:09","guid":{"rendered":"https:\/\/lenscare.hu\/?post_type=product&#038;p=6147"},"modified":"2025-07-28T09:19:10","modified_gmt":"2025-07-28T09:19:10","slug":"cationorm-szemcsepp-10-ml","status":"publish","type":"product","link":"https:\/\/lenscare.hu\/en\/product\/cationorm-szemcsepp-10-ml\/","title":{"rendered":"Cationorm szemcsepp 10 ml"},"content":{"rendered":"","protected":false},"excerpt":{"rendered":"<p>A Cationorm\u00ae speci\u00e1lis emulzi\u00f3s szemcsepp, amely tart\u00f3san enyh\u00edti a szemsz\u00e1razs\u00e1g t\u00fcneteit, f\u00fcggetlen\u00fcl annak okait\u00f3l. Ez a m\u0171k\u00f6nny egy egyedi kationos emulzi\u00f3, amely hat\u00e9konyan imit\u00e1lja a val\u00f3di k\u00f6nnyeket, a hely\u00e9n tartja a nedvess\u00e9get, \u00e9s megakad\u00e1lyozza a p\u00e1rolg\u00e1st, hogy seg\u00edtsen fenntartani a megfelel\u0151 k\u00f6nny\u00e1raml\u00e1st.<\/p>","protected":false},"featured_media":6115,"template":"","meta":[],"product_brand":[],"product_cat":[22],"product_tag":[],"class_list":{"0":"post-6147","1":"product","2":"type-product","3":"status-publish","4":"has-post-thumbnail","6":"product_cat-szemcseppek-mukonnyek","7":"has-post-title","8":"has-post-date","9":"has-post-category","10":"has-post-tag","11":"has-post-comment","12":"has-post-author","13":"","15":"first","16":"instock","17":"taxable","18":"shipping-taxable","19":"purchasable","20":"product-type-simple"},"builder_content":"","_links":{"self":[{"href":"https:\/\/lenscare.hu\/en\/wp-json\/wp\/v2\/product\/6147","targetHints":{"allow":["GET"]}}],"collection":[{"href":"https:\/\/lenscare.hu\/en\/wp-json\/wp\/v2\/product"}],"about":[{"href":"https:\/\/lenscare.hu\/en\/wp-json\/wp\/v2\/types\/product"}],"wp:featuredmedia":[{"embeddable":true,"href":"https:\/\/lenscare.hu\/en\/wp-json\/wp\/v2\/media\/6115"}],"wp:attachment":[{"href":"https:\/\/lenscare.hu\/en\/wp-json\/wp\/v2\/media?parent=6147"}],"wp:term":[{"taxonomy":"product_brand","embeddable":true,"href":"https:\/\/lenscare.hu\/en\/wp-json\/wp\/v2\/product_brand?post=6147"},{"taxonomy":"product_cat","embeddable":true,"href":"https:\/\/lenscare.hu\/en\/wp-json\/wp\/v2\/product_cat?post=6147"},{"taxonomy":"product_tag","embeddable":true,"href":"https:\/\/lenscare.hu\/en\/wp-json\/wp\/v2\/product_tag?post=6147"}],"curies":[{"name":"wp","href":"https:\/\/api.w.org\/{rel}","templated":true}]}}