{"id":6146,"date":"2025-07-28T09:19:09","date_gmt":"2025-07-28T09:19:09","guid":{"rendered":"https:\/\/lenscare.hu\/?post_type=product&#038;p=6146"},"modified":"2025-07-28T09:19:09","modified_gmt":"2025-07-28T09:19:09","slug":"blink-refreshing-daily-eye-drops-10-ml","status":"publish","type":"product","link":"https:\/\/lenscare.hu\/en\/product\/blink-refreshing-daily-eye-drops-10-ml\/","title":{"rendered":"Blink Refreshing Daily Eye Drops 10 ml"},"content":{"rendered":"","protected":false},"excerpt":{"rendered":"<p>A Blink Refreshing Eye szemspray a szemcseppek kiv\u00e1l\u00f3 alternat\u00edv\u00e1ja, \u00e9s seg\u00edthet enyh\u00edteni a szemf\u00e1radts\u00e1got \u00e9s az enyhe irrit\u00e1ci\u00f3t vagy a szem sz\u00e1razs\u00e1g\u00e1t. Kiv\u00e1l\u00f3 biokompatibilis tulajdons\u00e1gokkal rendelkezik, mint p\u00e9ld\u00e1ul a 7,2-es pH \u00e9rt\u00e9k (amely k\u00f6zeli a k\u00f6nnyek term\u00e9szetes pH \u00e9rt\u00e9k\u00e9hez).<\/p>","protected":false},"featured_media":6114,"template":"","meta":[],"product_brand":[],"product_cat":[22],"product_tag":[],"class_list":{"0":"post-6146","1":"product","2":"type-product","3":"status-publish","4":"has-post-thumbnail","6":"product_cat-szemcseppek-mukonnyek","7":"has-post-title","8":"has-post-date","9":"has-post-category","10":"has-post-tag","11":"has-post-comment","12":"has-post-author","13":"","15":"first","16":"instock","17":"taxable","18":"shipping-taxable","19":"purchasable","20":"product-type-simple"},"builder_content":"","_links":{"self":[{"href":"https:\/\/lenscare.hu\/en\/wp-json\/wp\/v2\/product\/6146","targetHints":{"allow":["GET"]}}],"collection":[{"href":"https:\/\/lenscare.hu\/en\/wp-json\/wp\/v2\/product"}],"about":[{"href":"https:\/\/lenscare.hu\/en\/wp-json\/wp\/v2\/types\/product"}],"wp:featuredmedia":[{"embeddable":true,"href":"https:\/\/lenscare.hu\/en\/wp-json\/wp\/v2\/media\/6114"}],"wp:attachment":[{"href":"https:\/\/lenscare.hu\/en\/wp-json\/wp\/v2\/media?parent=6146"}],"wp:term":[{"taxonomy":"product_brand","embeddable":true,"href":"https:\/\/lenscare.hu\/en\/wp-json\/wp\/v2\/product_brand?post=6146"},{"taxonomy":"product_cat","embeddable":true,"href":"https:\/\/lenscare.hu\/en\/wp-json\/wp\/v2\/product_cat?post=6146"},{"taxonomy":"product_tag","embeddable":true,"href":"https:\/\/lenscare.hu\/en\/wp-json\/wp\/v2\/product_tag?post=6146"}],"curies":[{"name":"wp","href":"https:\/\/api.w.org\/{rel}","templated":true}]}}