{"id":6145,"date":"2025-07-28T09:19:09","date_gmt":"2025-07-28T09:19:09","guid":{"rendered":"https:\/\/lenscare.hu\/?post_type=product&#038;p=6145"},"modified":"2025-07-28T09:19:09","modified_gmt":"2025-07-28T09:19:09","slug":"blink-n-clean-daily-eye-drops-15-ml","status":"publish","type":"product","link":"https:\/\/lenscare.hu\/en\/product\/blink-n-clean-daily-eye-drops-15-ml\/","title":{"rendered":"Blink N Clean Daily Eye drops 15 ml"},"content":{"rendered":"","protected":false},"excerpt":{"rendered":"<p>A Blink N Clean 15 ml-es szemcsepp azonnali megk\u00f6nnyebb\u00fcl\u00e9st biztos\u00edt, ha kontaktlencse visel\u00e9se k\u00f6zben b\u00e1rmilyen kellemetlens\u00e9get tapasztal. F\u00e1radtak a szemei? Irrit\u00e1ci\u00f3t vagy \u00e9g\u0151 \u00e9rz\u00e9st tapasztal? Akkor haszn\u00e1ljon 1 &#8211; 2 cseppet a Blink-N-Clean szemcseppb\u0151l! Ezek a cseppek k\u00f6zvetlen\u00fcl haszn\u00e1lhat\u00f3k kontaktlencs\u00e9re is, \u00edgy nincs sz\u00fcks\u00e9g azok elt\u00e1vol\u00edt\u00e1s\u00e1ra haszn\u00e1lat sor\u00e1n. A Blink N Clean aj\u00e1nlott azok sz\u00e1m\u00e1ra, akik kiterjesztetten viselnek kontaktlencs\u00e9ket.<br \/>\nA Blink N Clean-t \u00fagy tervezt\u00e9k, hogy a szennyez\u0151d\u00e9seket \u00e9s lerak\u00f3d\u00e1sokat le\u00f6bl\u00edtse, mik\u00f6zben a szem\u00e9t \u00e9s kontaktlencs\u00e9it hidrat\u00e1lja, \u00edgy a lencs\u00e9k tiszt\u00e1k \u00e9s k\u00e9nyelmesek lesznek, szemei pedig eg\u00e9szs\u00e9ges \u00e9rzet\u0171ek.<\/p>","protected":false},"featured_media":6113,"template":"","meta":[],"product_brand":[],"product_cat":[22],"product_tag":[],"class_list":{"0":"post-6145","1":"product","2":"type-product","3":"status-publish","4":"has-post-thumbnail","6":"product_cat-szemcseppek-mukonnyek","7":"has-post-title","8":"has-post-date","9":"has-post-category","10":"has-post-tag","11":"has-post-comment","12":"has-post-author","13":"","15":"first","16":"instock","17":"taxable","18":"shipping-taxable","19":"purchasable","20":"product-type-simple"},"builder_content":"","_links":{"self":[{"href":"https:\/\/lenscare.hu\/en\/wp-json\/wp\/v2\/product\/6145","targetHints":{"allow":["GET"]}}],"collection":[{"href":"https:\/\/lenscare.hu\/en\/wp-json\/wp\/v2\/product"}],"about":[{"href":"https:\/\/lenscare.hu\/en\/wp-json\/wp\/v2\/types\/product"}],"wp:featuredmedia":[{"embeddable":true,"href":"https:\/\/lenscare.hu\/en\/wp-json\/wp\/v2\/media\/6113"}],"wp:attachment":[{"href":"https:\/\/lenscare.hu\/en\/wp-json\/wp\/v2\/media?parent=6145"}],"wp:term":[{"taxonomy":"product_brand","embeddable":true,"href":"https:\/\/lenscare.hu\/en\/wp-json\/wp\/v2\/product_brand?post=6145"},{"taxonomy":"product_cat","embeddable":true,"href":"https:\/\/lenscare.hu\/en\/wp-json\/wp\/v2\/product_cat?post=6145"},{"taxonomy":"product_tag","embeddable":true,"href":"https:\/\/lenscare.hu\/en\/wp-json\/wp\/v2\/product_tag?post=6145"}],"curies":[{"name":"wp","href":"https:\/\/api.w.org\/{rel}","templated":true}]}}