{"id":6144,"date":"2025-07-28T09:19:09","date_gmt":"2025-07-28T09:19:09","guid":{"rendered":"https:\/\/lenscare.hu\/?post_type=product&#038;p=6144"},"modified":"2025-07-28T09:19:09","modified_gmt":"2025-07-28T09:19:09","slug":"blink-intensive-soothing-eye-drops-10-ml","status":"publish","type":"product","link":"https:\/\/lenscare.hu\/en\/product\/blink-intensive-soothing-eye-drops-10-ml\/","title":{"rendered":"Blink Intensive soothing eye drops 10 ml"},"content":{"rendered":"","protected":false},"excerpt":{"rendered":"<p>A szemek hosszan tart\u00f3 hidrat\u00e1l\u00e1s\u00e1t biztos\u00edtja, valamint azonnali megk\u00f6nnyebb\u00fcl\u00e9st biztos\u00edt szemf\u00e1rads\u00e1g eset\u00e9n. A Blink intensive tears szemcseppnek k\u00f6sz\u00f6nhet\u0151en t\u00f6bb\u00e9 nem fogja tapasztalni a viszket\u00e9st, az irrit\u00e1ci\u00f3t, az \u00e9g\u0151 \u00e9rz\u00e9st vagy a szemf\u00e1radts\u00e1got.<\/p>","protected":false},"featured_media":6112,"template":"","meta":[],"product_brand":[],"product_cat":[22],"product_tag":[],"class_list":{"0":"post-6144","1":"product","2":"type-product","3":"status-publish","4":"has-post-thumbnail","6":"product_cat-szemcseppek-mukonnyek","7":"has-post-title","8":"has-post-date","9":"has-post-category","10":"has-post-tag","11":"has-post-comment","12":"has-post-author","13":"","15":"first","16":"instock","17":"taxable","18":"shipping-taxable","19":"purchasable","20":"product-type-simple"},"builder_content":"","_links":{"self":[{"href":"https:\/\/lenscare.hu\/en\/wp-json\/wp\/v2\/product\/6144","targetHints":{"allow":["GET"]}}],"collection":[{"href":"https:\/\/lenscare.hu\/en\/wp-json\/wp\/v2\/product"}],"about":[{"href":"https:\/\/lenscare.hu\/en\/wp-json\/wp\/v2\/types\/product"}],"wp:featuredmedia":[{"embeddable":true,"href":"https:\/\/lenscare.hu\/en\/wp-json\/wp\/v2\/media\/6112"}],"wp:attachment":[{"href":"https:\/\/lenscare.hu\/en\/wp-json\/wp\/v2\/media?parent=6144"}],"wp:term":[{"taxonomy":"product_brand","embeddable":true,"href":"https:\/\/lenscare.hu\/en\/wp-json\/wp\/v2\/product_brand?post=6144"},{"taxonomy":"product_cat","embeddable":true,"href":"https:\/\/lenscare.hu\/en\/wp-json\/wp\/v2\/product_cat?post=6144"},{"taxonomy":"product_tag","embeddable":true,"href":"https:\/\/lenscare.hu\/en\/wp-json\/wp\/v2\/product_tag?post=6144"}],"curies":[{"name":"wp","href":"https:\/\/api.w.org\/{rel}","templated":true}]}}