{"id":6143,"date":"2025-07-28T09:19:09","date_gmt":"2025-07-28T09:19:09","guid":{"rendered":"https:\/\/lenscare.hu\/?post_type=product&#038;p=6143"},"modified":"2025-07-28T09:19:09","modified_gmt":"2025-07-28T09:19:09","slug":"blink-contacts-daily-eye-drops-10-ml","status":"publish","type":"product","link":"https:\/\/lenscare.hu\/en\/product\/blink-contacts-daily-eye-drops-10-ml\/","title":{"rendered":"Blink Contacts Daily Eye Drops 10 ml"},"content":{"rendered":"","protected":false},"excerpt":{"rendered":"<p>A Blink Contacts hidrat\u00e1l\u00f3 szemcseppek azonnali enyh\u00fcl\u00e9st biztos\u00edtanak a kellemetlen sz\u00e1razs\u00e1gt\u00f3l, irrit\u00e1ci\u00f3t\u00f3l \u00e9s f\u00e1radts\u00e1gt\u00f3l szenved\u0151 szemnek az\u00e1ltal, hogy azonnal nyugtat, friss\u00edt \u00e9s regener\u00e1l. Ezek a cseppek a kontaktlencs\u00e9k minden t\u00edpus\u00e1hoz haszn\u00e1lhat\u00f3k, \u00e9s enyh\u00edtik a sz\u00e1raz szem szindr\u00f3m\u00e1val j\u00e1r\u00f3 t\u00fcneteket is.<\/p>","protected":false},"featured_media":6111,"template":"","meta":[],"product_brand":[],"product_cat":[22],"product_tag":[],"class_list":{"0":"post-6143","1":"product","2":"type-product","3":"status-publish","4":"has-post-thumbnail","6":"product_cat-szemcseppek-mukonnyek","7":"has-post-title","8":"has-post-date","9":"has-post-category","10":"has-post-tag","11":"has-post-comment","12":"has-post-author","13":"","15":"first","16":"instock","17":"taxable","18":"shipping-taxable","19":"purchasable","20":"product-type-simple"},"builder_content":"","_links":{"self":[{"href":"https:\/\/lenscare.hu\/en\/wp-json\/wp\/v2\/product\/6143","targetHints":{"allow":["GET"]}}],"collection":[{"href":"https:\/\/lenscare.hu\/en\/wp-json\/wp\/v2\/product"}],"about":[{"href":"https:\/\/lenscare.hu\/en\/wp-json\/wp\/v2\/types\/product"}],"wp:featuredmedia":[{"embeddable":true,"href":"https:\/\/lenscare.hu\/en\/wp-json\/wp\/v2\/media\/6111"}],"wp:attachment":[{"href":"https:\/\/lenscare.hu\/en\/wp-json\/wp\/v2\/media?parent=6143"}],"wp:term":[{"taxonomy":"product_brand","embeddable":true,"href":"https:\/\/lenscare.hu\/en\/wp-json\/wp\/v2\/product_brand?post=6143"},{"taxonomy":"product_cat","embeddable":true,"href":"https:\/\/lenscare.hu\/en\/wp-json\/wp\/v2\/product_cat?post=6143"},{"taxonomy":"product_tag","embeddable":true,"href":"https:\/\/lenscare.hu\/en\/wp-json\/wp\/v2\/product_tag?post=6143"}],"curies":[{"name":"wp","href":"https:\/\/api.w.org\/{rel}","templated":true}]}}