{"id":6054,"date":"2025-07-10T09:12:42","date_gmt":"2025-07-10T09:12:42","guid":{"rendered":"https:\/\/lenscare.hu\/?post_type=product&#038;p=6054"},"modified":"2025-07-24T14:28:15","modified_gmt":"2025-07-24T14:28:15","slug":"solocare-aqua-90-ml","status":"publish","type":"product","link":"https:\/\/lenscare.hu\/en\/product\/solocare-aqua-90-ml\/","title":{"rendered":"SoloCare Aqua 90 ml"},"content":{"rendered":"","protected":false},"excerpt":{"rendered":"<p>B\u00e1rmely t\u00edpus\u00fa l\u00e1gy kontaktlencs\u00e9hez haszn\u00e1lhat\u00f3 tiszt\u00edt\u00f3, \u00f6bl\u00edt\u0151, fert\u0151tlen\u00edt\u0151, t\u00e1rol\u00f3, feh\u00e9rje elt\u00e1vol\u00edt\u00f3 \u00e9s nedves\u00edt\u0151 hat\u00e1ssal rendelkez\u0151 t\u00f6bbfunkci\u00f3s \/ fert\u0151tlen\u00edt\u0151 oldat. Az antibakteri\u00e1lis MicroBlock<sup>\u2122<\/sup>\u00a0lencsetart\u00f3 tok ez\u00fcst\u00f6t tartalmaz.<\/p>","protected":false},"featured_media":6058,"template":"","meta":[],"product_brand":[],"product_cat":[21],"product_tag":[],"class_list":{"0":"post-6054","1":"product","2":"type-product","3":"status-publish","4":"has-post-thumbnail","6":"product_cat-apoloszerek","7":"has-post-title","8":"has-post-date","9":"has-post-category","10":"has-post-tag","11":"has-post-comment","12":"has-post-author","13":"","15":"first","16":"instock","17":"taxable","18":"shipping-taxable","19":"purchasable","20":"product-type-simple"},"builder_content":"","_links":{"self":[{"href":"https:\/\/lenscare.hu\/en\/wp-json\/wp\/v2\/product\/6054","targetHints":{"allow":["GET"]}}],"collection":[{"href":"https:\/\/lenscare.hu\/en\/wp-json\/wp\/v2\/product"}],"about":[{"href":"https:\/\/lenscare.hu\/en\/wp-json\/wp\/v2\/types\/product"}],"wp:featuredmedia":[{"embeddable":true,"href":"https:\/\/lenscare.hu\/en\/wp-json\/wp\/v2\/media\/6058"}],"wp:attachment":[{"href":"https:\/\/lenscare.hu\/en\/wp-json\/wp\/v2\/media?parent=6054"}],"wp:term":[{"taxonomy":"product_brand","embeddable":true,"href":"https:\/\/lenscare.hu\/en\/wp-json\/wp\/v2\/product_brand?post=6054"},{"taxonomy":"product_cat","embeddable":true,"href":"https:\/\/lenscare.hu\/en\/wp-json\/wp\/v2\/product_cat?post=6054"},{"taxonomy":"product_tag","embeddable":true,"href":"https:\/\/lenscare.hu\/en\/wp-json\/wp\/v2\/product_tag?post=6054"}],"curies":[{"name":"wp","href":"https:\/\/api.w.org\/{rel}","templated":true}]}}