{"id":6020,"date":"2025-07-10T09:12:34","date_gmt":"2025-07-10T09:12:34","guid":{"rendered":"https:\/\/lenscare.hu\/?post_type=product&#038;p=6020"},"modified":"2025-07-24T14:30:19","modified_gmt":"2025-07-24T14:30:19","slug":"renu-multiplus-2-x-360-ml","status":"publish","type":"product","link":"https:\/\/lenscare.hu\/en\/product\/renu-multiplus-2-x-360-ml\/","title":{"rendered":"ReNu MultiPlus 2 x 360 ml"},"content":{"rendered":"","protected":false},"excerpt":{"rendered":"<p>A Renu\u00ae Multiplus egy univerz\u00e1lis kontaktlencse folyad\u00e9k. Aj\u00e1nljuk\u00a0minden l\u00e1gy hidrog\u00e9l, szilkon-hidrog\u00e9l kontaktlencs\u00e9hez. Nedves\u00edti a szemet \u00e9s elt\u00e1vol\u00edtja a kontaktlencsevisel\u00e9s sor\u00e1n lerak\u00f3dott feh\u00e9rj\u00e9ket. Minumum \u00e1pol\u00e1si id\u0151: 4 \u00f3ra<\/p>","protected":false},"featured_media":6049,"template":"","meta":[],"product_brand":[],"product_cat":[21],"product_tag":[],"class_list":{"0":"post-6020","1":"product","2":"type-product","3":"status-publish","4":"has-post-thumbnail","6":"product_cat-apoloszerek","7":"has-post-title","8":"has-post-date","9":"has-post-category","10":"has-post-tag","11":"has-post-comment","12":"has-post-author","13":"","15":"first","16":"instock","17":"taxable","18":"shipping-taxable","19":"purchasable","20":"product-type-simple"},"builder_content":"","_links":{"self":[{"href":"https:\/\/lenscare.hu\/en\/wp-json\/wp\/v2\/product\/6020","targetHints":{"allow":["GET"]}}],"collection":[{"href":"https:\/\/lenscare.hu\/en\/wp-json\/wp\/v2\/product"}],"about":[{"href":"https:\/\/lenscare.hu\/en\/wp-json\/wp\/v2\/types\/product"}],"wp:featuredmedia":[{"embeddable":true,"href":"https:\/\/lenscare.hu\/en\/wp-json\/wp\/v2\/media\/6049"}],"wp:attachment":[{"href":"https:\/\/lenscare.hu\/en\/wp-json\/wp\/v2\/media?parent=6020"}],"wp:term":[{"taxonomy":"product_brand","embeddable":true,"href":"https:\/\/lenscare.hu\/en\/wp-json\/wp\/v2\/product_brand?post=6020"},{"taxonomy":"product_cat","embeddable":true,"href":"https:\/\/lenscare.hu\/en\/wp-json\/wp\/v2\/product_cat?post=6020"},{"taxonomy":"product_tag","embeddable":true,"href":"https:\/\/lenscare.hu\/en\/wp-json\/wp\/v2\/product_tag?post=6020"}],"curies":[{"name":"wp","href":"https:\/\/api.w.org\/{rel}","templated":true}]}}