{"id":6017,"date":"2025-07-10T09:12:34","date_gmt":"2025-07-10T09:12:34","guid":{"rendered":"https:\/\/lenscare.hu\/?post_type=product&#038;p=6017"},"modified":"2025-07-24T14:31:07","modified_gmt":"2025-07-24T14:31:07","slug":"renu-advanced-mps-100-ml","status":"publish","type":"product","link":"https:\/\/lenscare.hu\/en\/product\/renu-advanced-mps-100-ml\/","title":{"rendered":"ReNu Advanced MPS 100 ml"},"content":{"rendered":"","protected":false},"excerpt":{"rendered":"<p>A ReNu Advanced egy olyan modern \u00e9s multifunkcion\u00e1lis folyad\u00e9k, amely az \u00f6sszes l\u00e1gy lencs\u00e9hez haszn\u00e1lhat\u00f3. A h\u00e1rmas fert\u0151tlen\u00edt\u0151-rendszernek \u00e9s a koncentr\u00e1lt formul\u00e1nak h\u00e1la a vesz\u00e9lyes mikroorganizmusok 99,9%-\u00e1t elpuszt\u00edtja, \u00e9s \u00e1tfog\u00f3an megtiszt\u00edtja a lencs\u00e9t mind\u00f6ssze n\u00e9gy \u00f3ra alatt! Az optikai ipar egyik vezet\u0151 c\u00e9ge, a Bausch &#038; Lomb \u00e1ltal kifejlesztett term\u00e9k.<br \/>\nJav\u00edtja a lencse hidrat\u00e1ci\u00f3j\u00e1t &#8211; a magasfok\u00fa hidrat\u00e1l\u00f3 \u00f6sszetev\u0151kkel ell\u00e1tott formula \u00e1ltal a folyad\u00e9k vissza\u00e1ll\u00edtja a lencse optim\u00e1lis hidrat\u00e1ci\u00f3s szintj\u00e9t &#8211; ugyanarra a szintre, mint amikor a lencse felbont\u00e1sra ker\u00fclt.<br \/>\nL\u00e1gy \u00e9s rugalmas lencse &#8211; A ReNu Advanced rendszeres haszn\u00e1lata \u00e1ltal a lencse eg\u00e9sz napos l\u00e1gys\u00e1ga \u00e9s rugalmass\u00e1ga garant\u00e1lt.<br \/>\nModern \u00f6sszet\u00e9tel &#8211; a ReNu Advanced hat\u00e9kony \u00e9s gazdas\u00e1gos v\u00e1laszt\u00e1s. A koncentr\u00e1lt formula \u00e1ltal a k\u00edv\u00e1nt hat\u00e1s kisebb mennyis\u00e9g haszn\u00e1lata eset\u00e9n is el\u00e9rhet\u0151.<br \/>\nH\u00e1rmas fert\u0151tlen\u00edt\u0151-rendszer &#8211; a ReNu Advanced modern \u00e1pol\u00f3szer h\u00e1rmas fert\u0151tlen\u00edt\u0151-rendszerrel van ell\u00e1tva. Ennek k\u00f6sz\u00f6nhet\u0151en a nap folyam\u00e1n felhalmoz\u00f3d\u00f3 vesz\u00e9lyes szennyez\u0151d\u00e9sek \u00e9s mikroorganizmusok ak\u00e1r 99,9%-\u00e1t elt\u00e1vol\u00edtja.<br \/>\nTiszt\u00edt\u00e1s 4 \u00f3ra alatt &#8211; a gondosan kifejlesztett \u00f6sszet\u00e9telnek h\u00e1la, a k\u00e9sz\u00edtm\u00e9ny mind\u00f6ssze n\u00e9gy \u00f3ra alatt vissza\u00e1ll\u00edtja a lencse \u00e1llapot\u00e1t, \u00edgy \u00fajra biztons\u00e1gos \u00e9s k\u00e9nyelmes a visel\u00e9se.<br \/>\nBiztons\u00e1gos t\u00e1rol\u00e1s &#8211; p\u00e1r napig nem akar lencs\u00e9t viselni? T\u00f6ltse fel a t\u00e1rol\u00f3t egy adag friss folyad\u00e9kkal, \u00e9s m\u00e1r meg is van a biztons\u00e1gos k\u00f6rnyezet! Lencs\u00e9je szennyez\u0151d\u00e9sekt\u0151l mentes lesz, \u00e9s az \u00f6sszes \u00e9rt\u00e9kes tulajdons\u00e1ga meg\u0151rz\u00e9sre ker\u00fcl.<\/p>","protected":false},"featured_media":6047,"template":"","meta":[],"product_brand":[],"product_cat":[21],"product_tag":[],"class_list":{"0":"post-6017","1":"product","2":"type-product","3":"status-publish","4":"has-post-thumbnail","6":"product_cat-apoloszerek","7":"has-post-title","8":"has-post-date","9":"has-post-category","10":"has-post-tag","11":"has-post-comment","12":"has-post-author","13":"","15":"first","16":"instock","17":"taxable","18":"shipping-taxable","19":"purchasable","20":"product-type-simple"},"builder_content":"","_links":{"self":[{"href":"https:\/\/lenscare.hu\/en\/wp-json\/wp\/v2\/product\/6017","targetHints":{"allow":["GET"]}}],"collection":[{"href":"https:\/\/lenscare.hu\/en\/wp-json\/wp\/v2\/product"}],"about":[{"href":"https:\/\/lenscare.hu\/en\/wp-json\/wp\/v2\/types\/product"}],"wp:featuredmedia":[{"embeddable":true,"href":"https:\/\/lenscare.hu\/en\/wp-json\/wp\/v2\/media\/6047"}],"wp:attachment":[{"href":"https:\/\/lenscare.hu\/en\/wp-json\/wp\/v2\/media?parent=6017"}],"wp:term":[{"taxonomy":"product_brand","embeddable":true,"href":"https:\/\/lenscare.hu\/en\/wp-json\/wp\/v2\/product_brand?post=6017"},{"taxonomy":"product_cat","embeddable":true,"href":"https:\/\/lenscare.hu\/en\/wp-json\/wp\/v2\/product_cat?post=6017"},{"taxonomy":"product_tag","embeddable":true,"href":"https:\/\/lenscare.hu\/en\/wp-json\/wp\/v2\/product_tag?post=6017"}],"curies":[{"name":"wp","href":"https:\/\/api.w.org\/{rel}","templated":true}]}}