{"id":6013,"date":"2025-07-10T09:12:33","date_gmt":"2025-07-10T09:12:33","guid":{"rendered":"https:\/\/lenscare.hu\/?post_type=product&#038;p=6013"},"modified":"2025-07-24T14:44:51","modified_gmt":"2025-07-24T14:44:51","slug":"optifree-replenish-120-ml","status":"publish","type":"product","link":"https:\/\/lenscare.hu\/en\/product\/optifree-replenish-120-ml\/","title":{"rendered":"Optifree Replenish 120 ml"},"content":{"rendered":"","protected":false},"excerpt":{"rendered":"<p>OPTI-FREE Replenish t\u00f6bbfunkci\u00f3s fert\u0151tlen\u00edt\u0151 oldat a lencse tisztit\u00e1s\u00e1ra, le\u00f6bl\u00edt\u00e9s\u00e9re, fert\u0151tlen\u00edt\u00e9s\u00e9re \u00e9s t\u00e1rol\u00e1s\u00e1ra, valamint a lencse felsz\u00edn\u00e9nek helyre\u00e1ll\u00edt\u00e1s\u00e1ra szolg\u00e1l. Szilikon hidrog\u00e9l \u00e9s egy\u00e9b l\u00e1gy kontaktlencs\u00e9khez.<\/p>","protected":false},"featured_media":6043,"template":"","meta":[],"product_brand":[],"product_cat":[21],"product_tag":[],"class_list":{"0":"post-6013","1":"product","2":"type-product","3":"status-publish","4":"has-post-thumbnail","6":"product_cat-apoloszerek","7":"has-post-title","8":"has-post-date","9":"has-post-category","10":"has-post-tag","11":"has-post-comment","12":"has-post-author","13":"","15":"first","16":"instock","17":"taxable","18":"shipping-taxable","19":"purchasable","20":"product-type-simple"},"builder_content":"","_links":{"self":[{"href":"https:\/\/lenscare.hu\/en\/wp-json\/wp\/v2\/product\/6013","targetHints":{"allow":["GET"]}}],"collection":[{"href":"https:\/\/lenscare.hu\/en\/wp-json\/wp\/v2\/product"}],"about":[{"href":"https:\/\/lenscare.hu\/en\/wp-json\/wp\/v2\/types\/product"}],"wp:featuredmedia":[{"embeddable":true,"href":"https:\/\/lenscare.hu\/en\/wp-json\/wp\/v2\/media\/6043"}],"wp:attachment":[{"href":"https:\/\/lenscare.hu\/en\/wp-json\/wp\/v2\/media?parent=6013"}],"wp:term":[{"taxonomy":"product_brand","embeddable":true,"href":"https:\/\/lenscare.hu\/en\/wp-json\/wp\/v2\/product_brand?post=6013"},{"taxonomy":"product_cat","embeddable":true,"href":"https:\/\/lenscare.hu\/en\/wp-json\/wp\/v2\/product_cat?post=6013"},{"taxonomy":"product_tag","embeddable":true,"href":"https:\/\/lenscare.hu\/en\/wp-json\/wp\/v2\/product_tag?post=6013"}],"curies":[{"name":"wp","href":"https:\/\/api.w.org\/{rel}","templated":true}]}}