{"id":6006,"date":"2025-07-10T09:12:33","date_gmt":"2025-07-10T09:12:33","guid":{"rendered":"https:\/\/lenscare.hu\/?post_type=product&#038;p=6006"},"modified":"2025-07-24T14:38:01","modified_gmt":"2025-07-24T14:38:01","slug":"optifree-express-120-ml","status":"publish","type":"product","link":"https:\/\/lenscare.hu\/en\/product\/optifree-express-120-ml\/","title":{"rendered":"Optifree Express 120 ml"},"content":{"rendered":"","protected":false},"excerpt":{"rendered":"<p>OPTI-FREE\u00ae EXPRESS\u00ae t\u00f6bb funkci\u00f3s fert\u0151tlen\u00edt\u0151 oldat. NO RUB LASTING COMFORT FORMULA. Tiszt\u00edt, \u00f6bl\u00edt, fert\u0151tlen\u00edt. B\u00e1rmilyen l\u00e1gy kontaktlencs\u00e9hez \u2013 bele\u00e9rtve a szilikon-hidrog\u00e9l lencs\u00e9ket is. Tart\u00f3s k\u00e9nyelem eg\u00e9sz nap!<\/p>","protected":false},"featured_media":6036,"template":"","meta":[],"product_brand":[],"product_cat":[21],"product_tag":[],"class_list":{"0":"post-6006","1":"product","2":"type-product","3":"status-publish","4":"has-post-thumbnail","6":"product_cat-apoloszerek","7":"has-post-title","8":"has-post-date","9":"has-post-category","10":"has-post-tag","11":"has-post-comment","12":"has-post-author","13":"","15":"first","16":"instock","17":"taxable","18":"shipping-taxable","19":"purchasable","20":"product-type-simple"},"builder_content":"","_links":{"self":[{"href":"https:\/\/lenscare.hu\/en\/wp-json\/wp\/v2\/product\/6006","targetHints":{"allow":["GET"]}}],"collection":[{"href":"https:\/\/lenscare.hu\/en\/wp-json\/wp\/v2\/product"}],"about":[{"href":"https:\/\/lenscare.hu\/en\/wp-json\/wp\/v2\/types\/product"}],"wp:featuredmedia":[{"embeddable":true,"href":"https:\/\/lenscare.hu\/en\/wp-json\/wp\/v2\/media\/6036"}],"wp:attachment":[{"href":"https:\/\/lenscare.hu\/en\/wp-json\/wp\/v2\/media?parent=6006"}],"wp:term":[{"taxonomy":"product_brand","embeddable":true,"href":"https:\/\/lenscare.hu\/en\/wp-json\/wp\/v2\/product_brand?post=6006"},{"taxonomy":"product_cat","embeddable":true,"href":"https:\/\/lenscare.hu\/en\/wp-json\/wp\/v2\/product_cat?post=6006"},{"taxonomy":"product_tag","embeddable":true,"href":"https:\/\/lenscare.hu\/en\/wp-json\/wp\/v2\/product_tag?post=6006"}],"curies":[{"name":"wp","href":"https:\/\/api.w.org\/{rel}","templated":true}]}}