{"id":6004,"date":"2025-07-10T09:12:33","date_gmt":"2025-07-10T09:12:33","guid":{"rendered":"https:\/\/lenscare.hu\/?post_type=product&#038;p=6004"},"modified":"2025-09-02T15:49:28","modified_gmt":"2025-09-02T15:49:28","slug":"complete-revitalens-2-x-360-ml","status":"publish","type":"product","link":"https:\/\/lenscare.hu\/en\/product\/complete-revitalens-2-x-360-ml\/","title":{"rendered":"Complete RevitaLens 2 x 360 ml"},"content":{"rendered":"","protected":false},"excerpt":{"rendered":"<p>Az \u00faj COMPLETE<sup>\u00ae<\/sup>\u00a0RevitaLens MPDS kifejleszt\u00e9s\u00e9nek k\u00f6sz\u00f6nhet\u0151en magasabb fok\u00fa fert\u0151tlen\u00edt\u0151 hat\u00e1st tapasztalhat an\u00e9lk\u00fcl, hogy kompromisszumot kellene k\u00f6tnie a tiszt\u00edt\u00e1s \u00e9s k\u00e9nyelem ter\u00e9n.<\/p>","protected":false},"featured_media":6034,"template":"","meta":[],"product_brand":[],"product_cat":[21],"product_tag":[],"class_list":{"0":"post-6004","1":"product","2":"type-product","3":"status-publish","4":"has-post-thumbnail","6":"product_cat-apoloszerek","7":"has-post-title","8":"has-post-date","9":"has-post-category","10":"has-post-tag","11":"has-post-comment","12":"has-post-author","13":"","15":"first","16":"outofstock","17":"taxable","18":"shipping-taxable","19":"purchasable","20":"product-type-simple"},"builder_content":"","_links":{"self":[{"href":"https:\/\/lenscare.hu\/en\/wp-json\/wp\/v2\/product\/6004","targetHints":{"allow":["GET"]}}],"collection":[{"href":"https:\/\/lenscare.hu\/en\/wp-json\/wp\/v2\/product"}],"about":[{"href":"https:\/\/lenscare.hu\/en\/wp-json\/wp\/v2\/types\/product"}],"wp:featuredmedia":[{"embeddable":true,"href":"https:\/\/lenscare.hu\/en\/wp-json\/wp\/v2\/media\/6034"}],"wp:attachment":[{"href":"https:\/\/lenscare.hu\/en\/wp-json\/wp\/v2\/media?parent=6004"}],"wp:term":[{"taxonomy":"product_brand","embeddable":true,"href":"https:\/\/lenscare.hu\/en\/wp-json\/wp\/v2\/product_brand?post=6004"},{"taxonomy":"product_cat","embeddable":true,"href":"https:\/\/lenscare.hu\/en\/wp-json\/wp\/v2\/product_cat?post=6004"},{"taxonomy":"product_tag","embeddable":true,"href":"https:\/\/lenscare.hu\/en\/wp-json\/wp\/v2\/product_tag?post=6004"}],"curies":[{"name":"wp","href":"https:\/\/api.w.org\/{rel}","templated":true}]}}