{"id":6002,"date":"2025-07-10T09:12:33","date_gmt":"2025-07-10T09:12:33","guid":{"rendered":"https:\/\/lenscare.hu\/?post_type=product&#038;p=6002"},"modified":"2025-07-24T14:51:50","modified_gmt":"2025-07-24T14:51:50","slug":"boston-cleaner-30-ml","status":"publish","type":"product","link":"https:\/\/lenscare.hu\/en\/product\/boston-cleaner-30-ml\/","title":{"rendered":"Boston Cleaner 30 ml"},"content":{"rendered":"","protected":false},"excerpt":{"rendered":"<p>A Bausch &#038; Lomb Boston ADVANCE Cleaner napi haszn\u00e1lata megakad\u00e1lyozza, hogy a lencse felsz\u00edn\u00e9n olyan makacs lerak\u00f3d\u00e1s halmoz\u00f3djon fel, mely a g\u00e1z\u00e1tereszt\u0151 kem\u00e9ny kontaktlencse visel\u00e9si komfortj\u00e1nak cs\u00f6kken\u00e9s\u00e9t eredm\u00e9nyezi.<br \/>\nA term\u00e9k l\u00e1gy kontaktlencs\u00e9vel nem haszn\u00e1lhat\u00f3! E term\u00e9ket kifejezetten a Bausch &#038; Lomb Boston ADVANCE Comfort Formula Conditioning Solution \u00e1pol\u00f3szerrel t\u00f6rt\u00e9n\u0151 egy\u00fcttes haszn\u00e1latra tervezt\u00e9k.<br \/>\nA Boston Advance Comfort Formula Conditioning System a legjobb megold\u00e1s a g\u00e1z\u00e1tereszt\u0151 lencs\u00e9k k\u00e9tf\u00e1zis\u00fa tiszt\u00edt\u00e1s\u00e1hoz \u00e9s fert\u0151tlen\u00edt\u00e9s\u00e9hez.<br \/>\nA Boston Advance Conditioner \u00e9s a Boston Advance Cleaner egy\u00fcttes haszn\u00e1lata k\u00f6nnyen \u00e9s egyszer\u0171en biztos\u00edtja a kontaktlencs\u00e9k biztons\u00e1gos \u00e9s komfortos haszn\u00e1lat\u00e1t.<\/p>","protected":false},"featured_media":6032,"template":"","meta":[],"product_brand":[],"product_cat":[21],"product_tag":[],"class_list":{"0":"post-6002","1":"product","2":"type-product","3":"status-publish","4":"has-post-thumbnail","6":"product_cat-apoloszerek","7":"has-post-title","8":"has-post-date","9":"has-post-category","10":"has-post-tag","11":"has-post-comment","12":"has-post-author","13":"","15":"first","16":"instock","17":"taxable","18":"shipping-taxable","19":"purchasable","20":"product-type-simple"},"builder_content":"","_links":{"self":[{"href":"https:\/\/lenscare.hu\/en\/wp-json\/wp\/v2\/product\/6002","targetHints":{"allow":["GET"]}}],"collection":[{"href":"https:\/\/lenscare.hu\/en\/wp-json\/wp\/v2\/product"}],"about":[{"href":"https:\/\/lenscare.hu\/en\/wp-json\/wp\/v2\/types\/product"}],"wp:featuredmedia":[{"embeddable":true,"href":"https:\/\/lenscare.hu\/en\/wp-json\/wp\/v2\/media\/6032"}],"wp:attachment":[{"href":"https:\/\/lenscare.hu\/en\/wp-json\/wp\/v2\/media?parent=6002"}],"wp:term":[{"taxonomy":"product_brand","embeddable":true,"href":"https:\/\/lenscare.hu\/en\/wp-json\/wp\/v2\/product_brand?post=6002"},{"taxonomy":"product_cat","embeddable":true,"href":"https:\/\/lenscare.hu\/en\/wp-json\/wp\/v2\/product_cat?post=6002"},{"taxonomy":"product_tag","embeddable":true,"href":"https:\/\/lenscare.hu\/en\/wp-json\/wp\/v2\/product_tag?post=6002"}],"curies":[{"name":"wp","href":"https:\/\/api.w.org\/{rel}","templated":true}]}}