{"id":6001,"date":"2025-07-10T09:12:33","date_gmt":"2025-07-10T09:12:33","guid":{"rendered":"https:\/\/lenscare.hu\/?post_type=product&#038;p=6001"},"modified":"2025-07-24T14:49:36","modified_gmt":"2025-07-24T14:49:36","slug":"boston-advance-conditioner-120-ml","status":"publish","type":"product","link":"https:\/\/lenscare.hu\/en\/product\/boston-advance-conditioner-120-ml\/","title":{"rendered":"Boston Advance Conditioner 120 ml"},"content":{"rendered":"","protected":false},"excerpt":{"rendered":"<p>A term\u00e9k l\u00e1gy kontaktlencs\u00e9vel nem haszn\u00e1lhat\u00f3! Szemeivel \u00e9lettanilag kompatibilis, szabadalmaztatott Multi-polimer comfort rendszert tartalmaz.<br \/>\nA lencse felsz\u00edn\u00e9n bevonatot k\u00e9pezve, azokat a szemre val\u00f3 felhelyez\u00e9st\u0151l kezdve kip\u00e1rn\u00e1zza, a lencs\u00e9k nedvesed\u00e9s\u00e9t eg\u00e9sz napon \u00e1t fokozottan fenntartja.<br \/>\nCs\u00f6kkenti a cornea \u00e9s a szemh\u00e9jak okozta kid\u00f6rzs\u00f6l\u0151d\u00e9st, mik\u00f6zben a lencs\u00e9k felsz\u00edn\u00e9r\u0151l elt\u00e1vol\u00edtja az irrit\u00e1ci\u00f3t \u00e9s diszkomfortot okoz\u00f3 idegen-testeket.<br \/>\nOptimaliz\u00e1lt tart\u00f3s\u00edt\u00f3 rendszere seg\u00edt szemeit megv\u00e9deni a k\u00e1ros organizmusokt\u00f3l.<\/p>","protected":false},"featured_media":6031,"template":"","meta":[],"product_brand":[],"product_cat":[21],"product_tag":[],"class_list":{"0":"post-6001","1":"product","2":"type-product","3":"status-publish","4":"has-post-thumbnail","6":"product_cat-apoloszerek","7":"has-post-title","8":"has-post-date","9":"has-post-category","10":"has-post-tag","11":"has-post-comment","12":"has-post-author","13":"","15":"first","16":"instock","17":"taxable","18":"shipping-taxable","19":"purchasable","20":"product-type-simple"},"builder_content":"","_links":{"self":[{"href":"https:\/\/lenscare.hu\/en\/wp-json\/wp\/v2\/product\/6001","targetHints":{"allow":["GET"]}}],"collection":[{"href":"https:\/\/lenscare.hu\/en\/wp-json\/wp\/v2\/product"}],"about":[{"href":"https:\/\/lenscare.hu\/en\/wp-json\/wp\/v2\/types\/product"}],"wp:featuredmedia":[{"embeddable":true,"href":"https:\/\/lenscare.hu\/en\/wp-json\/wp\/v2\/media\/6031"}],"wp:attachment":[{"href":"https:\/\/lenscare.hu\/en\/wp-json\/wp\/v2\/media?parent=6001"}],"wp:term":[{"taxonomy":"product_brand","embeddable":true,"href":"https:\/\/lenscare.hu\/en\/wp-json\/wp\/v2\/product_brand?post=6001"},{"taxonomy":"product_cat","embeddable":true,"href":"https:\/\/lenscare.hu\/en\/wp-json\/wp\/v2\/product_cat?post=6001"},{"taxonomy":"product_tag","embeddable":true,"href":"https:\/\/lenscare.hu\/en\/wp-json\/wp\/v2\/product_tag?post=6001"}],"curies":[{"name":"wp","href":"https:\/\/api.w.org\/{rel}","templated":true}]}}