{"id":5996,"date":"2025-07-10T09:12:33","date_gmt":"2025-07-10T09:12:33","guid":{"rendered":"https:\/\/lenscare.hu\/?post_type=product&#038;p=5996"},"modified":"2025-08-21T15:25:54","modified_gmt":"2025-08-21T15:25:54","slug":"aosept-plus-with-hydraglyde-360-ml","status":"publish","type":"product","link":"https:\/\/lenscare.hu\/en\/product\/aosept-plus-with-hydraglyde-360-ml\/","title":{"rendered":"Aosept Plus With HydraGlyde 360 ml"},"content":{"rendered":"","protected":false},"excerpt":{"rendered":"<p><b>EZ AZ \u00c1POL\u00d3SZER PEROXIDOT TARTALMAZ. K\u00c9RJ\u00dcK K\u00d6VESSE A HASZN\u00c1LATI \u00daTMUTAT\u00d3T!<\/b><br \/>\nAz Aosept Plus HydraGlyde\u00ae peroxid alap\u00fa kontaktlencse folyad\u00e9k, ami minden t\u00edpus\u00fa kontaktlencse fert\u0151tlen\u00edt\u00e9s\u00e9re kiv\u00e1l\u00f3 (kiv\u00e9ve sz\u00ednes kontaktlencs\u00e9k). A HydraGlyde\u00ae nedves\u00edt\u0151 k\u00f6zeg a kontaktlencs\u00e9ket megfelel\u0151 nedvess\u00e9ggel l\u00e1tja el a kontaktlencs\u00e9k visel\u00e9s\u00e9nek ideje alatt. Az \u00e1pol\u00f3szerhez egy speci\u00e1lis tok is j\u00e1r, amely AODISC kataliz\u00e1tort tartalmaz. Ez a kataliz\u00e1tor a hat\u00e9kony kontaktlencse tiszt\u00edt\u00e1shoz sz\u00fcks\u00e9ges. Ezt a t\u00edpus\u00fa kontaktlencse folyad\u00e9kot ne haszn\u00e1lja m\u00e1sik tokkal, csak a csomagol\u00e1shoz j\u00e1r\u00f3 kataliz\u00e1torral!<\/p>","protected":false},"featured_media":6026,"template":"","meta":[],"product_brand":[],"product_cat":[21],"product_tag":[],"class_list":{"0":"post-5996","1":"product","2":"type-product","3":"status-publish","4":"has-post-thumbnail","6":"product_cat-apoloszerek","7":"has-post-title","8":"has-post-date","9":"has-post-category","10":"has-post-tag","11":"has-post-comment","12":"has-post-author","13":"","15":"first","16":"instock","17":"taxable","18":"shipping-taxable","19":"purchasable","20":"product-type-simple"},"builder_content":"","_links":{"self":[{"href":"https:\/\/lenscare.hu\/en\/wp-json\/wp\/v2\/product\/5996","targetHints":{"allow":["GET"]}}],"collection":[{"href":"https:\/\/lenscare.hu\/en\/wp-json\/wp\/v2\/product"}],"about":[{"href":"https:\/\/lenscare.hu\/en\/wp-json\/wp\/v2\/types\/product"}],"wp:featuredmedia":[{"embeddable":true,"href":"https:\/\/lenscare.hu\/en\/wp-json\/wp\/v2\/media\/6026"}],"wp:attachment":[{"href":"https:\/\/lenscare.hu\/en\/wp-json\/wp\/v2\/media?parent=5996"}],"wp:term":[{"taxonomy":"product_brand","embeddable":true,"href":"https:\/\/lenscare.hu\/en\/wp-json\/wp\/v2\/product_brand?post=5996"},{"taxonomy":"product_cat","embeddable":true,"href":"https:\/\/lenscare.hu\/en\/wp-json\/wp\/v2\/product_cat?post=5996"},{"taxonomy":"product_tag","embeddable":true,"href":"https:\/\/lenscare.hu\/en\/wp-json\/wp\/v2\/product_tag?post=5996"}],"curies":[{"name":"wp","href":"https:\/\/api.w.org\/{rel}","templated":true}]}}