{"id":5994,"date":"2025-07-10T09:12:33","date_gmt":"2025-07-10T09:12:33","guid":{"rendered":"https:\/\/lenscare.hu\/?post_type=product&#038;p=5994"},"modified":"2025-07-24T14:40:45","modified_gmt":"2025-07-24T14:40:45","slug":"acuvue-revitalens-360-ml","status":"publish","type":"product","link":"https:\/\/lenscare.hu\/en\/product\/acuvue-revitalens-360-ml\/","title":{"rendered":"Acuvue RevitaLens 360 ml"},"content":{"rendered":"","protected":false},"excerpt":{"rendered":"<p>Ez az \u00e1pol\u00f3szer k\u00e9nyelmess\u00e9 teszi \u00e9s tiszt\u00edtja a lencs\u00e9ket, kiv\u00e9teles fert\u0151tlen\u00edt\u00e9st ny\u00fajtva.\u00a0<strong>Minden l\u00e1gy t\u00edpus\u00fa kontaktlencs\u00e9vel<\/strong>\u00a0haszn\u00e1lhat\u00f3.<\/p>","protected":false},"featured_media":6024,"template":"","meta":[],"product_brand":[],"product_cat":[21],"product_tag":[],"class_list":{"0":"post-5994","1":"product","2":"type-product","3":"status-publish","4":"has-post-thumbnail","6":"product_cat-apoloszerek","7":"has-post-title","8":"has-post-date","9":"has-post-category","10":"has-post-tag","11":"has-post-comment","12":"has-post-author","13":"","15":"first","16":"instock","17":"taxable","18":"shipping-taxable","19":"purchasable","20":"product-type-simple"},"builder_content":"","_links":{"self":[{"href":"https:\/\/lenscare.hu\/en\/wp-json\/wp\/v2\/product\/5994","targetHints":{"allow":["GET"]}}],"collection":[{"href":"https:\/\/lenscare.hu\/en\/wp-json\/wp\/v2\/product"}],"about":[{"href":"https:\/\/lenscare.hu\/en\/wp-json\/wp\/v2\/types\/product"}],"wp:featuredmedia":[{"embeddable":true,"href":"https:\/\/lenscare.hu\/en\/wp-json\/wp\/v2\/media\/6024"}],"wp:attachment":[{"href":"https:\/\/lenscare.hu\/en\/wp-json\/wp\/v2\/media?parent=5994"}],"wp:term":[{"taxonomy":"product_brand","embeddable":true,"href":"https:\/\/lenscare.hu\/en\/wp-json\/wp\/v2\/product_brand?post=5994"},{"taxonomy":"product_cat","embeddable":true,"href":"https:\/\/lenscare.hu\/en\/wp-json\/wp\/v2\/product_cat?post=5994"},{"taxonomy":"product_tag","embeddable":true,"href":"https:\/\/lenscare.hu\/en\/wp-json\/wp\/v2\/product_tag?post=5994"}],"curies":[{"name":"wp","href":"https:\/\/api.w.org\/{rel}","templated":true}]}}